{"id":139983,"date":"2025-10-15T09:32:36","date_gmt":"2025-10-15T06:32:36","guid":{"rendered":"https:\/\/store.evolve-fitness.eu\/product\/sentadilla-y-elevacion-de-pantorrillas-con-placa-evolve-econ-series-ec-210\/"},"modified":"2025-10-15T09:32:36","modified_gmt":"2025-10-15T09:32:36","slug":"sentadilla-y-elevacion-de-pantorrillas-con-placa-evolve-econ-series-ec-210","status":"publish","type":"product","link":"https:\/\/store.evolve-fitness.eu\/es\/producto\/sentadilla-y-elevacion-de-pantorrillas-con-placa-evolve-econ-series-ec-210\/","title":{"rendered":"Sentadilla y elevaci\u00f3n de pantorrillas con placa Evolve Econ Series (EC-210)"},"content":{"rendered":"","protected":false},"excerpt":{"rendered":"<p>La Sentadilla y Elevaci\u00f3n de Pantorrillas con Placa Evolve Econ Series est\u00e1 dise\u00f1ada para fortalecer la parte inferior del cuerpo, centr\u00e1ndose en los cu\u00e1driceps, gl\u00fateos, isquiotibiales y pantorrillas mediante movimientos suaves y controlados. Su sistema de placas permite un ajuste preciso de la resistencia, mientras que las hombreras ergon\u00f3micas y la plataforma para los pies garantizan comodidad y estabilidad. Construida para durar y soportar un uso intensivo, es una opci\u00f3n excelente para entornos de entrenamiento de fuerza tanto comerciales como profesionales.  <\/p>\n","protected":false},"featured_media":139996,"template":"","meta":{"_acf_changed":false,"inline_featured_image":false},"product_cat":[754,1179],"product_tag":[],"class_list":{"0":"post-139983","1":"product","2":"type-product","3":"status-publish","4":"has-post-thumbnail","6":"product_cat-maquinas-de-carga-de-placas","7":"product_cat-econ-series-placa-cargada","9":"first","10":"instock","11":"shipping-taxable","12":"purchasable","13":"product-type-simple"},"acf":[],"_links":{"self":[{"href":"https:\/\/store.evolve-fitness.eu\/es\/wp-json\/wp\/v2\/product\/139983","targetHints":{"allow":["GET"]}}],"collection":[{"href":"https:\/\/store.evolve-fitness.eu\/es\/wp-json\/wp\/v2\/product"}],"about":[{"href":"https:\/\/store.evolve-fitness.eu\/es\/wp-json\/wp\/v2\/types\/product"}],"wp:featuredmedia":[{"embeddable":true,"href":"https:\/\/store.evolve-fitness.eu\/es\/wp-json\/wp\/v2\/media\/139996"}],"wp:attachment":[{"href":"https:\/\/store.evolve-fitness.eu\/es\/wp-json\/wp\/v2\/media?parent=139983"}],"wp:term":[{"taxonomy":"product_cat","embeddable":true,"href":"https:\/\/store.evolve-fitness.eu\/es\/wp-json\/wp\/v2\/product_cat?post=139983"},{"taxonomy":"product_tag","embeddable":true,"href":"https:\/\/store.evolve-fitness.eu\/es\/wp-json\/wp\/v2\/product_tag?post=139983"}],"curies":[{"name":"wp","href":"https:\/\/api.w.org\/{rel}","templated":true}]}}