{"id":139632,"date":"2025-10-15T09:37:07","date_gmt":"2025-10-15T06:37:07","guid":{"rendered":"https:\/\/store.evolve-fitness.eu\/product\/sentadilla-y-prensa-de-piernas-con-placa-evolve-econ-series-ec-220\/"},"modified":"2025-10-15T09:37:07","modified_gmt":"2025-10-15T09:37:07","slug":"sentadilla-y-prensa-de-piernas-con-placa-evolve-econ-series-ec-220","status":"publish","type":"product","link":"https:\/\/store.evolve-fitness.eu\/es\/producto\/sentadilla-y-prensa-de-piernas-con-placa-evolve-econ-series-ec-220\/","title":{"rendered":"Sentadilla y prensa de piernas con placa Evolve Econ Series (EC-220)"},"content":{"rendered":"","protected":false},"excerpt":{"rendered":"<p>La Sentadilla y Prensa de Piernas con Placas Evolve Econ Series combina dos ejercicios esenciales para la parte inferior del cuerpo en una m\u00e1quina vers\u00e1til, dirigida a los cu\u00e1driceps, isquiotibiales y gl\u00fateos con precisi\u00f3n y control. Su sistema de placas proporciona una resistencia suave y ajustable, mientras que el dise\u00f1o ergon\u00f3mico del respaldo y el reposapi\u00e9s garantizan la comodidad y una alineaci\u00f3n adecuada. Construido con materiales resistentes para una durabilidad a largo plazo, es ideal para entornos de gimnasios comerciales y profesionales que buscan un rendimiento que ocupe poco espacio.  <\/p>\n","protected":false},"featured_media":139641,"template":"","meta":{"_acf_changed":false,"inline_featured_image":false},"product_cat":[754,1179],"product_tag":[],"class_list":{"0":"post-139632","1":"product","2":"type-product","3":"status-publish","4":"has-post-thumbnail","6":"product_cat-maquinas-de-carga-de-placas","7":"product_cat-econ-series-placa-cargada","9":"first","10":"instock","11":"shipping-taxable","12":"purchasable","13":"product-type-simple"},"acf":[],"_links":{"self":[{"href":"https:\/\/store.evolve-fitness.eu\/es\/wp-json\/wp\/v2\/product\/139632","targetHints":{"allow":["GET"]}}],"collection":[{"href":"https:\/\/store.evolve-fitness.eu\/es\/wp-json\/wp\/v2\/product"}],"about":[{"href":"https:\/\/store.evolve-fitness.eu\/es\/wp-json\/wp\/v2\/types\/product"}],"wp:featuredmedia":[{"embeddable":true,"href":"https:\/\/store.evolve-fitness.eu\/es\/wp-json\/wp\/v2\/media\/139641"}],"wp:attachment":[{"href":"https:\/\/store.evolve-fitness.eu\/es\/wp-json\/wp\/v2\/media?parent=139632"}],"wp:term":[{"taxonomy":"product_cat","embeddable":true,"href":"https:\/\/store.evolve-fitness.eu\/es\/wp-json\/wp\/v2\/product_cat?post=139632"},{"taxonomy":"product_tag","embeddable":true,"href":"https:\/\/store.evolve-fitness.eu\/es\/wp-json\/wp\/v2\/product_tag?post=139632"}],"curies":[{"name":"wp","href":"https:\/\/api.w.org\/{rel}","templated":true}]}}