{"id":139283,"date":"2025-10-15T10:10:33","date_gmt":"2025-10-15T07:10:33","guid":{"rendered":"https:\/\/store.evolve-fitness.eu\/product\/evolve-econ-series-maquina-de-smith-y-media-cremallera-con-placas-ec-230\/"},"modified":"2025-10-15T10:10:33","modified_gmt":"2025-10-15T10:10:33","slug":"evolve-econ-series-maquina-de-smith-y-media-cremallera-con-placas-ec-230","status":"publish","type":"product","link":"https:\/\/store.evolve-fitness.eu\/es\/producto\/evolve-econ-series-maquina-de-smith-y-media-cremallera-con-placas-ec-230\/","title":{"rendered":"Evolve Econ Series M\u00e1quina de Smith y Media Cremallera con Placas (EC-230)"},"content":{"rendered":"","protected":false},"excerpt":{"rendered":"<p>La media estanter\u00eda y m\u00e1quina Smith con carga de placas Evolve Econ Series (EC-230) es una estaci\u00f3n de entrenamiento de fuerza multifuncional dise\u00f1ada para una completa versatilidad de entrenamiento. Combina la estabilidad de una m\u00e1quina Smith con la libertad de una media estanter\u00eda, lo que permite realizar ejercicios con barra de forma segura y controlada. Construida con un armaz\u00f3n duradero y una resistencia suave cargada con placas, es ideal para entornos de gimnasio comerciales y profesionales.  <\/p>\n","protected":false},"featured_media":139313,"template":"","meta":{"_acf_changed":false,"inline_featured_image":false},"product_cat":[754,1179],"product_tag":[],"class_list":{"0":"post-139283","1":"product","2":"type-product","3":"status-publish","4":"has-post-thumbnail","6":"product_cat-maquinas-de-carga-de-placas","7":"product_cat-econ-series-placa-cargada","9":"first","10":"instock","11":"shipping-taxable","12":"purchasable","13":"product-type-simple"},"acf":[],"_links":{"self":[{"href":"https:\/\/store.evolve-fitness.eu\/es\/wp-json\/wp\/v2\/product\/139283","targetHints":{"allow":["GET"]}}],"collection":[{"href":"https:\/\/store.evolve-fitness.eu\/es\/wp-json\/wp\/v2\/product"}],"about":[{"href":"https:\/\/store.evolve-fitness.eu\/es\/wp-json\/wp\/v2\/types\/product"}],"wp:featuredmedia":[{"embeddable":true,"href":"https:\/\/store.evolve-fitness.eu\/es\/wp-json\/wp\/v2\/media\/139313"}],"wp:attachment":[{"href":"https:\/\/store.evolve-fitness.eu\/es\/wp-json\/wp\/v2\/media?parent=139283"}],"wp:term":[{"taxonomy":"product_cat","embeddable":true,"href":"https:\/\/store.evolve-fitness.eu\/es\/wp-json\/wp\/v2\/product_cat?post=139283"},{"taxonomy":"product_tag","embeddable":true,"href":"https:\/\/store.evolve-fitness.eu\/es\/wp-json\/wp\/v2\/product_tag?post=139283"}],"curies":[{"name":"wp","href":"https:\/\/api.w.org\/{rel}","templated":true}]}}