{"id":139027,"date":"2025-09-19T10:53:24","date_gmt":"2025-09-19T10:53:24","guid":{"rendered":"https:\/\/store.evolve-fitness.eu\/product\/cinta-de-correr-evolve-con-consola-tft-de-238-pulgadas\/"},"modified":"2026-04-02T12:00:46","modified_gmt":"2026-04-02T12:00:46","slug":"cinta-de-correr-evolve-con-consola-tft-de-238-pulgadas","status":"publish","type":"product","link":"https:\/\/store.evolve-fitness.eu\/es\/producto\/cinta-de-correr-evolve-con-consola-tft-de-238-pulgadas\/","title":{"rendered":"Cinta de correr Evolve con consola TFT de 23,8 pulgadas"},"content":{"rendered":"\n<section class=\"wp-block-group alignfull black-content has-white-color has-darkgray-background-color has-text-color has-background is-layout-constrained wp-block-group-is-layout-constrained\" style=\"padding-top:var(--wp--preset--spacing--section-bottom);padding-bottom:var(--wp--preset--spacing--section-bottom)\">\n<div class=\"wp-block-columns alignwide is-layout-flex wp-container-core-columns-is-layout-c45ee707 wp-block-columns-is-layout-flex\" style=\"margin-bottom:var(--wp--preset--spacing--side-padding);padding-top:var(--wp--preset--spacing--side-padding)\">\n<div class=\"wp-block-column is-vertically-aligned-center is-layout-flow wp-block-column-is-layout-flow\">\n<figure class=\"wp-block-image size-full is-style-rounded\"><img decoding=\"async\" src=\"https:\/\/evolve-fitness.eu\/wp-content\/uploads\/2025\/08\/Dizainas-be-pavadinimo-18.png\" alt=\"\" class=\"wp-image-204321\"\/><\/figure>\n<\/div>\n\n\n\n<div class=\"wp-block-column is-vertically-aligned-center is-layout-flow wp-block-column-is-layout-flow\">\n<h3 class=\"wp-block-heading\" style=\"margin-bottom:var(--wp--preset--spacing--h-3-bottom)\"><strong><strong>Rendimiento y seguridad<\/strong><\/strong><\/h3>\n\n\n\n<p style=\"margin-bottom:var(--wp--preset--spacing--tb-section-padding)\">Con un rango de velocidad de <strong>1,0-20 km\/h<\/strong> y un rango de inclinaci\u00f3n <strong>de 0-15%<\/strong>, la consola admite desde paseos ligeros hasta carreras intensas. Los sistemas de seguridad incorporados incluyen protecci\u00f3n contra sobrecarga y sobrecorriente, salvaguardias antivelocidad y funciones antiinterferencias electromagn\u00e9ticas. <\/p>\n<\/div>\n<\/div>\n\n\n\n<div class=\"wp-block-columns alignwide are-vertically-aligned-center mobile-reverse is-layout-flex wp-container-core-columns-is-layout-e8158c2f wp-block-columns-is-layout-flex\" style=\"padding-top:var(--wp--preset--spacing--side-padding)\">\n<div class=\"wp-block-column is-vertically-aligned-center is-layout-flow wp-block-column-is-layout-flow\">\n<h3 class=\"wp-block-heading\" style=\"margin-bottom:var(--wp--preset--spacing--h-3-bottom)\"><strong><strong><strong><strong><strong><strong><strong><strong><strong>Carga inal\u00e1mbrica de tel\u00e9fonos m\u00f3viles<\/strong><\/strong><\/strong><\/strong><\/strong><\/strong><\/strong><\/strong><\/strong>     <\/h3>\n\n\n\n<p style=\"margin-bottom:var(--wp--preset--spacing--tb-section-padding)\">Mantente conectado y cargado durante tu jornada de fitness con la cinta de correr Evolve con consola TFT de 23,8 pulgadas y la innovadora funci\u00f3n de carga inal\u00e1mbrica de tel\u00e9fonos m\u00f3viles. Mientras superas tus l\u00edmites en la cinta de correr, mant\u00e9n tu dispositivo m\u00f3vil encendido sin esfuerzo. Esta incorporaci\u00f3n de \u00faltima generaci\u00f3n garantiza que tus entrenamientos no se vean interrumpidos, permiti\u00e9ndote disfrutar de tus aplicaciones, canciones y contenidos favoritos mientras mantienes tu dispositivo listo para la acci\u00f3n. Experimenta la fusi\u00f3n de fitness y tecnolog\u00eda mientras cargas tu tel\u00e9fono de forma inal\u00e1mbrica, redefiniendo la comodidad para los entusiastas del fitness moderno.<\/p>\n<\/div>\n\n\n\n<div class=\"wp-block-column is-vertically-aligned-center is-layout-flow wp-block-column-is-layout-flow\">\n<figure class=\"wp-block-image size-large is-style-rounded\"><img decoding=\"async\" src=\"https:\/\/evolve-fitness.eu\/wp-content\/uploads\/2025\/08\/EV-TM-HT-300-TFT-1-1024x1024.png\" alt=\"\" class=\"wp-image-204959\"\/><\/figure>\n<\/div>\n<\/div>\n<\/section>\n\n<section class=\"wp-block-group alignfull black-content has-white-color has-darkgray-background-color has-text-color has-background is-layout-constrained wp-block-group-is-layout-constrained\" style=\"padding-top:var(--wp--preset--spacing--section-bottom);padding-bottom:var(--wp--preset--spacing--section-bottom)\">\n<div class=\"wp-block-columns alignwide is-layout-flex wp-container-core-columns-is-layout-c45ee707 wp-block-columns-is-layout-flex\" style=\"margin-bottom:var(--wp--preset--spacing--side-padding);padding-top:var(--wp--preset--spacing--side-padding)\">\n<div class=\"wp-block-column is-vertically-aligned-center is-layout-flow wp-block-column-is-layout-flow\">\n<figure class=\"wp-block-image size-full is-style-rounded\"><img decoding=\"async\" src=\"https:\/\/evolve-fitness.eu\/wp-content\/uploads\/2025\/08\/Dizainas-be-pavadinimo-23-scaled.png\" alt=\"\" class=\"wp-image-205036\"\/><\/figure>\n<\/div>\n\n\n\n<div class=\"wp-block-column is-vertically-aligned-center is-layout-flow wp-block-column-is-layout-flow\">\n<h3 class=\"wp-block-heading\" style=\"margin-bottom:var(--wp--preset--spacing--h-3-bottom)\"><strong><strong><strong>Entretenimiento y conectividad inteligentes<\/strong><\/strong><\/strong><\/h3>\n\n\n\n<p style=\"margin-bottom:var(--wp--preset--spacing--tb-section-padding)\">Disfruta de tus entrenamientos con las funciones de entretenimiento y conectividad integradas. Accede a aplicaciones como <strong>YouTube, Netflix, Spotify, TikTok, Chrome, Instagram y Facebook<\/strong>, con\u00e9ctate a Wi-Fi o empareja dispositivos mediante Bluetooth para monitorizar la frecuencia cardiaca y lograr una integraci\u00f3n perfecta. <br\/><\/p>\n<\/div>\n<\/div>\n<\/section>\n\n<section class=\"wp-block-group alignfull black-content has-white-color has-darkgray-background-color has-text-color has-background is-layout-constrained wp-block-group-is-layout-constrained\" style=\"padding-top:var(--wp--preset--spacing--section-bottom);padding-bottom:var(--wp--preset--spacing--section-bottom)\">\n<div class=\"wp-block-columns alignwide are-vertically-aligned-center mobile-reverse is-layout-flex wp-container-core-columns-is-layout-e8158c2f wp-block-columns-is-layout-flex\" style=\"padding-top:var(--wp--preset--spacing--side-padding)\">\n<div class=\"wp-block-column is-vertically-aligned-center is-layout-flow wp-block-column-is-layout-flow\">\n<h3 class=\"wp-block-heading\" style=\"margin-bottom:var(--wp--preset--spacing--h-3-bottom)\"><strong><strong><strong><strong><strong><strong><strong><strong><strong>Consola &#8211; Entrenamiento inteligente, entretenimiento sin fin<\/strong><\/strong><\/strong><\/strong><\/strong><\/strong><\/strong><\/strong><\/strong><\/h3>\n\n\n\n<p style=\"margin-bottom:var(--wp--preset--spacing--tb-section-padding)\">La <strong>consola TFT de 23,8 pulgadas<\/strong> con resoluci\u00f3n de 1504 \u00d7 2560 px combina funciones avanzadas de entrenamiento con conectividad y multimedia sin fisuras. Los usuarios pueden elegir entre <g id=\"gid_1\">los modos Inicio r\u00e1pido, Programa, Objetivo (tiempo, distancia, calor\u00edas, FC, IMC) y Escena real<\/g> para una experiencia de entrenamiento personalizada. Equipado con <strong>Android 12<\/strong>, <strong>2 GB de RAM<\/strong> y <strong>8 GB de almacenamiento (3 GB libres)<\/strong>, es compatible con <strong>Wi-Fi<\/strong>, <strong>Bluetooth<\/strong> (para monitores de FC y dispositivos inteligentes) e <strong>inicio de sesi\u00f3n con cuenta de usuario<\/strong>.    <\/p>\n<\/div>\n\n\n\n<div class=\"wp-block-column is-vertically-aligned-center is-layout-flow wp-block-column-is-layout-flow\">\n<figure class=\"wp-block-image size-large is-style-rounded\"><img decoding=\"async\" src=\"https:\/\/evolve-fitness.eu\/wp-content\/uploads\/2025\/08\/EV-TM-HT-300-TFT-1-1024x1024.png\" alt=\"\" class=\"wp-image-204959\"\/><\/figure>\n<\/div>\n<\/div>\n<\/section>\n\n<section class=\"wp-block-group alignfull black-content has-white-color has-darkgray-background-color has-text-color has-background is-layout-constrained wp-block-group-is-layout-constrained\" style=\"padding-top:var(--wp--preset--spacing--section-bottom);padding-bottom:var(--wp--preset--spacing--section-bottom)\">\n<div class=\"wp-block-columns alignwide is-layout-flex wp-container-core-columns-is-layout-c45ee707 wp-block-columns-is-layout-flex\" style=\"margin-bottom:var(--wp--preset--spacing--side-padding);padding-top:var(--wp--preset--spacing--side-padding)\">\n<div class=\"wp-block-column is-vertically-aligned-center is-layout-flow wp-block-column-is-layout-flow\">\n<figure class=\"wp-block-image size-full is-style-rounded\"><img decoding=\"async\" src=\"https:\/\/evolve-fitness.eu\/wp-content\/uploads\/2025\/08\/300TFT-scaled.png\" alt=\"\" class=\"wp-image-206158\"\/><\/figure>\n<\/div>\n\n\n\n<div class=\"wp-block-column is-vertically-aligned-center is-layout-flow wp-block-column-is-layout-flow\">\n<h3 class=\"wp-block-heading\" style=\"margin-bottom:var(--wp--preset--spacing--h-3-bottom)\"><strong><strong><strong><strong><strong><strong>Plegable y ahorra espacio<\/strong><\/strong><\/strong><\/strong><\/strong><\/strong><\/h3>\n\n\n\n<p style=\"margin-bottom:var(--wp--preset--spacing--tb-section-padding)\">Despu\u00e9s de cada entrenamiento, pliegue sin esfuerzo la cinta de correr y trasl\u00e1dela a otro lugar utilizando las ruedas de transporte incorporadas. Es una soluci\u00f3n pr\u00e1ctica que ahorra espacio y encaja perfectamente en cualquier gimnasio dom\u00e9stico.<\/p>\n<\/div>\n<\/div>\n\n\n\n<section class=\"wp-block-group alignfull black-content has-white-color has-darkgray-background-color has-text-color has-background is-layout-constrained wp-block-group-is-layout-constrained\" style=\"padding-top:var(--wp--preset--spacing--section-bottom);padding-bottom:var(--wp--preset--spacing--section-bottom)\">\n<div class=\"wp-block-columns alignwide are-vertically-aligned-center is-layout-flex wp-container-core-columns-is-layout-e8158c2f wp-block-columns-is-layout-flex\" style=\"padding-top:var(--wp--preset--spacing--side-padding)\">\n<div class=\"wp-block-column is-vertically-aligned-center is-layout-flow wp-block-column-is-layout-flow\">\n<figure class=\"wp-block-image aligncenter size-full is-style-rounded\"><img decoding=\"async\" src=\"https:\/\/evolve-fitness.eu\/wp-content\/uploads\/2023\/08\/EV-HT-350-LED-7.jpg\" alt=\"\" class=\"wp-image-2609\"\/><\/figure>\n<\/div>\n\n\n\n<div class=\"wp-block-column is-vertically-aligned-center is-layout-flow wp-block-column-is-layout-flow\">\n<h3 class=\"wp-block-heading\" style=\"margin-bottom:var(--wp--preset--spacing--h-3-bottom)\"><strong><strong>Control del ritmo card\u00edaco<\/strong><\/strong><\/h3>\n\n\n\n<p><strong><em><strong>Fitness inteligente<\/strong><\/em><\/strong><\/p>\n\n\n\n<p style=\"margin-bottom:var(--wp--preset--spacing--tb-section-padding)\">Controla tu frecuencia cardiaca para optimizar tu experiencia de entrenamiento. El seguimiento de tu frecuencia cardiaca no s\u00f3lo te ayuda a prevenir el sobreesfuerzo, sino que tambi\u00e9n te permite alcanzar zonas de fitness espec\u00edficas, mejorando la eficacia de tus entrenamientos cardiovasculares y sesiones de quema de calor\u00edas.<\/p>\n<\/div>\n<\/div>\n\n\n\n<div class=\"wp-block-columns alignwide are-vertically-aligned-center is-layout-flex wp-container-core-columns-is-layout-e8158c2f wp-block-columns-is-layout-flex\" style=\"padding-top:var(--wp--preset--spacing--side-padding)\">\n<div class=\"wp-block-column is-vertically-aligned-center is-layout-flow wp-block-column-is-layout-flow\">\n<h3 class=\"wp-block-heading\" style=\"margin-bottom:var(--wp--preset--spacing--h-3-bottom)\"><strong><strong><strong><strong>Mant\u00e9ngase hidratado y organizado<\/strong><\/strong><\/strong><\/strong><\/h3>\n\n\n\n<p><strong><em><strong>Soportes para botellas de agua y accesorios<\/strong><\/em><\/strong><\/p>\n\n\n\n<p style=\"margin-bottom:var(--wp--preset--spacing--tb-section-padding)\">Mant\u00e9ngase fresco con soportes integrados a ambos lados para sus bebidas favoritas y espacios seguros cubiertos con motivos antideslizantes para sus accesorios de entrenamiento. Tendr\u00e1s todo lo que necesitas al alcance de la mano.<\/p>\n<\/div>\n\n\n\n<div class=\"wp-block-column is-vertically-aligned-center is-layout-flow wp-block-column-is-layout-flow\">\n<figure class=\"wp-block-image aligncenter size-full is-style-rounded\"><img decoding=\"async\" src=\"https:\/\/evolve-fitness.eu\/wp-content\/uploads\/2023\/08\/EV-HT-350-LED-8.jpg\" alt=\"\" class=\"wp-image-2611\"\/><\/figure>\n<\/div>\n<\/div>\n<\/section>\n\n\n\n<section class=\"wp-block-group alignfull black-content has-white-color has-darkgray-background-color has-text-color has-background is-layout-constrained wp-block-group-is-layout-constrained\" style=\"padding-top:var(--wp--preset--spacing--section-bottom);padding-bottom:var(--wp--preset--spacing--section-bottom)\">\n<div class=\"wp-block-columns alignwide are-vertically-aligned-center is-layout-flex wp-container-core-columns-is-layout-e8158c2f wp-block-columns-is-layout-flex\" style=\"padding-top:var(--wp--preset--spacing--side-padding)\">\n<div class=\"wp-block-column is-vertically-aligned-center is-layout-flow wp-block-column-is-layout-flow\">\n<figure class=\"wp-block-image aligncenter size-full is-style-rounded\"><img decoding=\"async\" src=\"https:\/\/evolve-fitness.eu\/wp-content\/uploads\/2023\/08\/EV-HT-350-LED-10.jpg\" alt=\"\" class=\"wp-image-2613\"\/><\/figure>\n<\/div>\n\n\n\n<div class=\"wp-block-column is-vertically-aligned-center is-layout-flow wp-block-column-is-layout-flow\">\n<h3 class=\"wp-block-heading\" style=\"margin-bottom:var(--wp--preset--spacing--h-3-bottom)\"><strong><strong><strong>Llave de seguridad<\/strong><\/strong><\/strong><\/h3>\n\n\n\n<p><strong><em><strong><strong>Priorice su seguridad<\/strong><\/strong><\/em><\/strong><\/p>\n\n\n\n<p style=\"margin-bottom:var(--wp--preset--spacing--tb-section-padding)\">Pega la llave de seguridad roja a tu ropa antes de cada entrenamiento. En caso de emergencia, la llave de seguridad se desactiva, deteniendo la cinta de correr inmediatamente. Su seguridad es primordial para nosotros.<\/p>\n<\/div>\n<\/div>\n\n\n\n<figure class=\"wp-block-image alignfull size-full is-style-rounded\"><img decoding=\"async\" src=\"https:\/\/evolve-fitness.eu\/wp-content\/uploads\/2023\/08\/EV-HT-350-TFT-Kinomap-and-Zwift-1.png\" alt=\"\" class=\"wp-image-7772\"\/><\/figure>\n<\/section>\n<\/section>\n","protected":false},"excerpt":{"rendered":"<p>Experimenta tus entrenamientos en una consola TFT de 23,8 pulgadas con una interfaz sencilla e intuitiva. La consola proporciona informaci\u00f3n en tiempo real sobre velocidad, distancia, tiempo, inclinaci\u00f3n, calor\u00edas y frecuencia cardiaca, ayud\u00e1ndote a mantener el control de tus progresos. <\/p>\n","protected":false},"featured_media":137911,"template":"","meta":{"_acf_changed":false,"inline_featured_image":false},"product_cat":[432,430,893],"product_tag":[2311],"class_list":{"0":"post-139027","1":"product","2":"type-product","3":"status-publish","4":"has-post-thumbnail","6":"product_cat-pagina-de-inicio","7":"product_cat-aparatos-cardiovasculares","8":"product_cat-equipos-de-cardio-para-casa","9":"product_tag-aparatos-cardiovasculares","11":"first","12":"instock","13":"shipping-taxable","14":"purchasable","15":"product-type-simple"},"acf":[],"_links":{"self":[{"href":"https:\/\/store.evolve-fitness.eu\/es\/wp-json\/wp\/v2\/product\/139027","targetHints":{"allow":["GET"]}}],"collection":[{"href":"https:\/\/store.evolve-fitness.eu\/es\/wp-json\/wp\/v2\/product"}],"about":[{"href":"https:\/\/store.evolve-fitness.eu\/es\/wp-json\/wp\/v2\/types\/product"}],"wp:featuredmedia":[{"embeddable":true,"href":"https:\/\/store.evolve-fitness.eu\/es\/wp-json\/wp\/v2\/media\/137911"}],"wp:attachment":[{"href":"https:\/\/store.evolve-fitness.eu\/es\/wp-json\/wp\/v2\/media?parent=139027"}],"wp:term":[{"taxonomy":"product_cat","embeddable":true,"href":"https:\/\/store.evolve-fitness.eu\/es\/wp-json\/wp\/v2\/product_cat?post=139027"},{"taxonomy":"product_tag","embeddable":true,"href":"https:\/\/store.evolve-fitness.eu\/es\/wp-json\/wp\/v2\/product_tag?post=139027"}],"curies":[{"name":"wp","href":"https:\/\/api.w.org\/{rel}","templated":true}]}}