{"id":138681,"date":"2025-10-30T11:26:45","date_gmt":"2025-10-30T11:26:45","guid":{"rendered":"https:\/\/store.evolve-fitness.eu\/product\/reformador-de-pilates-evolve-prime-series-pr-020\/"},"modified":"2026-04-04T12:00:40","modified_gmt":"2026-04-04T12:00:40","slug":"reformador-de-pilates-evolve-prime-series-pr-020","status":"publish","type":"product","link":"https:\/\/store.evolve-fitness.eu\/es\/producto\/reformador-de-pilates-evolve-prime-series-pr-020\/","title":{"rendered":"Reformador de Pilates Evolve Prime Series (PR-020)"},"content":{"rendered":"\n<section class=\"wp-block-group alignfull black-content has-white-color has-darkgray-background-color has-text-color has-background is-layout-constrained wp-block-group-is-layout-constrained\" style=\"padding-top:var(--wp--preset--spacing--section-bottom);padding-bottom:var(--wp--preset--spacing--section-bottom)\">\n<div class=\"wp-block-columns alignwide mobile-reverse is-layout-flex wp-container-core-columns-is-layout-ca64bf2d wp-block-columns-is-layout-flex\" style=\"margin-bottom:var(--wp--preset--spacing--side-padding)\">\n<div class=\"wp-block-column is-vertically-aligned-center is-layout-flow wp-block-column-is-layout-flow\">\n<h3 class=\"wp-block-heading\" style=\"margin-bottom:var(--wp--preset--spacing--h-3-bottom)\"><strong><strong><strong><strong><strong>Dise\u00f1o de calidad profesional para mayor precisi\u00f3n y control<\/strong><\/strong><\/strong><\/strong><\/strong><\/h3>\n\n\n\n<p>El <strong>Reformer de Pilates Evolve Prime Series<\/strong> ofrece un rendimiento de calidad de estudio con una estabilidad, comodidad y versatilidad excepcionales. Dise\u00f1ado tanto para uso profesional como personal, garantiza una trayectoria de movimiento suave y controlada para una experiencia de Pilates segura y eficaz. <\/p>\n\n\n\n<p>Dise\u00f1ado con <strong>materiales de alta calidad<\/strong> y <strong>resistencia de muelle ajustable<\/strong>, permite a los usuarios adaptar cada sesi\u00f3n a su nivel de forma f\u00edsica. La barra ergon\u00f3mica para los pies, el carro acolchado y el sistema de deslizamiento suave favorecen la alineaci\u00f3n correcta y aumentan la comodidad del entrenamiento. <\/p>\n<\/div>\n\n\n\n<div class=\"wp-block-column is-vertically-aligned-center is-layout-flow wp-block-column-is-layout-flow\">\n<figure class=\"wp-block-image size-full\"><img decoding=\"async\" src=\"https:\/\/evolve-fitness.eu\/wp-content\/uploads\/2025\/10\/EV-PR-PR-020-1.png\" alt=\"\" class=\"wp-image-211413\"\/><\/figure>\n<\/div>\n<\/div>\n\n\n\n<div class=\"wp-block-columns alignwide mobile-reverse is-layout-flex wp-container-core-columns-is-layout-ca64bf2d wp-block-columns-is-layout-flex\" style=\"margin-bottom:var(--wp--preset--spacing--side-padding)\">\n<div class=\"wp-block-column is-vertically-aligned-center is-layout-flow wp-block-column-is-layout-flow\">\n<figure class=\"wp-block-image size-full is-style-rounded\"><img decoding=\"async\" src=\"https:\/\/evolve-fitness.eu\/wp-content\/uploads\/2025\/10\/EV-PR-PR-020-2.png\" alt=\"\" class=\"wp-image-211414\"\/><\/figure>\n<\/div>\n\n\n\n<div class=\"wp-block-column is-vertically-aligned-center is-layout-flow wp-block-column-is-layout-flow\">\n<h3 class=\"wp-block-heading\" style=\"margin-bottom:var(--wp--preset--spacing--h-3-bottom)\"><strong>Funcionalidad y dise\u00f1o espec\u00edficos<\/strong><\/h3>\n\n\n\n<p>Este reformer viene totalmente equipado con <strong>apoyos para los hombros, elevadores, empu\u00f1aduras, una tabla de salto y una plataforma para los pies<\/strong>, que permiten realizar una gama completa de ejercicios, desde rehabilitaci\u00f3n hasta entrenamiento avanzado.<\/p>\n\n\n\n<p>Su <strong>opci\u00f3n de almacenamiento vertical para ahorrar espacio<\/strong>, su <strong>armaz\u00f3n duradero<\/strong> y su <strong>f\u00e1cil mantenimiento<\/strong> la convierten en la opci\u00f3n ideal para estudios modernos y gimnasios dom\u00e9sticos que buscan fiabilidad y rendimiento.<\/p>\n<\/div>\n<\/div>\n<\/section>\n","protected":false},"excerpt":{"rendered":"<p>Experimenta la precisi\u00f3n, el control y la comodidad con el Reformer de Pilates Evolve Serie Prime. Dise\u00f1ado para estudios profesionales y uso dom\u00e9stico, cuenta con resistencia de resorte ajustable, dise\u00f1o ergon\u00f3mico y movimiento suave para entrenamientos seguros y eficaces de todo el cuerpo. Fabricado para ofrecer durabilidad, rendimiento y f\u00e1cil almacenamiento en posici\u00f3n vertical.  <\/p>\n","protected":false},"featured_media":138862,"template":"","meta":{"_acf_changed":false,"inline_featured_image":false},"product_cat":[536],"product_tag":[],"class_list":{"0":"post-138681","1":"product","2":"type-product","3":"status-publish","4":"has-post-thumbnail","6":"product_cat-estudio-es","8":"first","9":"instock","10":"shipping-taxable","11":"purchasable","12":"product-type-simple"},"acf":[],"_links":{"self":[{"href":"https:\/\/store.evolve-fitness.eu\/es\/wp-json\/wp\/v2\/product\/138681","targetHints":{"allow":["GET"]}}],"collection":[{"href":"https:\/\/store.evolve-fitness.eu\/es\/wp-json\/wp\/v2\/product"}],"about":[{"href":"https:\/\/store.evolve-fitness.eu\/es\/wp-json\/wp\/v2\/types\/product"}],"wp:featuredmedia":[{"embeddable":true,"href":"https:\/\/store.evolve-fitness.eu\/es\/wp-json\/wp\/v2\/media\/138862"}],"wp:attachment":[{"href":"https:\/\/store.evolve-fitness.eu\/es\/wp-json\/wp\/v2\/media?parent=138681"}],"wp:term":[{"taxonomy":"product_cat","embeddable":true,"href":"https:\/\/store.evolve-fitness.eu\/es\/wp-json\/wp\/v2\/product_cat?post=138681"},{"taxonomy":"product_tag","embeddable":true,"href":"https:\/\/store.evolve-fitness.eu\/es\/wp-json\/wp\/v2\/product_tag?post=138681"}],"curies":[{"name":"wp","href":"https:\/\/api.w.org\/{rel}","templated":true}]}}