{"id":13863,"date":"2023-09-20T07:44:44","date_gmt":"2023-09-20T07:44:44","guid":{"rendered":"https:\/\/store.evolve-fitness.eu\/product\/evolve-burst-gym-ball-65cm\/"},"modified":"2026-02-12T12:00:16","modified_gmt":"2026-02-12T12:00:16","slug":"evolve-burst-gym-ball-65cm","status":"publish","type":"product","link":"https:\/\/store.evolve-fitness.eu\/es\/producto\/evolve-burst-gym-ball-65cm\/","title":{"rendered":"Evolve Burst Gym Ball &#8211; 65cm"},"content":{"rendered":"\n<section class=\"wp-block-group alignfull has-lightgray-background-color has-background is-layout-constrained wp-block-group-is-layout-constrained\">\n<div class=\"wp-block-columns alignwide is-layout-flex wp-container-core-columns-is-layout-2edb0647 wp-block-columns-is-layout-flex\" style=\"margin-top:0;margin-bottom:0\">\n<div class=\"wp-block-column is-layout-flow wp-block-column-is-layout-flow\" style=\"flex-basis:33.33%\"><\/div>\n\n\n\n<div class=\"wp-block-column is-layout-flow wp-block-column-is-layout-flow\" style=\"flex-basis:66.66%\"><\/div>\n<\/div>\n<\/section>\n","protected":false},"excerpt":{"rendered":"<p>Descubra su potencial fitness con la Gym Ball Evolve Burst (65 cm)<\/p>\n<p>\u00bfEst\u00e1 preparado para mejorar su rutina de ejercicios y descubrir un mundo de posibilidades? No busque m\u00e1s: \u00a1la Evolve Burst Gym Ball &#8211; 65 cm! Este vers\u00e1til accesorio de fitness est\u00e1 dise\u00f1ado para ayudarle a alcanzar sus objetivos de fitness, mejorar su postura y aumentar su bienestar general.<\/p>\n","protected":false},"featured_media":13885,"template":"","meta":{"_acf_changed":false,"inline_featured_image":false},"product_cat":[536],"product_tag":[],"class_list":{"0":"post-13863","1":"product","2":"type-product","3":"status-publish","4":"has-post-thumbnail","6":"product_cat-estudio-es","8":"first","9":"instock","10":"shipping-taxable","11":"purchasable","12":"product-type-simple"},"acf":[],"_links":{"self":[{"href":"https:\/\/store.evolve-fitness.eu\/es\/wp-json\/wp\/v2\/product\/13863","targetHints":{"allow":["GET"]}}],"collection":[{"href":"https:\/\/store.evolve-fitness.eu\/es\/wp-json\/wp\/v2\/product"}],"about":[{"href":"https:\/\/store.evolve-fitness.eu\/es\/wp-json\/wp\/v2\/types\/product"}],"wp:featuredmedia":[{"embeddable":true,"href":"https:\/\/store.evolve-fitness.eu\/es\/wp-json\/wp\/v2\/media\/13885"}],"wp:attachment":[{"href":"https:\/\/store.evolve-fitness.eu\/es\/wp-json\/wp\/v2\/media?parent=13863"}],"wp:term":[{"taxonomy":"product_cat","embeddable":true,"href":"https:\/\/store.evolve-fitness.eu\/es\/wp-json\/wp\/v2\/product_cat?post=13863"},{"taxonomy":"product_tag","embeddable":true,"href":"https:\/\/store.evolve-fitness.eu\/es\/wp-json\/wp\/v2\/product_tag?post=13863"}],"curies":[{"name":"wp","href":"https:\/\/api.w.org\/{rel}","templated":true}]}}