{"id":135547,"date":"2025-09-17T12:42:32","date_gmt":"2025-09-17T12:42:32","guid":{"rendered":"https:\/\/store.evolve-fitness.eu\/?post_type=product&#038;p=135547"},"modified":"2026-01-21T11:59:14","modified_gmt":"2026-01-21T11:59:14","slug":"cruz-de-cable-doble-selectorizada-de-la-serie-evolve-ultra-1","status":"publish","type":"product","link":"https:\/\/store.evolve-fitness.eu\/es\/producto\/cruz-de-cable-doble-selectorizada-de-la-serie-evolve-ultra-1\/","title":{"rendered":"M\u00e1quina de extensi\u00f3n de espalda selectorizada Evolve Serie Ultra"},"content":{"rendered":"\n<section class=\"wp-block-group alignfull black-content has-white-color has-darkgray-background-color has-text-color has-background is-layout-constrained wp-block-group-is-layout-constrained\" style=\"padding-top:var(--wp--preset--spacing--section-bottom);padding-bottom:var(--wp--preset--spacing--section-bottom)\">\n<section class=\"wp-block-group alignfull black-content has-white-color has-darkgray-background-color has-text-color has-background is-layout-constrained wp-block-group-is-layout-constrained\" style=\"margin-bottom:0;padding-top:var(--wp--preset--spacing--tb-padding);padding-bottom:var(--wp--preset--spacing--tb-padding)\">\n<div class=\"wp-block-columns alignwide mobile-reverse is-layout-flex wp-container-core-columns-is-layout-7a02faa9 wp-block-columns-is-layout-flex\" style=\"margin-bottom:var(--wp--preset--spacing--tb-section-padding)\">\n<div class=\"wp-block-column is-vertically-aligned-center is-layout-flow wp-block-column-is-layout-flow\">\n<h3 class=\"wp-block-heading\" style=\"margin-bottom:var(--wp--preset--spacing--h-3-bottom)\"><strong>DESARROLLO MUSCULAR ESPEC\u00cdFICO<\/strong><\/h3>\n\n\n\n<p><strong><em><strong><strong><strong><strong><strong><strong><strong><em><strong><em><strong><strong>Fortalecimiento centrado en la zona lumbar y el tronco<\/strong><\/strong><\/em><\/strong><\/em><\/strong><\/strong><\/strong><\/strong><\/strong><\/strong><\/strong><\/em><\/strong><\/p>\n\n\n\n<p>La m\u00e1quina de extensi\u00f3n de espalda selectorizada Evolve Ultra Series est\u00e1 dise\u00f1ada para mejorar el compromiso de la zona lumbar, los gl\u00fateos y el tronco mediante un movimiento preciso y controlado. Su sistema de pesas selectorizadas permite a los usuarios aislar eficazmente los erectores de la columna vertebral, promoviendo la fuerza, la mejora de la postura y el equilibrio de la cadena posterior. <\/p>\n\n\n\n<h3 class=\"wp-block-heading\"><strong>CONSTRUCCI\u00d3N CENTRADA EN EL USUARIO<\/strong><\/h3>\n\n\n\n<p><strong><em>Construido para resistir y funcionar sin problemas<\/em><\/strong><\/p>\n\n\n\n<p><br\/>Construida con un duradero armaz\u00f3n de acero reforzado y componentes selectorizados de primera calidad, esta m\u00e1quina garantiza un rendimiento fiable con un uso regular y de alta intensidad. El acolchado ergon\u00f3mico cuidadosamente dise\u00f1ado y la posici\u00f3n estable garantizan seguridad y comodidad en cada repetici\u00f3n. <\/p>\n\n\n\n<h3 class=\"wp-block-heading\"><strong>EL FUTURO DEL ENTRENAMIENTO DE FUERZA<\/strong><\/h3>\n\n\n\n<p><strong><em>Elevar los niveles de formaci\u00f3n profesional<\/em><\/strong><\/p>\n\n\n\n<p><br\/>La m\u00e1quina de extensi\u00f3n de espalda Evolve Ultra ofrece una combinaci\u00f3n perfecta de funcionalidad, seguridad y calidad. Adaptada a los gimnasios modernos y a los profesionales, ofrece una experiencia perfecta que favorece el desarrollo de la fuerza a largo plazo con una fiabilidad inigualable. <\/p>\n<\/div>\n\n\n\n<div class=\"wp-block-column is-vertically-aligned-center is-layout-flow wp-block-column-is-layout-flow\">\n<figure class=\"wp-block-image size-large\"><img decoding=\"async\" src=\"https:\/\/evolve-fitness.eu\/wp-content\/uploads\/2025\/08\/EV-SC-UL-400-Evolve-Ultra-Series-Back-Extension-1024x1024.png\" alt=\"\" class=\"wp-image-203120\"\/><\/figure>\n<\/div>\n<\/div>\n\n\n\n<div class=\"wp-block-columns alignwide mobile-reverse is-layout-flex wp-container-core-columns-is-layout-ca64bf2d wp-block-columns-is-layout-flex\" style=\"margin-bottom:var(--wp--preset--spacing--side-padding)\">\n<div class=\"wp-block-column is-vertically-aligned-center is-layout-flow wp-block-column-is-layout-flow\"><\/div>\n<\/div>\n<\/section>\n<\/section>\n","protected":false},"excerpt":{"rendered":"<p>La m\u00e1quina de extensi\u00f3n de espalda selectorizada Evolve Serie Ultra (EV-SC-UL-400) est\u00e1 dise\u00f1ada para fortalecer la zona lumbar, los gl\u00fateos y el tronco con una resistencia suave y controlada. Su construcci\u00f3n duradera, soporte ergon\u00f3mico y f\u00e1cil ajuste del peso la convierten en una elecci\u00f3n fiable para gimnasios y atletas profesionales. <\/p>\n","protected":false},"featured_media":135664,"template":"","meta":{"_acf_changed":false,"inline_featured_image":false},"product_cat":[432,1139,1221],"product_tag":[],"class_list":{"0":"post-135547","1":"product","2":"type-product","3":"status-publish","4":"has-post-thumbnail","6":"product_cat-pagina-de-inicio","7":"product_cat-maquinas-selectorizadas","8":"product_cat-maquinas-selectorizadas-ultra-series","10":"first","11":"instock","12":"shipping-taxable","13":"purchasable","14":"product-type-simple"},"acf":[],"_links":{"self":[{"href":"https:\/\/store.evolve-fitness.eu\/es\/wp-json\/wp\/v2\/product\/135547","targetHints":{"allow":["GET"]}}],"collection":[{"href":"https:\/\/store.evolve-fitness.eu\/es\/wp-json\/wp\/v2\/product"}],"about":[{"href":"https:\/\/store.evolve-fitness.eu\/es\/wp-json\/wp\/v2\/types\/product"}],"wp:featuredmedia":[{"embeddable":true,"href":"https:\/\/store.evolve-fitness.eu\/es\/wp-json\/wp\/v2\/media\/135664"}],"wp:attachment":[{"href":"https:\/\/store.evolve-fitness.eu\/es\/wp-json\/wp\/v2\/media?parent=135547"}],"wp:term":[{"taxonomy":"product_cat","embeddable":true,"href":"https:\/\/store.evolve-fitness.eu\/es\/wp-json\/wp\/v2\/product_cat?post=135547"},{"taxonomy":"product_tag","embeddable":true,"href":"https:\/\/store.evolve-fitness.eu\/es\/wp-json\/wp\/v2\/product_tag?post=135547"}],"curies":[{"name":"wp","href":"https:\/\/api.w.org\/{rel}","templated":true}]}}