{"id":135346,"date":"2025-09-16T12:23:45","date_gmt":"2025-09-16T12:23:45","guid":{"rendered":"https:\/\/store.evolve-fitness.eu\/?post_type=product&#038;p=135346"},"modified":"2026-01-21T11:59:13","modified_gmt":"2026-01-21T11:59:13","slug":"maquina-smith-con-carga-de-placas-evolve-prime-series-3","status":"publish","type":"product","link":"https:\/\/store.evolve-fitness.eu\/es\/producto\/maquina-smith-con-carga-de-placas-evolve-prime-series-3\/","title":{"rendered":"M\u00e1quina Smith con carga de placas Evolve Prime Series"},"content":{"rendered":"\n<section class=\"wp-block-group alignfull black-content has-white-color has-darkgray-background-color has-text-color has-background is-layout-constrained wp-block-group-is-layout-constrained\" style=\"padding-top:var(--wp--preset--spacing--section-bottom);padding-bottom:var(--wp--preset--spacing--section-bottom)\">\n<h3 class=\"wp-block-heading has-text-align-center\"><strong><strong>EVOLVE SERIE PRIME CARGADA CON PLACAS<\/strong><\/strong><\/h3>\n\n\n\n<p>Con la serie Evolve Plate Loaded Prime, la excelencia es el est\u00e1ndar. Eleve su entrenamiento de fuerza con m\u00e1quinas dise\u00f1adas para ofrecer comodidad, durabilidad y rendimiento. Explore hoy mismo toda la l\u00ednea y redefina su camino hacia la forma f\u00edsica.  <\/p>\n\n\n\n<section class=\"wp-block-group alignfull black-content has-white-color has-darkgray-background-color has-text-color has-background is-layout-constrained wp-block-group-is-layout-constrained\" style=\"padding-top:var(--wp--preset--spacing--section-bottom);padding-bottom:var(--wp--preset--spacing--section-bottom)\">\n<div class=\"wp-block-columns alignwide mobile-reverse is-layout-flex wp-container-core-columns-is-layout-ca64bf2d wp-block-columns-is-layout-flex\" style=\"margin-bottom:var(--wp--preset--spacing--side-padding)\">\n<div class=\"wp-block-column is-vertically-aligned-center is-layout-flow wp-block-column-is-layout-flow\">\n<h3 class=\"wp-block-heading\" style=\"margin-bottom:var(--wp--preset--spacing--h-3-bottom)\"><strong><strong><strong><strong><strong><strong><strong><strong><strong>M\u00e1quina Smith con carga de placas Evolve Prime Series<\/strong><\/strong><\/strong><\/strong><\/strong><\/strong><\/strong><\/strong><\/strong><\/h3>\n\n\n\n<p><strong><em><strong><strong><strong>Entrenamiento de fuerza vers\u00e1til y seguro para un rendimiento m\u00e1ximo<\/strong><\/strong><\/strong><\/em><\/strong><\/p>\n\n\n\n<p style=\"margin-bottom:var(--wp--preset--spacing--tb-section-padding)\">La <strong>m\u00e1quina Smith cargada con placas de la serie Evolve Prime<\/strong> est\u00e1 dise\u00f1ada para proporcionar un entorno controlado y estable para el entrenamiento de fuerza, permitiendo a los usuarios realizar una gran variedad de ejercicios con mayor seguridad y eficacia. Con una trayectoria suave y guiada de la barra, una construcci\u00f3n duradera y un sistema de resistencia cargado con placas, esta m\u00e1quina garantiza una biomec\u00e1nica adecuada a la vez que minimiza el riesgo de lesiones. Ideal para sentadillas, prensas, estocadas y mucho m\u00e1s, favorece la sobrecarga progresiva y el desarrollo muscular en todos los niveles de forma f\u00edsica.  <\/p>\n\n\n\n<h3 class=\"wp-block-heading\" style=\"margin-bottom:var(--wp--preset--spacing--h-3-bottom)\"><strong><strong><strong><strong><strong><strong><strong><strong>Maximiza la fuerza con movimientos controlados<\/strong><\/strong><\/strong><\/strong><\/strong><\/strong><\/strong><\/strong><\/h3>\n\n\n\n<p><strong><em><strong><strong><strong>Sistema de deslizamiento suave para un entrenamiento seguro y eficaz<\/strong><\/strong><\/strong><\/em><\/strong><\/p>\n\n\n\n<p>La <strong>m\u00e1quina Smith cargada con placas de la serie Evolve Prime<\/strong> ofrece una experiencia de levantamiento perfecta gracias a sus ra\u00edles gu\u00eda dise\u00f1ados con precisi\u00f3n, que garantizan un movimiento suave y uniforme. Los m\u00faltiples topes de seguridad permiten levantar con confianza sin necesidad de un observador, lo que la convierte en una herramienta excelente para el entrenamiento en solitario. Su bastidor de alta resistencia mejora la estabilidad, mientras que el sistema de carga de placas proporciona una resistencia personalizable para entrenamientos a medida. Tanto si te centras en el desarrollo muscular, la resistencia o la rehabilitaci\u00f3n, esta m\u00e1quina Smith te ofrece una soluci\u00f3n fiable y eficaz para el entrenamiento de fuerza.   <\/p>\n<\/div>\n\n\n\n<div class=\"wp-block-column is-vertically-aligned-center is-layout-flow wp-block-column-is-layout-flow\">\n<figure class=\"wp-block-image size-large\"><img loading=\"lazy\" decoding=\"async\" width=\"1024\" height=\"1024\" src=\"https:\/\/store.evolve-fitness.eu\/wp-content\/uploads\/2025\/03\/EV-PL-PR-116-Evolve-Prime-Series-Plate-Loaded-Smith-Machine-Recovered-1024x1024.png\" alt=\"\" class=\"wp-image-118178\" srcset=\"https:\/\/store.evolve-fitness.eu\/wp-content\/uploads\/2025\/03\/EV-PL-PR-116-Evolve-Prime-Series-Plate-Loaded-Smith-Machine-Recovered-1024x1024.png 1024w, https:\/\/store.evolve-fitness.eu\/wp-content\/uploads\/2025\/03\/EV-PL-PR-116-Evolve-Prime-Series-Plate-Loaded-Smith-Machine-Recovered-300x300.png 300w, https:\/\/store.evolve-fitness.eu\/wp-content\/uploads\/2025\/03\/EV-PL-PR-116-Evolve-Prime-Series-Plate-Loaded-Smith-Machine-Recovered-150x150.png 150w, https:\/\/store.evolve-fitness.eu\/wp-content\/uploads\/2025\/03\/EV-PL-PR-116-Evolve-Prime-Series-Plate-Loaded-Smith-Machine-Recovered-768x768.png 768w, https:\/\/store.evolve-fitness.eu\/wp-content\/uploads\/2025\/03\/EV-PL-PR-116-Evolve-Prime-Series-Plate-Loaded-Smith-Machine-Recovered-1536x1536.png 1536w, https:\/\/store.evolve-fitness.eu\/wp-content\/uploads\/2025\/03\/EV-PL-PR-116-Evolve-Prime-Series-Plate-Loaded-Smith-Machine-Recovered-2048x2048.png 2048w, https:\/\/store.evolve-fitness.eu\/wp-content\/uploads\/2025\/03\/EV-PL-PR-116-Evolve-Prime-Series-Plate-Loaded-Smith-Machine-Recovered-600x600.png 600w, https:\/\/store.evolve-fitness.eu\/wp-content\/uploads\/2025\/03\/EV-PL-PR-116-Evolve-Prime-Series-Plate-Loaded-Smith-Machine-Recovered-100x100.png 100w\" sizes=\"auto, (max-width: 1024px) 100vw, 1024px\" \/><\/figure>\n<\/div>\n<\/div>\n<\/section>\n<\/section>\n","protected":false},"excerpt":{"rendered":"<p>La m\u00e1quina Smith cargada con placas de la serie Evolve Prime est\u00e1 dise\u00f1ada para proporcionar un entorno controlado y estable para el entrenamiento de fuerza, permitiendo a los usuarios realizar una gran variedad de ejercicios con mayor seguridad y eficacia. Con una trayectoria suave y guiada de la barra, una construcci\u00f3n duradera y un sistema de resistencia cargado con placas, esta m\u00e1quina garantiza una biomec\u00e1nica adecuada a la vez que minimiza el riesgo de lesiones. Ideal para sentadillas, prensas, estocadas y mucho m\u00e1s, favorece la sobrecarga progresiva y el desarrollo muscular en todos los niveles de forma f\u00edsica.  <\/p>\n","protected":false},"featured_media":135386,"template":"","meta":{"_acf_changed":false,"inline_featured_image":false},"product_cat":[754,1207],"product_tag":[],"class_list":{"0":"post-135346","1":"product","2":"type-product","3":"status-publish","4":"has-post-thumbnail","6":"product_cat-maquinas-de-carga-de-placas","7":"product_cat-prime-series-placa-cargada","9":"first","10":"outofstock","11":"shipping-taxable","12":"purchasable","13":"product-type-simple"},"acf":[],"_links":{"self":[{"href":"https:\/\/store.evolve-fitness.eu\/es\/wp-json\/wp\/v2\/product\/135346","targetHints":{"allow":["GET"]}}],"collection":[{"href":"https:\/\/store.evolve-fitness.eu\/es\/wp-json\/wp\/v2\/product"}],"about":[{"href":"https:\/\/store.evolve-fitness.eu\/es\/wp-json\/wp\/v2\/types\/product"}],"wp:featuredmedia":[{"embeddable":true,"href":"https:\/\/store.evolve-fitness.eu\/es\/wp-json\/wp\/v2\/media\/135386"}],"wp:attachment":[{"href":"https:\/\/store.evolve-fitness.eu\/es\/wp-json\/wp\/v2\/media?parent=135346"}],"wp:term":[{"taxonomy":"product_cat","embeddable":true,"href":"https:\/\/store.evolve-fitness.eu\/es\/wp-json\/wp\/v2\/product_cat?post=135346"},{"taxonomy":"product_tag","embeddable":true,"href":"https:\/\/store.evolve-fitness.eu\/es\/wp-json\/wp\/v2\/product_tag?post=135346"}],"curies":[{"name":"wp","href":"https:\/\/api.w.org\/{rel}","templated":true}]}}