{"id":131296,"date":"2025-06-27T05:44:04","date_gmt":"2025-06-27T05:44:04","guid":{"rendered":"https:\/\/store.evolve-fitness.eu\/?post_type=product&#038;p=131296"},"modified":"2025-09-25T12:52:58","modified_gmt":"2025-09-25T12:52:58","slug":"sentadilla-lateral-con-carga-de-plancha-evolve-ultra-series-4","status":"publish","type":"product","link":"https:\/\/store.evolve-fitness.eu\/es\/producto\/sentadilla-lateral-con-carga-de-plancha-evolve-ultra-series-4\/","title":{"rendered":"Sentadilla lateral con carga de plancha Evolve Ultra Series"},"content":{"rendered":"\n<section class=\"wp-block-group alignfull black-content has-white-color has-darkgray-background-color has-text-color has-background is-layout-constrained wp-block-group-is-layout-constrained\" style=\"padding-top:var(--wp--preset--spacing--section-bottom);padding-bottom:var(--wp--preset--spacing--section-bottom)\">\n<section class=\"wp-block-group alignfull black-content has-white-color has-darkgray-background-color has-text-color has-background is-layout-constrained wp-block-group-is-layout-constrained\" style=\"margin-bottom:0;padding-top:var(--wp--preset--spacing--tb-padding);padding-bottom:var(--wp--preset--spacing--tb-padding)\">\n<div class=\"wp-block-columns alignwide mobile-reverse is-layout-flex wp-container-core-columns-is-layout-7a02faa9 wp-block-columns-is-layout-flex\" style=\"margin-bottom:var(--wp--preset--spacing--tb-section-padding)\">\n<div class=\"wp-block-column is-vertically-aligned-center is-layout-flow wp-block-column-is-layout-flow\">\n<h3 class=\"wp-block-heading\" style=\"margin-bottom:var(--wp--preset--spacing--h-3-bottom)\"><strong><strong><strong><strong><strong><strong><strong><strong><strong>Entrenamiento din\u00e1mico de la parte inferior del cuerpo<\/strong><\/strong><\/strong><\/strong><\/strong><\/strong><\/strong><\/strong><\/strong><\/h3>\n\n\n\n<p><strong><em><strong><strong><strong><strong><strong><strong>Fortalece gl\u00fateos, cu\u00e1driceps e isquiotibiales<\/strong><\/strong><\/strong><\/strong><\/strong><\/strong><\/em><\/strong><\/p>\n\n\n\n<p>La <strong>sentadilla isolateral con carga de placas de la serie Evolve Ultra<\/strong> est\u00e1 dise\u00f1ada por expertos para trabajar gl\u00fateos, cu\u00e1driceps e isquiotibiales con precisi\u00f3n y control. Su funcionalidad iso-lateral permite que cada pierna se mueva independientemente, promoviendo un desarrollo muscular equilibrado y reduciendo el riesgo de desequilibrios. El dise\u00f1o ergon\u00f3mico de esta m\u00e1quina garantiza una alineaci\u00f3n adecuada y minimiza la tensi\u00f3n en las articulaciones, lo que la hace segura y eficaz para una gran variedad de estilos de entrenamiento. Ideal para desarrollar la fuerza de la parte inferior del cuerpo, aumentar el rendimiento atl\u00e9tico y mejorar la estabilidad, la sentadilla con estocada es un complemento vers\u00e1til para cualquier rutina de entrenamiento de fuerza.   <\/p>\n<\/div>\n\n\n\n<div class=\"wp-block-column is-vertically-aligned-center is-layout-flow wp-block-column-is-layout-flow\">\n<figure class=\"wp-block-image size-full\"><img decoding=\"async\" src=\"https:\/\/evolve-fitness.eu\/wp-content\/uploads\/2025\/01\/EV-PL-UL-580-Evolve-Ultra-Series-Plate-Loaded-Iso-Lateral-Squat-Lunge.png\" alt=\"EV-PL-UL-580\" class=\"wp-image-170992\"\/><\/figure>\n<\/div>\n<\/div>\n<\/section>\n<\/section>\n","protected":false},"excerpt":{"rendered":"<p>La sentadilla isolateral con carga de placas de la serie Evolve Ultra (EV-PL-UL-580) es una m\u00e1quina de fitness de primera calidad dise\u00f1ada para mejorar el entrenamiento de la parte inferior del cuerpo. Construida para ofrecer durabilidad y precisi\u00f3n biomec\u00e1nica, esta m\u00e1quina ofrece una combinaci\u00f3n \u00fanica de movimientos de sentadilla y estocada para trabajar varios grupos musculares simult\u00e1neamente. Tanto si te centras en la fuerza, la potencia o la resistencia, la sentadilla isolateral con estocada proporciona un entrenamiento vers\u00e1til y eficaz para usuarios de todos los niveles de forma f\u00edsica.  <\/p>\n","protected":false},"featured_media":131336,"template":"","meta":{"_acf_changed":false,"inline_featured_image":false},"product_cat":[754,755],"product_tag":[],"class_list":{"0":"post-131296","1":"product","2":"type-product","3":"status-publish","4":"has-post-thumbnail","6":"product_cat-maquinas-de-carga-de-placas","7":"product_cat-ultra-series-placa-cargada","9":"first","10":"instock","11":"shipping-taxable","12":"purchasable","13":"product-type-simple"},"acf":[],"_links":{"self":[{"href":"https:\/\/store.evolve-fitness.eu\/es\/wp-json\/wp\/v2\/product\/131296","targetHints":{"allow":["GET"]}}],"collection":[{"href":"https:\/\/store.evolve-fitness.eu\/es\/wp-json\/wp\/v2\/product"}],"about":[{"href":"https:\/\/store.evolve-fitness.eu\/es\/wp-json\/wp\/v2\/types\/product"}],"wp:featuredmedia":[{"embeddable":true,"href":"https:\/\/store.evolve-fitness.eu\/es\/wp-json\/wp\/v2\/media\/131336"}],"wp:attachment":[{"href":"https:\/\/store.evolve-fitness.eu\/es\/wp-json\/wp\/v2\/media?parent=131296"}],"wp:term":[{"taxonomy":"product_cat","embeddable":true,"href":"https:\/\/store.evolve-fitness.eu\/es\/wp-json\/wp\/v2\/product_cat?post=131296"},{"taxonomy":"product_tag","embeddable":true,"href":"https:\/\/store.evolve-fitness.eu\/es\/wp-json\/wp\/v2\/product_tag?post=131296"}],"curies":[{"name":"wp","href":"https:\/\/api.w.org\/{rel}","templated":true}]}}