{"id":130801,"date":"2025-06-19T14:53:40","date_gmt":"2025-06-19T14:53:40","guid":{"rendered":"https:\/\/store.evolve-fitness.eu\/?post_type=product&#038;p=130801"},"modified":"2025-07-23T00:55:40","modified_gmt":"2025-07-23T00:55:40","slug":"evolve-urethane-body-pump-set-195-kg-13","status":"publish","type":"product","link":"https:\/\/store.evolve-fitness.eu\/es\/producto\/evolve-urethane-body-pump-set-195-kg-13\/","title":{"rendered":"Juegos de mancuernas Evolve Cerakote con pesas parachoques"},"content":{"rendered":"\n<section class=\"wp-block-group alignfull black-content has-white-color has-darkgray-background-color has-text-color has-background is-layout-constrained wp-block-group-is-layout-constrained\" style=\"padding-top:var(--wp--preset--spacing--section-bottom);padding-bottom:var(--wp--preset--spacing--section-bottom)\">\n<section class=\"wp-block-group alignfull black-content has-white-color has-darkgray-background-color has-text-color has-background is-layout-constrained wp-block-group-is-layout-constrained\" style=\"padding-top:var(--wp--preset--spacing--section-bottom);padding-bottom:var(--wp--preset--spacing--section-bottom)\">\n<div class=\"wp-block-columns alignwide mobile-reverse is-layout-flex wp-container-core-columns-is-layout-ca64bf2d wp-block-columns-is-layout-flex\" style=\"margin-bottom:var(--wp--preset--spacing--side-padding)\">\n<div class=\"wp-block-column is-vertically-aligned-center is-layout-flow wp-block-column-is-layout-flow\">\n<h3 class=\"wp-block-heading\" style=\"margin-bottom:var(--wp--preset--spacing--h-3-bottom)\"><strong><strong><strong>Juego completo de mancuernas ol\u00edmpicas con barra Cerakote, placas parachoques Hi-Temp y collares de bloqueo<\/strong><\/strong><\/strong><\/h3>\n\n\n\n<p style=\"margin-bottom:var(--wp--preset--spacing--tb-section-padding)\">Eleva tu entrenamiento de fuerza con este juego de barras ol\u00edmpicas de primera calidad, que combina durabilidad, rendimiento y seguridad. Este conjunto incluye la <strong>barra ol\u00edmpica Evolve Cerakote Series (220 cm, 20 kg)<\/strong>, una selecci\u00f3n de <strong>placas Evolve Hi-Temp X Bumper (5-25 kg)<\/strong> y un par de <strong>collares seguros para barra ol\u00edmpica, ideales<\/strong>tanto para zonas de entrenamiento funcional como para entornos de levantamiento profesionales. <\/p>\n<\/div>\n\n\n\n<div class=\"wp-block-column is-vertically-aligned-center is-layout-flow wp-block-column-is-layout-flow\">\n<figure class=\"wp-block-image size-large is-style-rounded\"><img decoding=\"async\" src=\"https:\/\/evolve-fitness.eu\/wp-content\/uploads\/2025\/06\/A7_02372-1024x683.jpg\" alt=\"\" class=\"wp-image-200370\"\/><\/figure>\n<\/div>\n<\/div>\n\n\n\n<div class=\"wp-block-columns alignwide is-layout-flex wp-container-core-columns-is-layout-c45ee707 wp-block-columns-is-layout-flex\" style=\"margin-bottom:var(--wp--preset--spacing--side-padding);padding-top:var(--wp--preset--spacing--side-padding)\">\n<div class=\"wp-block-column is-vertically-aligned-center is-layout-flow wp-block-column-is-layout-flow\">\n<figure class=\"wp-block-video\"><video height=\"2160\" style=\"aspect-ratio: 3840 \/ 2160;\" width=\"3840\" controls=\"\" src=\"https:\/\/store.evolve-fitness.eu\/wp-content\/uploads\/2025\/05\/EV-OB-CK-201-Evolve-Cerakote-Series-Olympic-Woman-201-cm-15-kg-1.mp4\"><\/video><\/figure>\n<\/div>\n\n\n\n<div class=\"wp-block-column is-vertically-aligned-center is-layout-flow wp-block-column-is-layout-flow\">\n<h3 class=\"wp-block-heading\" style=\"margin-bottom:var(--wp--preset--spacing--h-3-bottom)\"><strong><br\/><strong>Barra ol\u00edmpica Evolve Cerakote Series &#8211; 220 cm \/ 20 kg<\/strong><\/strong><\/h3>\n\n\n\n<p style=\"margin-bottom:var(--wp--preset--spacing--tb-section-padding)\">Descubre lo \u00faltimo en fuerza y durabilidad con la barra ol\u00edmpica Evolve Cerakote, una opci\u00f3n de primera calidad tanto para el entrenamiento profesional como para los atletas dom\u00e9sticos. Con una impresionante longitud de 220 cm y un peso de 20 kg, esta barra est\u00e1 dise\u00f1ada para soportar una carga m\u00e1xima de 1043 kg, lo que la hace ideal para levantamientos pesados. Con 8 rodamientos de agujas y 2 casquillos de cobre, garantiza una rotaci\u00f3n suave y estabilidad durante el uso. Su di\u00e1metro de casquillo de \u00d850 mm admite pesos est\u00e1ndar, mientras que el di\u00e1metro de \u00d828 mm de la parte interior de la barra mejora el agarre y el control.     <\/p>\n<\/div>\n<\/div>\n\n\n\n<div class=\"wp-block-columns alignwide mobile-reverse is-layout-flex wp-container-core-columns-is-layout-ca64bf2d wp-block-columns-is-layout-flex\" style=\"margin-bottom:var(--wp--preset--spacing--side-padding)\">\n<div class=\"wp-block-column is-vertically-aligned-center is-layout-flow wp-block-column-is-layout-flow\">\n<h3 class=\"wp-block-heading\" style=\"margin-bottom:var(--wp--preset--spacing--h-3-bottom)\"><strong>Seguros y fiables &#8211; Collares de barra ol\u00edmpicos<\/strong><\/h3>\n\n\n\n<p style=\"margin-bottom:var(--wp--preset--spacing--tb-section-padding)\">Los collares para barra ol\u00edmpica Evolve incluidos est\u00e1n dise\u00f1ados para cambiar los platos de forma r\u00e1pida y segura. Dise\u00f1ados para bloquear firmemente las placas de pesas en su lugar durante los levantamientos de alta intensidad, estos collares garantizan una colocaci\u00f3n estable y controlada de la barra. Su mecanismo de bloqueo r\u00e1pido permite colocarlos y quitarlos sin esfuerzo y sin comprometer la seguridad ni la estabilidad.  <\/p>\n<\/div>\n\n\n\n<div class=\"wp-block-column is-vertically-aligned-center is-layout-flow wp-block-column-is-layout-flow\">\n<figure class=\"wp-block-video\"><video height=\"1080\" style=\"aspect-ratio: 1920 \/ 1080;\" width=\"1920\" controls=\"\" src=\"https:\/\/store.evolve-fitness.eu\/wp-content\/uploads\/2025\/05\/EV-OC-CC-02-1.mp4\"><\/video><\/figure>\n<\/div>\n<\/div>\n\n\n\n<div class=\"wp-block-columns alignwide is-layout-flex wp-container-core-columns-is-layout-c45ee707 wp-block-columns-is-layout-flex\" style=\"margin-bottom:var(--wp--preset--spacing--side-padding);padding-top:var(--wp--preset--spacing--side-padding)\">\n<div class=\"wp-block-column is-vertically-aligned-center is-layout-flow wp-block-column-is-layout-flow\">\n<figure class=\"wp-block-image size-large is-style-rounded\"><img decoding=\"async\" src=\"https:\/\/evolve-fitness.eu\/wp-content\/uploads\/2025\/06\/A7_02389-1024x683.jpg\" alt=\"\" class=\"wp-image-200395\"\/><\/figure>\n<\/div>\n\n\n\n<div class=\"wp-block-column is-vertically-aligned-center is-layout-flow wp-block-column-is-layout-flow\">\n<h3 class=\"wp-block-heading\" style=\"margin-bottom:var(--wp--preset--spacing--h-3-bottom)\"><strong>Placas parachoques duraderas de alta temperatura<\/strong><\/h3>\n\n\n\n<p>Este juego incluye <strong>las placas parachoques Evolve Hi-Temp X<\/strong>, disponibles en varias configuraciones (pares de 5, 10, 15, 20 y 25 kg). Fabricadas con caucho de alta densidad y dise\u00f1adas para absorber los impactos, estas placas son ideales para reducir el ruido y proteger el suelo en entornos de entrenamiento intensivo. El material de bajo rebote garantiza un rendimiento seguro y constante.  <\/p>\n<\/div>\n<\/div>\n\n\n\n<div class=\"wp-block-columns alignwide is-layout-flex wp-container-core-columns-is-layout-c45ee707 wp-block-columns-is-layout-flex\" style=\"margin-bottom:var(--wp--preset--spacing--side-padding);padding-top:var(--wp--preset--spacing--side-padding)\">\n<div class=\"wp-block-column is-vertically-aligned-center is-layout-flow wp-block-column-is-layout-flow\">\n<h3 class=\"wp-block-heading\" style=\"margin-bottom:var(--wp--preset--spacing--h-3-bottom)\"><strong>Variaciones de peso personalizables<\/strong><\/h3>\n\n\n\n<p>Disponible en diferentes configuraciones de conjuntos, este kit de pesas puede adaptarse a tus objetivos de entrenamiento, tanto si est\u00e1s construyendo un gimnasio dom\u00e9stico b\u00e1sico como si est\u00e1s equipando una instalaci\u00f3n comercial. Elige la combinaci\u00f3n de placas de tope que se adapte a tus necesidades, con pesos totales de conjunto que van de <strong>90 kg a 170+ kg<\/strong>. <\/p>\n<\/div>\n\n\n\n<div class=\"wp-block-column is-vertically-aligned-center is-layout-flow wp-block-column-is-layout-flow\">\n<div class=\"wp-block-columns is-layout-flex wp-container-core-columns-is-layout-9d6595d7 wp-block-columns-is-layout-flex\">\n<div class=\"wp-block-column is-layout-flow wp-block-column-is-layout-flow\">\n<figure class=\"wp-block-image size-large is-style-rounded\"><img decoding=\"async\" src=\"https:\/\/evolve-fitness.eu\/wp-content\/uploads\/2025\/06\/A7_02383-1024x683.jpg\" alt=\"\" class=\"wp-image-200445\"\/><\/figure>\n<\/div>\n<\/div>\n<\/div>\n<\/div>\n<\/section>\n<\/section>\n\n<p><\/p>\n","protected":false},"excerpt":{"rendered":"<p>Eleva tu entrenamiento de fuerza con este juego de barras ol\u00edmpicas de primera calidad, que combina durabilidad, rendimiento y seguridad. Este conjunto incluye la barra ol\u00edmpica Evolve Cerakote Series (220 cm, 20 kg), una selecci\u00f3n de placas Evolve Hi-Temp X Bumper (5-25 kg) y un par de collares seguros para barra ol\u00edmpica, ideales tanto para zonas de entrenamiento funcional como para entornos de levantamiento profesionales. <\/p>\n","protected":false},"featured_media":131413,"template":"","meta":{"_acf_changed":false,"inline_featured_image":false},"product_cat":[983,2192],"product_tag":[],"class_list":{"0":"post-130801","1":"product","2":"type-product","3":"status-publish","4":"has-post-thumbnail","6":"product_cat-pesos-libres","7":"product_cat-juegos-de-bar","9":"first","10":"outofstock","11":"shipping-taxable","12":"purchasable","13":"product-type-variable"},"acf":[],"_links":{"self":[{"href":"https:\/\/store.evolve-fitness.eu\/es\/wp-json\/wp\/v2\/product\/130801","targetHints":{"allow":["GET"]}}],"collection":[{"href":"https:\/\/store.evolve-fitness.eu\/es\/wp-json\/wp\/v2\/product"}],"about":[{"href":"https:\/\/store.evolve-fitness.eu\/es\/wp-json\/wp\/v2\/types\/product"}],"wp:featuredmedia":[{"embeddable":true,"href":"https:\/\/store.evolve-fitness.eu\/es\/wp-json\/wp\/v2\/media\/131413"}],"wp:attachment":[{"href":"https:\/\/store.evolve-fitness.eu\/es\/wp-json\/wp\/v2\/media?parent=130801"}],"wp:term":[{"taxonomy":"product_cat","embeddable":true,"href":"https:\/\/store.evolve-fitness.eu\/es\/wp-json\/wp\/v2\/product_cat?post=130801"},{"taxonomy":"product_tag","embeddable":true,"href":"https:\/\/store.evolve-fitness.eu\/es\/wp-json\/wp\/v2\/product_tag?post=130801"}],"curies":[{"name":"wp","href":"https:\/\/api.w.org\/{rel}","templated":true}]}}