{"id":129429,"date":"2025-05-13T13:09:48","date_gmt":"2025-05-13T13:09:48","guid":{"rendered":"https:\/\/store.evolve-fitness.eu\/?post_type=product&#038;p=129429"},"modified":"2025-07-23T00:57:42","modified_gmt":"2025-07-23T00:57:42","slug":"evolve-urethane-body-pump-set-195-kg-10","status":"publish","type":"product","link":"https:\/\/store.evolve-fitness.eu\/es\/producto\/evolve-urethane-body-pump-set-195-kg-10\/","title":{"rendered":"Juego de barras Evolve Econ Series con placas de peso de uretano TPU"},"content":{"rendered":"\n<section class=\"wp-block-group alignfull black-content has-white-color has-darkgray-background-color has-text-color has-background is-layout-constrained wp-block-group-is-layout-constrained\" style=\"padding-top:var(--wp--preset--spacing--section-bottom);padding-bottom:var(--wp--preset--spacing--section-bottom)\">\n<section class=\"wp-block-group alignfull black-content has-white-color has-darkgray-background-color has-text-color has-background is-layout-constrained wp-block-group-is-layout-constrained\" style=\"padding-top:var(--wp--preset--spacing--section-bottom);padding-bottom:var(--wp--preset--spacing--section-bottom)\">\n<div class=\"wp-block-columns alignwide mobile-reverse is-layout-flex wp-container-core-columns-is-layout-ca64bf2d wp-block-columns-is-layout-flex\" style=\"margin-bottom:var(--wp--preset--spacing--side-padding)\">\n<div class=\"wp-block-column is-vertically-aligned-center is-layout-flow wp-block-column-is-layout-flow\">\n<h3 class=\"wp-block-heading\" style=\"margin-bottom:var(--wp--preset--spacing--h-3-bottom)\">Juego de barras Evolve Econ Series con placas de peso de uretano TPU: precisi\u00f3n y durabilidad para tu entrenamiento de fuerza<\/h3>\n\n\n\n<p style=\"margin-bottom:var(--wp--preset--spacing--tb-section-padding)\">El <strong>Juego de Barras Evolve Econ Series con Platos de Peso de Uretano<\/strong> TPU est\u00e1 dise\u00f1ado para atletas que buscan un equipamiento duradero y de alta calidad para su gimnasio. Este completo conjunto incluye la fiable <strong>Barra Ol\u00edmpica Evolve Econ Series (220 cm \/ 20 kg)<\/strong>, los seguros <strong>Collares para Barra Ol\u00edmpica Evolve<\/strong> y los resistentes <strong>Platos de Peso de Uretano TPU (1,25-25 kg)<\/strong>. Ideal para los entusiastas del entrenamiento de fuerza, este conjunto ofrece el equilibrio perfecto entre rendimiento, seguridad y versatilidad.  <\/p>\n<\/div>\n\n\n\n<div class=\"wp-block-column is-vertically-aligned-center is-layout-flow wp-block-column-is-layout-flow\">\n<figure class=\"wp-block-image size-large is-style-rounded\"><img decoding=\"async\" src=\"https:\/\/evolve-fitness.eu\/wp-content\/uploads\/2025\/05\/EV-WP-TP-1-1024x683.jpg\" alt=\"\" class=\"wp-image-197977\"\/><\/figure>\n<\/div>\n<\/div>\n\n\n\n<div class=\"wp-block-columns alignwide is-layout-flex wp-container-core-columns-is-layout-c45ee707 wp-block-columns-is-layout-flex\" style=\"margin-bottom:var(--wp--preset--spacing--side-padding);padding-top:var(--wp--preset--spacing--side-padding)\">\n<div class=\"wp-block-column is-vertically-aligned-center is-layout-flow wp-block-column-is-layout-flow\">\n<figure class=\"wp-block-video\"><video height=\"2160\" style=\"aspect-ratio: 3840 \/ 2160;\" width=\"3840\" controls=\"\" src=\"https:\/\/store.evolve-fitness.eu\/wp-content\/uploads\/2025\/05\/EV-OB-CK-201-Evolve-Cerakote-Series-Olympic-Woman-201-cm-15-kg-1.mp4\"><\/video><\/figure>\n<\/div>\n\n\n\n<div class=\"wp-block-column is-vertically-aligned-center is-layout-flow wp-block-column-is-layout-flow\">\n<h3 class=\"wp-block-heading\" style=\"margin-bottom:var(--wp--preset--spacing--h-3-bottom)\">Robusta y fiable &#8211; Barra ol\u00edmpica serie Econ<\/h3>\n\n\n\n<p style=\"margin-bottom:var(--wp--preset--spacing--tb-section-padding)\">La pieza central de este conjunto es la <strong>barra ol\u00edmpica Evolve Econ Series<\/strong>, que mide 220 cm y pesa 20 kg. Fabricada en acero resistente, garantiza una durabilidad y estabilidad excepcionales durante los entrenamientos. El moleteado de profundidad media ofrece un agarre seguro y c\u00f3modo, lo que la hace adecuada para diversas t\u00e9cnicas de levantamiento. Esta barra est\u00e1 dise\u00f1ada para soportar entrenamientos rigurosos, manteniendo su forma y funcionamiento incluso con cargas pesadas.   <\/p>\n<\/div>\n<\/div>\n\n\n\n<div class=\"wp-block-columns alignwide mobile-reverse is-layout-flex wp-container-core-columns-is-layout-ca64bf2d wp-block-columns-is-layout-flex\" style=\"margin-bottom:var(--wp--preset--spacing--side-padding)\">\n<div class=\"wp-block-column is-vertically-aligned-center is-layout-flow wp-block-column-is-layout-flow\">\n<h3 class=\"wp-block-heading\" style=\"margin-bottom:var(--wp--preset--spacing--h-3-bottom)\">Seguros y protegidos &#8211; Collares de barra ol\u00edmpicos<\/h3>\n\n\n\n<p style=\"margin-bottom:var(--wp--preset--spacing--tb-section-padding)\">Para garantizar la seguridad durante tus sesiones de levantamiento, el conjunto incluye <strong>los Collares para Barras Ol\u00edmpicas Evolve<\/strong>. Estos collares proporcionan un bloqueo fiable, impidiendo cualquier movimiento de los platos de pesas durante los entrenamientos intensos. F\u00e1ciles de colocar y soltar, son esenciales para mantener el equilibrio y la seguridad de la configuraci\u00f3n de tu barra.  <\/p>\n<\/div>\n\n\n\n<div class=\"wp-block-column is-vertically-aligned-center is-layout-flow wp-block-column-is-layout-flow\">\n<figure class=\"wp-block-video\"><video height=\"1080\" style=\"aspect-ratio: 1920 \/ 1080;\" width=\"1920\" controls=\"\" src=\"https:\/\/store.evolve-fitness.eu\/wp-content\/uploads\/2025\/05\/EV-OC-CC-02-1.mp4\"><\/video><\/figure>\n<\/div>\n<\/div>\n\n\n\n<div class=\"wp-block-columns alignwide is-layout-flex wp-container-core-columns-is-layout-c45ee707 wp-block-columns-is-layout-flex\" style=\"margin-bottom:var(--wp--preset--spacing--side-padding);padding-top:var(--wp--preset--spacing--side-padding)\">\n<div class=\"wp-block-column is-vertically-aligned-center is-layout-flow wp-block-column-is-layout-flow\">\n<figure class=\"wp-block-image size-large is-style-rounded\"><img decoding=\"async\" src=\"https:\/\/evolve-fitness.eu\/wp-content\/uploads\/2025\/05\/EV-WP-TP-5-1024x683.jpg\" alt=\"\" class=\"wp-image-197952\"\/><\/figure>\n<\/div>\n\n\n\n<div class=\"wp-block-column is-vertically-aligned-center is-layout-flow wp-block-column-is-layout-flow\">\n<h3 class=\"wp-block-heading\" style=\"margin-bottom:var(--wp--preset--spacing--h-3-bottom)\">Duraderas y elegantes &#8211; Placas de peso de uretano TPU<\/h3>\n\n\n\n<p>Los <strong>platos de pesas de uretano TPU<\/strong> incluidos en este juego est\u00e1n dise\u00f1ados para combinar durabilidad y atractivo est\u00e9tico. Disponibles en pesos de 1,25 a 25 kg, estos platos est\u00e1n fabricados con uretano de alta calidad, que ofrece una resistencia superior al desgaste. Su superficie que no deja marcas protege el suelo de tu gimnasio, mientras que su elegante acabado realza el aspecto profesional de tu gimnasio dom\u00e9stico. El dise\u00f1o ergon\u00f3mico garantiza un f\u00e1cil manejo y r\u00e1pidos ajustes del peso.   <\/p>\n<\/div>\n<\/div>\n\n\n\n<div class=\"wp-block-columns alignwide is-layout-flex wp-container-core-columns-is-layout-c45ee707 wp-block-columns-is-layout-flex\" style=\"margin-bottom:var(--wp--preset--spacing--side-padding);padding-top:var(--wp--preset--spacing--side-padding)\">\n<div class=\"wp-block-column is-vertically-aligned-center is-layout-flow wp-block-column-is-layout-flow\">\n<h3 class=\"wp-block-heading\" style=\"margin-bottom:var(--wp--preset--spacing--h-3-bottom)\">Entrena con confianza y estilo<\/h3>\n\n\n\n<p>l <strong>Juego de Barras Evolve Econ Series con Platos de Peso de Uretano TPU<\/strong> es una excelente elecci\u00f3n para quienes valoran la precisi\u00f3n, la seguridad y la durabilidad en su equipo de entrenamiento de fuerza. Tanto si realizas sentadillas, press de banca o peso muerto, este conjunto garantiza un rendimiento constante y una experiencia de levantamiento profesional. <\/p>\n<\/div>\n\n\n\n<div class=\"wp-block-column is-vertically-aligned-center is-layout-flow wp-block-column-is-layout-flow\">\n<div class=\"wp-block-columns is-layout-flex wp-container-core-columns-is-layout-9d6595d7 wp-block-columns-is-layout-flex\">\n<div class=\"wp-block-column is-layout-flow wp-block-column-is-layout-flow\">\n<figure class=\"wp-block-image size-large is-style-rounded\"><img decoding=\"async\" src=\"https:\/\/evolve-fitness.eu\/wp-content\/uploads\/2025\/05\/EV-WP-TP-9-1024x683.jpg\" alt=\"\" class=\"wp-image-197927\"\/><\/figure>\n<\/div>\n<\/div>\n<\/div>\n<\/div>\n<\/section>\n<\/section>\n","protected":false},"excerpt":{"rendered":"<p>El Juego de Barras Evolve Econ Series con Platos de Peso de Uretano TPU est\u00e1 dise\u00f1ado para atletas que buscan un equipamiento de gimnasio duradero y de alta calidad. Este completo conjunto incluye la fiable Barra Ol\u00edmpica Evolve Econ Series (220 cm \/ 20 kg), los seguros Collares para Barra Ol\u00edmpica Evolve y los resistentes Platos de Peso de Uretano TPU (1,25-25 kg). Ideal para los entusiastas del entrenamiento de fuerza, este conjunto ofrece el equilibrio perfecto entre rendimiento, seguridad y versatilidad.<\/p>\n","protected":false},"featured_media":129687,"template":"","meta":{"_acf_changed":false,"inline_featured_image":false},"product_cat":[983,2192],"product_tag":[],"class_list":{"0":"post-129429","1":"product","2":"type-product","3":"status-publish","4":"has-post-thumbnail","6":"product_cat-pesos-libres","7":"product_cat-juegos-de-bar","9":"first","10":"outofstock","11":"shipping-taxable","12":"purchasable","13":"product-type-variable"},"acf":[],"_links":{"self":[{"href":"https:\/\/store.evolve-fitness.eu\/es\/wp-json\/wp\/v2\/product\/129429","targetHints":{"allow":["GET"]}}],"collection":[{"href":"https:\/\/store.evolve-fitness.eu\/es\/wp-json\/wp\/v2\/product"}],"about":[{"href":"https:\/\/store.evolve-fitness.eu\/es\/wp-json\/wp\/v2\/types\/product"}],"wp:featuredmedia":[{"embeddable":true,"href":"https:\/\/store.evolve-fitness.eu\/es\/wp-json\/wp\/v2\/media\/129687"}],"wp:attachment":[{"href":"https:\/\/store.evolve-fitness.eu\/es\/wp-json\/wp\/v2\/media?parent=129429"}],"wp:term":[{"taxonomy":"product_cat","embeddable":true,"href":"https:\/\/store.evolve-fitness.eu\/es\/wp-json\/wp\/v2\/product_cat?post=129429"},{"taxonomy":"product_tag","embeddable":true,"href":"https:\/\/store.evolve-fitness.eu\/es\/wp-json\/wp\/v2\/product_tag?post=129429"}],"curies":[{"name":"wp","href":"https:\/\/api.w.org\/{rel}","templated":true}]}}