{"id":129207,"date":"2025-05-13T11:24:35","date_gmt":"2025-05-13T11:24:35","guid":{"rendered":"https:\/\/store.evolve-fitness.eu\/?post_type=product&#038;p=129207"},"modified":"2025-07-23T00:56:56","modified_gmt":"2025-07-23T00:56:56","slug":"evolve-urethane-body-pump-set-195-kg-7","status":"publish","type":"product","link":"https:\/\/store.evolve-fitness.eu\/es\/producto\/evolve-urethane-body-pump-set-195-kg-7\/","title":{"rendered":"Juego de Barras Evolve Econ Series Con Platos de Goma para las Pesas"},"content":{"rendered":"\n<section class=\"wp-block-group alignfull black-content has-white-color has-darkgray-background-color has-text-color has-background is-layout-constrained wp-block-group-is-layout-constrained\" style=\"padding-top:var(--wp--preset--spacing--section-bottom);padding-bottom:var(--wp--preset--spacing--section-bottom)\">\n<section class=\"wp-block-group alignfull black-content has-white-color has-darkgray-background-color has-text-color has-background is-layout-constrained wp-block-group-is-layout-constrained\" style=\"padding-top:var(--wp--preset--spacing--section-bottom);padding-bottom:var(--wp--preset--spacing--section-bottom)\">\n<div class=\"wp-block-columns alignwide mobile-reverse is-layout-flex wp-container-core-columns-is-layout-ca64bf2d wp-block-columns-is-layout-flex\" style=\"margin-bottom:var(--wp--preset--spacing--side-padding)\">\n<div class=\"wp-block-column is-vertically-aligned-center is-layout-flow wp-block-column-is-layout-flow\">\n<h3 class=\"wp-block-heading\" style=\"margin-bottom:var(--wp--preset--spacing--h-3-bottom)\">Juego de barras Evolve Econ Series &#8211; Entrenamiento de fuerza fiable para tu gimnasio en casa<\/h3>\n\n\n\n<p style=\"margin-bottom:var(--wp--preset--spacing--tb-section-padding)\">El <strong>Juego de Barras Evolve Econ Series<\/strong> est\u00e1 dise\u00f1ado para los entusiastas del fitness que buscan una soluci\u00f3n de entrenamiento de fuerza asequible y de alta calidad. Este conjunto combina la duradera <strong>Barra Ol\u00edmpica Evolve Econ Series (220 cm \/ 20 kg)<\/strong>, los seguros <strong>Collares para Barra Ol\u00edmpica Evolve<\/strong> y los vers\u00e1tiles <strong>Platos de Goma Evolve (1,25-25 kg)<\/strong>. Tanto si est\u00e1s construyendo un nuevo gimnasio en casa como actualizando tu configuraci\u00f3n actual, este conjunto ofrece un rendimiento fiable para diversas rutinas de entrenamiento de fuerza.  <\/p>\n<\/div>\n\n\n\n<div class=\"wp-block-column is-vertically-aligned-center is-layout-flow wp-block-column-is-layout-flow\">\n<figure class=\"wp-block-image size-large is-style-rounded\"><img loading=\"lazy\" decoding=\"async\" width=\"1024\" height=\"683\" src=\"https:\/\/store.evolve-fitness.eu\/wp-content\/uploads\/2025\/05\/EV-WP-RB-1-1024x683.jpg\" alt=\"\" class=\"wp-image-128671\" srcset=\"https:\/\/store.evolve-fitness.eu\/wp-content\/uploads\/2025\/05\/EV-WP-RB-1-1024x683.jpg 1024w, https:\/\/store.evolve-fitness.eu\/wp-content\/uploads\/2025\/05\/EV-WP-RB-1-300x200.jpg 300w, https:\/\/store.evolve-fitness.eu\/wp-content\/uploads\/2025\/05\/EV-WP-RB-1-768x512.jpg 768w, https:\/\/store.evolve-fitness.eu\/wp-content\/uploads\/2025\/05\/EV-WP-RB-1-1536x1024.jpg 1536w, https:\/\/store.evolve-fitness.eu\/wp-content\/uploads\/2025\/05\/EV-WP-RB-1-2048x1365.jpg 2048w, https:\/\/store.evolve-fitness.eu\/wp-content\/uploads\/2025\/05\/EV-WP-RB-1-600x400.jpg 600w\" sizes=\"auto, (max-width: 1024px) 100vw, 1024px\" \/><\/figure>\n<\/div>\n<\/div>\n\n\n\n<div class=\"wp-block-columns alignwide is-layout-flex wp-container-core-columns-is-layout-c45ee707 wp-block-columns-is-layout-flex\" style=\"margin-bottom:var(--wp--preset--spacing--side-padding);padding-top:var(--wp--preset--spacing--side-padding)\">\n<div class=\"wp-block-column is-vertically-aligned-center is-layout-flow wp-block-column-is-layout-flow\">\n<figure class=\"wp-block-video\"><video height=\"2160\" style=\"aspect-ratio: 3840 \/ 2160;\" width=\"3840\" controls=\"\" src=\"https:\/\/store.evolve-fitness.eu\/wp-content\/uploads\/2025\/05\/EV-OB-CK-201-Evolve-Cerakote-Series-Olympic-Woman-201-cm-15-kg-1.mp4\"><\/video><\/figure>\n<\/div>\n\n\n\n<div class=\"wp-block-column is-vertically-aligned-center is-layout-flow wp-block-column-is-layout-flow\">\n<h3 class=\"wp-block-heading\" style=\"margin-bottom:var(--wp--preset--spacing--h-3-bottom)\">Duradera y Funcional &#8211; Barra Ol\u00edmpica Serie Econ<\/h3>\n\n\n\n<p style=\"margin-bottom:var(--wp--preset--spacing--tb-section-padding)\">El n\u00facleo del conjunto es la <strong>barra ol\u00edmpica Evolve Econ Series<\/strong>, que mide 220 cm y pesa 20 kg. Fabricada en acero de alta calidad, proporciona una resistencia y longevidad fiables. La barra presenta un moleteado de profundidad media para un agarre c\u00f3modo y seguro, ideal para diversas t\u00e9cnicas de levantamiento. Su robusta construcci\u00f3n garantiza la estabilidad incluso durante entrenamientos de alta intensidad.   <\/p>\n<\/div>\n<\/div>\n\n\n\n<div class=\"wp-block-columns alignwide mobile-reverse is-layout-flex wp-container-core-columns-is-layout-ca64bf2d wp-block-columns-is-layout-flex\" style=\"margin-bottom:var(--wp--preset--spacing--side-padding)\">\n<div class=\"wp-block-column is-vertically-aligned-center is-layout-flow wp-block-column-is-layout-flow\">\n<h3 class=\"wp-block-heading\" style=\"margin-bottom:var(--wp--preset--spacing--h-3-bottom)\">Elevaci\u00f3n segura &#8211; Collares para barras ol\u00edmpicas<\/h3>\n\n\n\n<p style=\"margin-bottom:var(--wp--preset--spacing--tb-section-padding)\">Para aumentar la seguridad durante el levantamiento, el conjunto incluye <strong>los Collares para Barras Ol\u00edmpicas Evolve<\/strong>. Estos collares est\u00e1n dise\u00f1ados para bloquear firmemente los platos de pesas en su sitio, minimizando el movimiento y manteniendo el equilibrio durante tu entrenamiento. R\u00e1pidos y f\u00e1ciles de usar, a\u00f1aden una capa de seguridad a tu rutina de entrenamiento de fuerza.  <\/p>\n<\/div>\n\n\n\n<div class=\"wp-block-column is-vertically-aligned-center is-layout-flow wp-block-column-is-layout-flow\">\n<figure class=\"wp-block-video\"><video height=\"1080\" style=\"aspect-ratio: 1920 \/ 1080;\" width=\"1920\" controls=\"\" src=\"https:\/\/store.evolve-fitness.eu\/wp-content\/uploads\/2025\/05\/EV-OC-CC-02-1.mp4\"><\/video><\/figure>\n<\/div>\n<\/div>\n\n\n\n<div class=\"wp-block-columns alignwide is-layout-flex wp-container-core-columns-is-layout-c45ee707 wp-block-columns-is-layout-flex\" style=\"margin-bottom:var(--wp--preset--spacing--side-padding);padding-top:var(--wp--preset--spacing--side-padding)\">\n<div class=\"wp-block-column is-vertically-aligned-center is-layout-flow wp-block-column-is-layout-flow\">\n<figure class=\"wp-block-image size-large is-style-rounded\"><img loading=\"lazy\" decoding=\"async\" width=\"1024\" height=\"683\" src=\"https:\/\/store.evolve-fitness.eu\/wp-content\/uploads\/2025\/05\/EV-WP-RB-11-1024x683.jpg\" alt=\"\" class=\"wp-image-128771\" srcset=\"https:\/\/store.evolve-fitness.eu\/wp-content\/uploads\/2025\/05\/EV-WP-RB-11-1024x683.jpg 1024w, https:\/\/store.evolve-fitness.eu\/wp-content\/uploads\/2025\/05\/EV-WP-RB-11-300x200.jpg 300w, https:\/\/store.evolve-fitness.eu\/wp-content\/uploads\/2025\/05\/EV-WP-RB-11-768x512.jpg 768w, https:\/\/store.evolve-fitness.eu\/wp-content\/uploads\/2025\/05\/EV-WP-RB-11-1536x1024.jpg 1536w, https:\/\/store.evolve-fitness.eu\/wp-content\/uploads\/2025\/05\/EV-WP-RB-11-2048x1365.jpg 2048w, https:\/\/store.evolve-fitness.eu\/wp-content\/uploads\/2025\/05\/EV-WP-RB-11-600x400.jpg 600w\" sizes=\"auto, (max-width: 1024px) 100vw, 1024px\" \/><\/figure>\n<\/div>\n\n\n\n<div class=\"wp-block-column is-vertically-aligned-center is-layout-flow wp-block-column-is-layout-flow\">\n<h3 class=\"wp-block-heading\" style=\"margin-bottom:var(--wp--preset--spacing--h-3-bottom)\">Vers\u00e1tiles y resistentes &#8211; Platos de goma para pesas<\/h3>\n\n\n\n<p>El conjunto viene con <strong>platos de goma Evolve<\/strong> de 1,25 a 25 kg, lo que lo hace adecuado tanto para principiantes como para levantadores experimentados. La duradera construcci\u00f3n de goma minimiza el ruido y los da\u00f1os en el suelo, mientras que el dise\u00f1o moldeado con precisi\u00f3n garantiza una distribuci\u00f3n estable y equilibrada del peso. Estos platos son ideales para diversos ejercicios, como sentadillas, peso muerto y press de banca.  <\/p>\n<\/div>\n<\/div>\n\n\n\n<div class=\"wp-block-columns alignwide is-layout-flex wp-container-core-columns-is-layout-c45ee707 wp-block-columns-is-layout-flex\" style=\"margin-bottom:var(--wp--preset--spacing--side-padding);padding-top:var(--wp--preset--spacing--side-padding)\">\n<div class=\"wp-block-column is-vertically-aligned-center is-layout-flow wp-block-column-is-layout-flow\">\n<h3 class=\"wp-block-heading\" style=\"margin-bottom:var(--wp--preset--spacing--h-3-bottom)\">Eleva tu entrenamiento con Evolve<\/h3>\n\n\n\n<p>El <strong>Juego de Barras Evolve Econ Series<\/strong> est\u00e1 pensado para quienes buscan durabilidad, funcionalidad y asequibilidad en su equipo de entrenamiento de fuerza. Con componentes de calidad y un dise\u00f1o bien pensado, este conjunto te ayuda a maximizar tu rendimiento y alcanzar tus objetivos de fitness con eficacia. <br\/><\/p>\n<\/div>\n\n\n\n<div class=\"wp-block-column is-vertically-aligned-center is-layout-flow wp-block-column-is-layout-flow\">\n<div class=\"wp-block-columns is-layout-flex wp-container-core-columns-is-layout-9d6595d7 wp-block-columns-is-layout-flex\">\n<div class=\"wp-block-column is-layout-flow wp-block-column-is-layout-flow\">\n<figure class=\"wp-block-image size-large is-style-rounded\"><img loading=\"lazy\" decoding=\"async\" width=\"1024\" height=\"683\" src=\"https:\/\/store.evolve-fitness.eu\/wp-content\/uploads\/2025\/05\/EV-WP-RB-6-1024x683.jpg\" alt=\"\" class=\"wp-image-128796\" srcset=\"https:\/\/store.evolve-fitness.eu\/wp-content\/uploads\/2025\/05\/EV-WP-RB-6-1024x683.jpg 1024w, https:\/\/store.evolve-fitness.eu\/wp-content\/uploads\/2025\/05\/EV-WP-RB-6-300x200.jpg 300w, https:\/\/store.evolve-fitness.eu\/wp-content\/uploads\/2025\/05\/EV-WP-RB-6-768x512.jpg 768w, https:\/\/store.evolve-fitness.eu\/wp-content\/uploads\/2025\/05\/EV-WP-RB-6-1536x1024.jpg 1536w, https:\/\/store.evolve-fitness.eu\/wp-content\/uploads\/2025\/05\/EV-WP-RB-6-2048x1365.jpg 2048w, https:\/\/store.evolve-fitness.eu\/wp-content\/uploads\/2025\/05\/EV-WP-RB-6-600x400.jpg 600w\" sizes=\"auto, (max-width: 1024px) 100vw, 1024px\" \/><\/figure>\n<\/div>\n<\/div>\n<\/div>\n<\/div>\n<\/section>\n<\/section>\n","protected":false},"excerpt":{"rendered":"<p>El Juego de Barras Evolve Econ Series est\u00e1 dise\u00f1ado para los entusiastas del fitness que buscan una soluci\u00f3n de entrenamiento de fuerza asequible y de alta calidad. Este conjunto combina la duradera Barra Ol\u00edmpica Evolve Econ Series (220 cm \/ 20 kg), los seguros Collares para Barra Ol\u00edmpica Evolve y los vers\u00e1tiles Platos de Goma Evolve (1,25-25 kg). Tanto si est\u00e1s construyendo un nuevo gimnasio en casa como actualizando tu configuraci\u00f3n actual, este conjunto ofrece un rendimiento fiable para diversas rutinas de entrenamiento de fuerza.<\/p>\n","protected":false},"featured_media":128669,"template":"","meta":{"_acf_changed":false,"inline_featured_image":false},"product_cat":[2192,983],"product_tag":[],"class_list":{"0":"post-129207","1":"product","2":"type-product","3":"status-publish","4":"has-post-thumbnail","6":"product_cat-juegos-de-bar","7":"product_cat-pesos-libres","9":"first","10":"outofstock","11":"shipping-taxable","12":"purchasable","13":"product-type-variable"},"acf":[],"_links":{"self":[{"href":"https:\/\/store.evolve-fitness.eu\/es\/wp-json\/wp\/v2\/product\/129207","targetHints":{"allow":["GET"]}}],"collection":[{"href":"https:\/\/store.evolve-fitness.eu\/es\/wp-json\/wp\/v2\/product"}],"about":[{"href":"https:\/\/store.evolve-fitness.eu\/es\/wp-json\/wp\/v2\/types\/product"}],"wp:featuredmedia":[{"embeddable":true,"href":"https:\/\/store.evolve-fitness.eu\/es\/wp-json\/wp\/v2\/media\/128669"}],"wp:attachment":[{"href":"https:\/\/store.evolve-fitness.eu\/es\/wp-json\/wp\/v2\/media?parent=129207"}],"wp:term":[{"taxonomy":"product_cat","embeddable":true,"href":"https:\/\/store.evolve-fitness.eu\/es\/wp-json\/wp\/v2\/product_cat?post=129207"},{"taxonomy":"product_tag","embeddable":true,"href":"https:\/\/store.evolve-fitness.eu\/es\/wp-json\/wp\/v2\/product_tag?post=129207"}],"curies":[{"name":"wp","href":"https:\/\/api.w.org\/{rel}","templated":true}]}}