{"id":125379,"date":"2025-04-14T07:30:34","date_gmt":"2025-04-14T07:30:34","guid":{"rendered":"https:\/\/store.evolve-fitness.eu\/?post_type=product&#038;p=125379"},"modified":"2025-04-14T07:38:38","modified_gmt":"2025-04-14T07:38:38","slug":"evolve-tpu-juego-de-10-pares-de-mancuernas-hexagonales-2-x-125-35-kg","status":"publish","type":"product","link":"https:\/\/store.evolve-fitness.eu\/es\/producto\/evolve-tpu-juego-de-10-pares-de-mancuernas-hexagonales-2-x-125-35-kg\/","title":{"rendered":"Evolve TPU Juego de 10 Pares de Mancuernas Hexagonales 2 x 12,5 &#8211; 35 kg"},"content":{"rendered":"\n<section class=\"wp-block-group alignfull black-content has-white-color has-darkgray-background-color has-text-color has-background is-layout-constrained wp-block-group-is-layout-constrained\" style=\"padding-top:var(--wp--preset--spacing--section-bottom);padding-bottom:var(--wp--preset--spacing--section-bottom)\">\n<div class=\"wp-block-columns alignwide is-layout-flex wp-container-core-columns-is-layout-c45ee707 wp-block-columns-is-layout-flex\" style=\"margin-bottom:var(--wp--preset--spacing--side-padding);padding-top:var(--wp--preset--spacing--side-padding)\">\n<div class=\"wp-block-column is-vertically-aligned-center is-layout-flow wp-block-column-is-layout-flow\">\n<div class=\"wp-block-columns is-layout-flex wp-container-core-columns-is-layout-9d6595d7 wp-block-columns-is-layout-flex\">\n<div class=\"wp-block-column is-layout-flow wp-block-column-is-layout-flow\">\n<figure class=\"wp-block-image size-full is-style-rounded\"><img decoding=\"async\" src=\"https:\/\/evolve-fitness.eu\/wp-content\/uploads\/2023\/11\/Evolve-hex-dumbbells-5.png\" alt=\"\" class=\"wp-image-5356\"\/><\/figure>\n<\/div>\n<\/div>\n<\/div>\n\n\n\n<div class=\"wp-block-column is-vertically-aligned-center is-layout-flow wp-block-column-is-layout-flow\">\n<h3 class=\"wp-block-heading\"><strong>Dise\u00f1o funcional para cada entrenamiento<\/strong><\/h3>\n\n\n\n<p><strong><em><strong><em>Supera tus l\u00edmites<\/em><\/strong><\/em><\/strong><\/p>\n\n\n\n<p>Dise\u00f1adas pensando en la practicidad, nuestras mancuernas cuentan con cabezales recubiertos de goma para mejorar la durabilidad, proteger su espacio y reducir el ruido. La innovadora forma hexagonal evita que ruede, facilitando una gran variedad de ejercicios para aquellos que disfrutan con las rutinas funcionales o de crossfit. Con n\u00fameros de peso claramente grabados en relieve y cortados con l\u00e1ser, la selecci\u00f3n es sencilla, garantizando una transici\u00f3n fluida entre pesos.<\/p>\n<\/div>\n<\/div>\n\n\n\n<div class=\"wp-block-columns alignwide is-layout-flex wp-container-core-columns-is-layout-c45ee707 wp-block-columns-is-layout-flex\" style=\"margin-bottom:var(--wp--preset--spacing--side-padding);padding-top:var(--wp--preset--spacing--side-padding)\">\n<div class=\"wp-block-column is-vertically-aligned-center is-layout-flow wp-block-column-is-layout-flow\">\n<h3 class=\"wp-block-heading\"><strong>Excelencia ergon\u00f3mica<\/strong><\/h3>\n\n\n\n<p><strong><em><strong><em>M\u00e1ximo rendimiento<\/em><\/strong><\/em><\/strong><\/p>\n\n\n\n<p style=\"margin-bottom:var(--wp--preset--spacing--tb-section-padding)\">Experimente la comodidad de nuestras mancuernas de dise\u00f1o ergon\u00f3mico. Cada asa est\u00e1 cuidadosamente curvada y recubierta con un acabado de cromo duro, que no s\u00f3lo a\u00f1ade un toque elegante y moderno, sino que tambi\u00e9n protege contra la oxidaci\u00f3n. El moleteado garantiza un agarre firme, lo que permite a los usuarios entrenar con confianza y seguridad.<\/p>\n<\/div>\n\n\n\n<div class=\"wp-block-column is-vertically-aligned-center is-layout-flow wp-block-column-is-layout-flow\">\n<div class=\"wp-block-columns is-layout-flex wp-container-core-columns-is-layout-9d6595d7 wp-block-columns-is-layout-flex\">\n<div class=\"wp-block-column is-layout-flow wp-block-column-is-layout-flow\">\n<figure class=\"wp-block-image size-full is-resized is-style-rounded\"><img decoding=\"async\" src=\"https:\/\/evolve-fitness.eu\/wp-content\/uploads\/2023\/12\/A7_05929.jpg\" alt=\"\" class=\"wp-image-7933\" style=\"object-fit:cover;width:680px;height:600px\"\/><\/figure>\n<\/div>\n<\/div>\n<\/div>\n<\/div>\n\n\n\n<div class=\"wp-block-columns alignwide is-layout-flex wp-container-core-columns-is-layout-c45ee707 wp-block-columns-is-layout-flex\" style=\"margin-bottom:var(--wp--preset--spacing--side-padding);padding-top:var(--wp--preset--spacing--side-padding)\">\n<div class=\"wp-block-column is-vertically-aligned-center is-layout-flow wp-block-column-is-layout-flow\">\n<figure class=\"wp-block-image size-full is-resized is-style-rounded\"><img decoding=\"async\" src=\"https:\/\/evolve-fitness.eu\/wp-content\/uploads\/2023\/11\/Evolve-hex-dumbbells.png\" alt=\"\" class=\"wp-image-5346\" style=\"object-fit:cover;width:680px;height:600px\"\/><\/figure>\n<\/div>\n\n\n\n<div class=\"wp-block-column is-vertically-aligned-center is-layout-constrained wp-block-column-is-layout-constrained\">\n<h3 class=\"wp-block-heading\"><strong>Personalizaci\u00f3n para elevar su marca<\/strong><\/h3>\n\n\n\n<p><strong><em><strong><em>Mancuernas Evolve Custom Fit<\/em><\/strong><\/em><\/strong><\/p>\n\n\n\n<p>Realce el atractivo de su establecimiento con las mancuernas hexagonales Evolve. No s\u00f3lo ofrecemos equipos de entrenamiento de calidad superior, sino que tambi\u00e9n proporcionamos servicios de personalizaci\u00f3n para alinearnos con la est\u00e9tica de su marca. Elija integrar los colores y el logotipo de su marca a la perfecci\u00f3n con nuestro proceso de corte por l\u00e1ser e infusi\u00f3n de uretano. Con Evolve, su equipo de fitness no es s\u00f3lo una herramienta para hacer ejercicio; es un reflejo de su compromiso con la calidad y el estilo.<\/p>\n<\/div>\n<\/div>\n\n\n\n<div class=\"wp-block-columns alignwide is-layout-flex wp-container-core-columns-is-layout-c45ee707 wp-block-columns-is-layout-flex\" style=\"margin-bottom:var(--wp--preset--spacing--side-padding);padding-top:var(--wp--preset--spacing--side-padding)\">\n<div class=\"wp-block-column is-vertically-aligned-center is-layout-flow wp-block-column-is-layout-flow\">\n<h3 class=\"wp-block-heading\"><strong>Amplio espectro de pesos<\/strong><\/h3>\n\n\n\n<p><strong><em><strong><em>Supera tus l\u00edmites<\/em><\/strong><\/em><\/strong><\/p>\n\n\n\n<p>Nuestra variada gama de pesos, que va de 1 kg a 60 kg, se adapta a todos los niveles de fuerza y destreza en el entrenamiento. Disponibles en pares o juegos, las mancuernas Evolve Hexagon se adaptan a todo el espectro de usuarios, desde los principiantes que se embarcan en su viaje de fitness hasta los atletas experimentados que buscan superar sus l\u00edmites.<\/p>\n<\/div>\n\n\n\n<div class=\"wp-block-column is-vertically-aligned-center is-layout-flow wp-block-column-is-layout-flow\">\n<div class=\"wp-block-columns is-layout-flex wp-container-core-columns-is-layout-9d6595d7 wp-block-columns-is-layout-flex\">\n<div class=\"wp-block-column is-layout-flow wp-block-column-is-layout-flow\">\n<figure class=\"wp-block-image size-full is-style-rounded\"><img decoding=\"async\" src=\"https:\/\/evolve-fitness.eu\/wp-content\/uploads\/2023\/11\/Evolve-hex-dumbbells-4-1.png\" alt=\"\" class=\"wp-image-5354\"\/><\/figure>\n<\/div>\n<\/div>\n<\/div>\n<\/div>\n\n\n\n<div class=\"wp-block-columns alignwide is-layout-flex wp-container-core-columns-is-layout-c45ee707 wp-block-columns-is-layout-flex\" style=\"margin-bottom:var(--wp--preset--spacing--side-padding);padding-top:var(--wp--preset--spacing--side-padding)\">\n<div class=\"wp-block-column is-vertically-aligned-center is-layout-flow wp-block-column-is-layout-flow\">\n<div class=\"wp-block-columns is-layout-flex wp-container-core-columns-is-layout-9d6595d7 wp-block-columns-is-layout-flex\">\n<div class=\"wp-block-column is-layout-flow wp-block-column-is-layout-flow\">\n<figure class=\"wp-block-video\"><video autoplay=\"\" controls=\"\" loop=\"\" muted=\"\" src=\"https:\/\/evolve-fitness.eu\/wp-content\/uploads\/2023\/11\/1.mp4\"><\/video><\/figure>\n<\/div>\n<\/div>\n<\/div>\n\n\n\n<div class=\"wp-block-column is-vertically-aligned-center is-layout-flow wp-block-column-is-layout-flow\">\n<h3 class=\"wp-block-heading\"><strong>Elegancia t\u00e9cnica<\/strong><\/h3>\n\n\n\n<p><strong><em><strong>Rendimiento duradero<\/strong><\/em><\/strong><\/p>\n\n\n\n<p>Las mancuernas Evolve Hexagon son un paradigma de sofisticaci\u00f3n t\u00e9cnica y dise\u00f1o est\u00e9tico, desde las cabezas recubiertas de goma hasta el agarre contorneado y cromado. La forma hexagonal mantiene el equilibrio, mientras que los detalles cortados a l\u00e1ser reflejan nuestro compromiso con la excelencia. Evolucione con nosotros y d\u00e9 el primer paso hacia una experiencia de formaci\u00f3n superior.<\/p>\n<\/div>\n<\/div>\n<\/section>\n","protected":false},"excerpt":{"rendered":"<p>Las mancuernas de goma hexagonales Evolve est\u00e1n fabricadas con una capa de goma duradera que protege la aleaci\u00f3n met\u00e1lica de los da\u00f1os y la corrosi\u00f3n. El mango moleteado y cromado, la indicaci\u00f3n de peso en relieve, el logotipo cortado con l\u00e1ser e infundido en uretano y la indicaci\u00f3n de peso proporcionan funcionalidad. El juego incluye 10 pares de mancuernas: 12,5 kg \/ 15 kg \/ 17,5 kg \/ 20 kg \/ 22,5 kg \/ 25 kg \/ 27,5 kg \/ 30 kg \/ 32,5 kg \/ 35 kg. Peso total: 475 kg.  <\/p>\n","protected":false},"featured_media":94871,"template":"","meta":{"_acf_changed":false,"inline_featured_image":false},"product_cat":[2410,983,1318],"product_tag":[],"class_list":{"0":"post-125379","1":"product","2":"type-product","3":"status-publish","4":"has-post-thumbnail","6":"product_cat-engranaje-hyrox","7":"product_cat-pesos-libres","8":"product_cat-mancuernas","10":"first","11":"instock","12":"shipping-taxable","13":"purchasable","14":"product-type-simple"},"acf":[],"_links":{"self":[{"href":"https:\/\/store.evolve-fitness.eu\/es\/wp-json\/wp\/v2\/product\/125379","targetHints":{"allow":["GET"]}}],"collection":[{"href":"https:\/\/store.evolve-fitness.eu\/es\/wp-json\/wp\/v2\/product"}],"about":[{"href":"https:\/\/store.evolve-fitness.eu\/es\/wp-json\/wp\/v2\/types\/product"}],"wp:featuredmedia":[{"embeddable":true,"href":"https:\/\/store.evolve-fitness.eu\/es\/wp-json\/wp\/v2\/media\/94871"}],"wp:attachment":[{"href":"https:\/\/store.evolve-fitness.eu\/es\/wp-json\/wp\/v2\/media?parent=125379"}],"wp:term":[{"taxonomy":"product_cat","embeddable":true,"href":"https:\/\/store.evolve-fitness.eu\/es\/wp-json\/wp\/v2\/product_cat?post=125379"},{"taxonomy":"product_tag","embeddable":true,"href":"https:\/\/store.evolve-fitness.eu\/es\/wp-json\/wp\/v2\/product_tag?post=125379"}],"curies":[{"name":"wp","href":"https:\/\/api.w.org\/{rel}","templated":true}]}}