{"id":123831,"date":"2025-03-31T07:37:32","date_gmt":"2025-03-31T07:37:32","guid":{"rendered":"https:\/\/store.evolve-fitness.eu\/?post_type=product&#038;p=123831"},"modified":"2026-03-11T12:00:49","modified_gmt":"2026-03-11T12:00:49","slug":"soporte-para-platos-de-pesas-evolve-econ-series","status":"publish","type":"product","link":"https:\/\/store.evolve-fitness.eu\/es\/producto\/soporte-para-platos-de-pesas-evolve-econ-series\/","title":{"rendered":"Soporte para Platos de Pesas Evolve Econ Series"},"content":{"rendered":"\n<section class=\"wp-block-group alignfull black-content has-white-color has-darkgray-background-color has-text-color has-background is-layout-constrained wp-block-group-is-layout-constrained\" style=\"padding-top:var(--wp--preset--spacing--section-bottom);padding-bottom:var(--wp--preset--spacing--section-bottom)\">\n<div class=\"wp-block-columns alignwide mobile-reverse is-layout-flex wp-container-core-columns-is-layout-ca64bf2d wp-block-columns-is-layout-flex\" style=\"margin-bottom:var(--wp--preset--spacing--side-padding)\">\n<div class=\"wp-block-column is-vertically-aligned-center is-layout-flow wp-block-column-is-layout-flow\">\n<h3 class=\"wp-block-heading\" style=\"margin-bottom:var(--wp--preset--spacing--h-3-bottom)\"><strong><strong><strong><strong><strong><strong><strong><strong><strong>Soluci\u00f3n de Almacenamiento de Placas Compacta y Eficiente<\/strong><\/strong><\/strong><\/strong><\/strong><\/strong><\/strong><\/strong><\/strong><\/h3>\n\n\n\n<p>El soporte para placas de pesas EV-RS-WP-100 de la serie Evolve Econ est\u00e1 dise\u00f1ado para proporcionar una forma fiable y que ahorra espacio de organizar las placas de pesas ol\u00edmpicas en cualquier gimnasio. Con su tama\u00f1o compacto y sus m\u00faltiples ganchos de almacenamiento, este soporte ayuda a mantener un entorno de entrenamiento limpio y accesible, al tiempo que prolonga la vida \u00fatil de tu equipo. <\/p>\n<\/div>\n\n\n\n<div class=\"wp-block-column is-vertically-aligned-center is-layout-flow wp-block-column-is-layout-flow\">\n<figure class=\"wp-block-image alignright size-full is-resized is-style-rounded\"><img loading=\"lazy\" decoding=\"async\" width=\"2970\" height=\"2970\" src=\"https:\/\/store.evolve-fitness.eu\/wp-content\/uploads\/2025\/03\/Dizainas-be-pavadinimo-43-2.png\" alt=\"\" class=\"wp-image-123873\" style=\"object-fit:cover;width:680px;height:600px\" srcset=\"https:\/\/store.evolve-fitness.eu\/wp-content\/uploads\/2025\/03\/Dizainas-be-pavadinimo-43-2.png 2970w, https:\/\/store.evolve-fitness.eu\/wp-content\/uploads\/2025\/03\/Dizainas-be-pavadinimo-43-2-300x300.png 300w, https:\/\/store.evolve-fitness.eu\/wp-content\/uploads\/2025\/03\/Dizainas-be-pavadinimo-43-2-1024x1024.png 1024w, https:\/\/store.evolve-fitness.eu\/wp-content\/uploads\/2025\/03\/Dizainas-be-pavadinimo-43-2-150x150.png 150w, https:\/\/store.evolve-fitness.eu\/wp-content\/uploads\/2025\/03\/Dizainas-be-pavadinimo-43-2-768x768.png 768w, https:\/\/store.evolve-fitness.eu\/wp-content\/uploads\/2025\/03\/Dizainas-be-pavadinimo-43-2-1536x1536.png 1536w, https:\/\/store.evolve-fitness.eu\/wp-content\/uploads\/2025\/03\/Dizainas-be-pavadinimo-43-2-2048x2048.png 2048w, https:\/\/store.evolve-fitness.eu\/wp-content\/uploads\/2025\/03\/Dizainas-be-pavadinimo-43-2-600x600.png 600w, https:\/\/store.evolve-fitness.eu\/wp-content\/uploads\/2025\/03\/Dizainas-be-pavadinimo-43-2-100x100.png 100w\" sizes=\"auto, (max-width: 2970px) 100vw, 2970px\" \/><\/figure>\n<\/div>\n<\/div>\n\n\n\n<div class=\"wp-block-columns alignwide is-layout-flex wp-container-core-columns-is-layout-c45ee707 wp-block-columns-is-layout-flex\" style=\"margin-bottom:var(--wp--preset--spacing--side-padding);padding-top:var(--wp--preset--spacing--side-padding)\">\n<div class=\"wp-block-column is-vertically-aligned-center is-layout-flow wp-block-column-is-layout-flow\">\n<figure class=\"wp-block-image size-large\"><img loading=\"lazy\" decoding=\"async\" width=\"1024\" height=\"1024\" src=\"https:\/\/store.evolve-fitness.eu\/wp-content\/uploads\/2025\/03\/Dizainas-be-pavadinimo-43-3-1024x1024.png\" alt=\"\" class=\"wp-image-123898\" srcset=\"https:\/\/store.evolve-fitness.eu\/wp-content\/uploads\/2025\/03\/Dizainas-be-pavadinimo-43-3-1024x1024.png 1024w, https:\/\/store.evolve-fitness.eu\/wp-content\/uploads\/2025\/03\/Dizainas-be-pavadinimo-43-3-300x300.png 300w, https:\/\/store.evolve-fitness.eu\/wp-content\/uploads\/2025\/03\/Dizainas-be-pavadinimo-43-3-150x150.png 150w, https:\/\/store.evolve-fitness.eu\/wp-content\/uploads\/2025\/03\/Dizainas-be-pavadinimo-43-3-768x768.png 768w, https:\/\/store.evolve-fitness.eu\/wp-content\/uploads\/2025\/03\/Dizainas-be-pavadinimo-43-3-1536x1536.png 1536w, https:\/\/store.evolve-fitness.eu\/wp-content\/uploads\/2025\/03\/Dizainas-be-pavadinimo-43-3-2048x2048.png 2048w, https:\/\/store.evolve-fitness.eu\/wp-content\/uploads\/2025\/03\/Dizainas-be-pavadinimo-43-3-600x600.png 600w, https:\/\/store.evolve-fitness.eu\/wp-content\/uploads\/2025\/03\/Dizainas-be-pavadinimo-43-3-100x100.png 100w\" sizes=\"auto, (max-width: 1024px) 100vw, 1024px\" \/><\/figure>\n<\/div>\n\n\n\n<div class=\"wp-block-column is-vertically-aligned-center is-layout-constrained wp-block-column-is-layout-constrained\">\n<h3 class=\"wp-block-heading\" style=\"margin-bottom:var(--wp--preset--spacing--h-3-bottom)\"><strong><strong><strong><strong><strong><strong><strong><strong><strong>Construcci\u00f3n robusta con dise\u00f1o funcional<\/strong><\/strong><\/strong><\/strong><\/strong><\/strong><\/strong><\/strong><\/strong><\/h3>\n\n\n\n<p>Construido con acero duradero y acabado con un revestimiento de polvo protector, el EV-RS-WP-100 garantiza un rendimiento a largo plazo en condiciones de uso frecuente. La estanter\u00eda incluye seis clavijas horizontales colocadas a distintas alturas para adaptarse a distintos tama\u00f1os de planchas y permitir una carga y descarga r\u00e1pidas. Su amplia base y estructura reforzada proporcionan una excelente estabilidad, mientras que los pies de goma protegen el suelo y evitan resbalones.  <br\/><\/p>\n<\/div>\n<\/div>\n\n\n\n<p class=\"has-text-align-center has-medium-2-font-size\" style=\"padding-top:var(--wp--preset--spacing--tb-padding);padding-bottom:var(--wp--preset--spacing--tb-padding)\"><\/p>\n<\/section>\n","protected":false},"excerpt":{"rendered":"<p>El soporte para placas de pesas EV-RS-WP-100 de la serie Evolve Econ est\u00e1 dise\u00f1ado para proporcionar una forma fiable y que ahorra espacio de organizar las placas de pesas ol\u00edmpicas en cualquier gimnasio. Con su tama\u00f1o compacto y sus m\u00faltiples ganchos de almacenamiento, este soporte ayuda a mantener un entorno de entrenamiento limpio y accesible, al tiempo que prolonga la vida \u00fatil de tu equipo.<\/p>\n","protected":false},"featured_media":123871,"template":"","meta":{"_acf_changed":false,"inline_featured_image":false},"product_cat":[983,984],"product_tag":[],"class_list":{"0":"post-123831","1":"product","2":"type-product","3":"status-publish","4":"has-post-thumbnail","6":"product_cat-pesos-libres","7":"product_cat-estanterias-y-soluciones-de-almacenamiento","9":"first","10":"instock","11":"shipping-taxable","12":"purchasable","13":"product-type-simple"},"acf":[],"_links":{"self":[{"href":"https:\/\/store.evolve-fitness.eu\/es\/wp-json\/wp\/v2\/product\/123831","targetHints":{"allow":["GET"]}}],"collection":[{"href":"https:\/\/store.evolve-fitness.eu\/es\/wp-json\/wp\/v2\/product"}],"about":[{"href":"https:\/\/store.evolve-fitness.eu\/es\/wp-json\/wp\/v2\/types\/product"}],"wp:featuredmedia":[{"embeddable":true,"href":"https:\/\/store.evolve-fitness.eu\/es\/wp-json\/wp\/v2\/media\/123871"}],"wp:attachment":[{"href":"https:\/\/store.evolve-fitness.eu\/es\/wp-json\/wp\/v2\/media?parent=123831"}],"wp:term":[{"taxonomy":"product_cat","embeddable":true,"href":"https:\/\/store.evolve-fitness.eu\/es\/wp-json\/wp\/v2\/product_cat?post=123831"},{"taxonomy":"product_tag","embeddable":true,"href":"https:\/\/store.evolve-fitness.eu\/es\/wp-json\/wp\/v2\/product_tag?post=123831"}],"curies":[{"name":"wp","href":"https:\/\/api.w.org\/{rel}","templated":true}]}}