{"id":123101,"date":"2025-03-27T12:23:20","date_gmt":"2025-03-27T12:23:20","guid":{"rendered":"https:\/\/store.evolve-fitness.eu\/?post_type=product&#038;p=123101"},"modified":"2025-12-30T05:59:04","modified_gmt":"2025-12-30T05:59:04","slug":"evolve-gym-tiradores-rack-tiradores","status":"publish","type":"product","link":"https:\/\/store.evolve-fitness.eu\/es\/producto\/evolve-gym-tiradores-rack-tiradores\/","title":{"rendered":"Evolve Gym Tiradores Rack + Tiradores"},"content":{"rendered":"\n<section class=\"wp-block-group alignfull black-content has-white-color has-darkgray-background-color has-text-color has-background is-layout-constrained wp-block-group-is-layout-constrained\" style=\"padding-top:var(--wp--preset--spacing--section-bottom);padding-bottom:var(--wp--preset--spacing--section-bottom)\">\n<div class=\"wp-block-columns alignwide mobile-reverse is-layout-flex wp-container-core-columns-is-layout-ca64bf2d wp-block-columns-is-layout-flex\" style=\"margin-bottom:var(--wp--preset--spacing--side-padding)\">\n<div class=\"wp-block-column is-vertically-aligned-center is-layout-flow wp-block-column-is-layout-flow\">\n<h3 class=\"wp-block-heading\" style=\"margin-bottom:var(--wp--preset--spacing--h-3-bottom)\">Organ\u00edzate con Facilidad, Entrena con Confianza<\/h3>\n\n\n\n<p><strong><em><strong>Estanter\u00eda compacta con la m\u00e1xima comodidad<\/strong><\/em><\/strong><\/p>\n\n\n\n<p>El Juego de Asas de Neopreno Evolve no s\u00f3lo mantiene tu zona de entrenamiento limpia y organizada, sino que tambi\u00e9n mejora tu experiencia de ejercicio gracias a sus asas ergon\u00f3micas de neopreno de alta calidad. Las empu\u00f1aduras est\u00e1n cuidadosamente dise\u00f1adas para ejercitar los m\u00fasculos de la parte superior del cuerpo, trabajando eficazmente los brazos, los hombros, la espalda y el pecho durante diversos movimientos de tracci\u00f3n. Ideales para m\u00e1quinas de cable o configuraciones de entrenamiento de resistencia, estas asas ofrecen una versatilidad, durabilidad y comodidad excepcionales. Tanto si eres un entusiasta del fitness como un entrenador profesional, la incorporaci\u00f3n de estas asas de tracci\u00f3n de neopreno a tu rutina te ayudar\u00e1 a conseguir una fuerza equilibrada de la parte superior del cuerpo, una resistencia mejorada y un acondicionamiento general \u00f3ptimo.   <\/p>\n<\/div>\n\n\n\n<div class=\"wp-block-column is-vertically-aligned-center is-layout-flow wp-block-column-is-layout-flow\">\n<figure class=\"wp-block-video\"><video controls=\"\" src=\"https:\/\/evolve-fitness.eu\/wp-content\/uploads\/2025\/03\/VIDEO-EV-GH-PR-100-Evolve-Prime-Series-Neoprene-Gym-Handle-Set-1.mp4\"><\/video><\/figure>\n<\/div>\n<\/div>\n\n\n\n<div class=\"wp-block-columns is-layout-flex wp-container-core-columns-is-layout-9d6595d7 wp-block-columns-is-layout-flex\">\n<div class=\"wp-block-column is-layout-flow wp-block-column-is-layout-flow\">\n<div class=\"wp-block-columns is-layout-flex wp-container-core-columns-is-layout-9d6595d7 wp-block-columns-is-layout-flex\">\n<div class=\"wp-block-column is-layout-flow wp-block-column-is-layout-flow\">\n<figure class=\"wp-block-image size-large is-style-rounded\"><img decoding=\"async\" src=\"https:\/\/evolve-fitness.eu\/wp-content\/uploads\/2025\/03\/EV-GH-PR-100-Evolve-Prime-Series-Neoprene-Gym-Handle-Set-10-3-1024x683.jpg\" alt=\"\" class=\"wp-image-189545\"\/><\/figure>\n<\/div>\n\n\n\n<div class=\"wp-block-column is-layout-flow wp-block-column-is-layout-flow\">\n<h3 class=\"wp-block-heading\" style=\"margin-bottom:var(--wp--preset--spacing--h-3-bottom)\">Mejora la organizaci\u00f3n de tu gimnasio<\/h3>\n\n\n\n<p>Mejora la organizaci\u00f3n de tu gimnasio con el Juego de Asideros de Neopreno Evolve: Rack + Asas de tracci\u00f3n, un sistema vers\u00e1til y fiable dise\u00f1ado para maximizar tu espacio de entrenamiento. El duradero soporte almacena c\u00f3modamente las c\u00f3modas asas recubiertas de neopreno, proporcionando un f\u00e1cil acceso, una mayor longevidad y un aspecto profesional en cualquier entorno de fitness. Ideal tanto para instalaciones comerciales como para gimnasios dom\u00e9sticos, este conjunto garantiza entrenamientos fluidos, mayor seguridad y comodidad superior para atletas de todos los niveles.  <\/p>\n<\/div>\n<\/div>\n<\/div>\n<\/div>\n<\/section>\n","protected":false},"excerpt":{"rendered":"<p>El Juego de Asideros de Neopreno Evolve: Rack + Tiradores es una soluci\u00f3n de almacenamiento pr\u00e1ctica, robusta y vers\u00e1til, dise\u00f1ada para agilizar tu zona de entrenamiento. (EV-RS-GH-020SET) Fabricadas con neopreno de calidad, las asas de tracci\u00f3n ofrecen una comodidad excepcional, seguridad y un control de agarre superior, lo que las hace perfectas para usuarios de cualquier nivel de forma f\u00edsica. Ya sea para entornos de gimnasio dom\u00e9sticos o comerciales, este conjunto eleva tu espacio de entrenamiento organizando ordenadamente el equipo esencial y proporcionando un acceso r\u00e1pido a tus accesorios.<\/p>\n","protected":false},"featured_media":123141,"template":"","meta":{"_acf_changed":false,"inline_featured_image":false},"product_cat":[725],"product_tag":[],"class_list":{"0":"post-123101","1":"product","2":"type-product","3":"status-publish","4":"has-post-thumbnail","6":"product_cat-accesorios-es","8":"first","9":"instock","10":"shipping-taxable","11":"purchasable","12":"product-type-simple"},"acf":[],"_links":{"self":[{"href":"https:\/\/store.evolve-fitness.eu\/es\/wp-json\/wp\/v2\/product\/123101","targetHints":{"allow":["GET"]}}],"collection":[{"href":"https:\/\/store.evolve-fitness.eu\/es\/wp-json\/wp\/v2\/product"}],"about":[{"href":"https:\/\/store.evolve-fitness.eu\/es\/wp-json\/wp\/v2\/types\/product"}],"wp:featuredmedia":[{"embeddable":true,"href":"https:\/\/store.evolve-fitness.eu\/es\/wp-json\/wp\/v2\/media\/123141"}],"wp:attachment":[{"href":"https:\/\/store.evolve-fitness.eu\/es\/wp-json\/wp\/v2\/media?parent=123101"}],"wp:term":[{"taxonomy":"product_cat","embeddable":true,"href":"https:\/\/store.evolve-fitness.eu\/es\/wp-json\/wp\/v2\/product_cat?post=123101"},{"taxonomy":"product_tag","embeddable":true,"href":"https:\/\/store.evolve-fitness.eu\/es\/wp-json\/wp\/v2\/product_tag?post=123101"}],"curies":[{"name":"wp","href":"https:\/\/api.w.org\/{rel}","templated":true}]}}