{"id":121836,"date":"2025-03-26T09:53:29","date_gmt":"2025-03-26T09:53:29","guid":{"rendered":"https:\/\/store.evolve-fitness.eu\/?post_type=product&#038;p=121836"},"modified":"2025-11-07T11:27:30","modified_gmt":"2025-11-07T11:27:30","slug":"baldosa-evolve-100-x-100-cm-10-30-mm","status":"publish","type":"product","link":"https:\/\/store.evolve-fitness.eu\/es\/producto\/baldosa-evolve-100-x-100-cm-10-30-mm\/","title":{"rendered":"Baldosa Evolve 100 x 100 cm, 10 &#8211; 30 mm"},"content":{"rendered":"\n<p><\/p>\n\n<section class=\"wp-block-group alignfull has-lightgray-background-color has-background is-layout-constrained wp-block-group-is-layout-constrained\">\n<div class=\"wp-block-columns alignwide is-layout-flex wp-container-core-columns-is-layout-2edb0647 wp-block-columns-is-layout-flex\" style=\"margin-top:0;margin-bottom:0\">\n<div class=\"wp-block-column is-layout-flow wp-block-column-is-layout-flow\" style=\"flex-basis:33.33%\"><\/div>\n\n\n\n<div class=\"wp-block-column is-layout-flow wp-block-column-is-layout-flow\" style=\"flex-basis:66.66%\"><\/div>\n<\/div>\n<\/section>\n","protected":false},"excerpt":{"rendered":"<p>El suelo de goma Evolve es una soluci\u00f3n duradera y vers\u00e1til para zonas de gimnasio y fitness. Con varias opciones de grosor, este suelo proporciona una excelente protecci\u00f3n y comodidad, por lo que es ideal para un uso intensivo. El dise\u00f1o PUZZLE entrelazado garantiza una f\u00e1cil instalaci\u00f3n, mientras que las sencillas losetas cuadradas ofrecen una opci\u00f3n sencilla para zonas m\u00e1s grandes. El material de caucho de alta densidad garantiza un rendimiento duradero, resistencia a los impactos y reducci\u00f3n del ruido, por lo que es perfecto tanto para gimnasios dom\u00e9sticos como comerciales.Evolve Baldosas para Suelos Interiores 100 x 100 x 10 &#8211; 30 mm. Grosor: 10 mm \/ 15 mm \/ 20 mm \/ 25 mm \/ 30 mm.     Densidad 1000 kg\/m3.<\/p>\n","protected":false},"featured_media":84826,"template":"","meta":{"_acf_changed":false,"inline_featured_image":false},"product_cat":[844,846],"product_tag":[],"class_list":{"0":"post-121836","1":"product","2":"type-product","3":"status-publish","4":"has-post-thumbnail","6":"product_cat-plataformas-y-suelos","7":"product_cat-suelos","9":"first","10":"outofstock","11":"shipping-taxable","12":"purchasable","13":"product-type-variable"},"acf":[],"_links":{"self":[{"href":"https:\/\/store.evolve-fitness.eu\/es\/wp-json\/wp\/v2\/product\/121836","targetHints":{"allow":["GET"]}}],"collection":[{"href":"https:\/\/store.evolve-fitness.eu\/es\/wp-json\/wp\/v2\/product"}],"about":[{"href":"https:\/\/store.evolve-fitness.eu\/es\/wp-json\/wp\/v2\/types\/product"}],"wp:featuredmedia":[{"embeddable":true,"href":"https:\/\/store.evolve-fitness.eu\/es\/wp-json\/wp\/v2\/media\/84826"}],"wp:attachment":[{"href":"https:\/\/store.evolve-fitness.eu\/es\/wp-json\/wp\/v2\/media?parent=121836"}],"wp:term":[{"taxonomy":"product_cat","embeddable":true,"href":"https:\/\/store.evolve-fitness.eu\/es\/wp-json\/wp\/v2\/product_cat?post=121836"},{"taxonomy":"product_tag","embeddable":true,"href":"https:\/\/store.evolve-fitness.eu\/es\/wp-json\/wp\/v2\/product_tag?post=121836"}],"curies":[{"name":"wp","href":"https:\/\/api.w.org\/{rel}","templated":true}]}}