{"id":118900,"date":"2025-03-19T13:46:36","date_gmt":"2025-03-19T13:46:36","guid":{"rendered":"https:\/\/store.evolve-fitness.eu\/?post_type=product&#038;p=118900"},"modified":"2026-04-30T12:01:03","modified_gmt":"2026-04-30T12:01:03","slug":"juego-de-minibandas-evolve-3-en-1","status":"publish","type":"product","link":"https:\/\/store.evolve-fitness.eu\/es\/producto\/juego-de-minibandas-evolve-3-en-1\/","title":{"rendered":"Juego de minibandas Evolve 3 en 1"},"content":{"rendered":"\n<p><\/p>\n\n<p><\/p>\n","protected":false},"excerpt":{"rendered":"<p>Mejora tus entrenamientos con las bandas el\u00e1sticas Evolve EV-BD-FB-300, dise\u00f1adas para el entrenamiento de fuerza, la rehabilitaci\u00f3n y los ejercicios de flexibilidad. Fabricadas con l\u00e1tex duradero de alta calidad, estas bandas proporcionan una resistencia constante para distintos niveles de forma f\u00edsica, ayud\u00e1ndote a desarrollar la musculatura, mejorar la movilidad y aumentar la resistencia. <\/p>\n<p>\n","protected":false},"featured_media":123644,"template":"","meta":{"_acf_changed":false,"inline_featured_image":false},"product_cat":[2410,576,536],"product_tag":[],"class_list":{"0":"post-118900","1":"product","2":"type-product","3":"status-publish","4":"has-post-thumbnail","6":"product_cat-engranaje-hyrox","7":"product_cat-equipamiento-funcional","8":"product_cat-estudio-es","10":"first","11":"instock","12":"shipping-taxable","13":"purchasable","14":"product-type-simple"},"acf":[],"_links":{"self":[{"href":"https:\/\/store.evolve-fitness.eu\/es\/wp-json\/wp\/v2\/product\/118900","targetHints":{"allow":["GET"]}}],"collection":[{"href":"https:\/\/store.evolve-fitness.eu\/es\/wp-json\/wp\/v2\/product"}],"about":[{"href":"https:\/\/store.evolve-fitness.eu\/es\/wp-json\/wp\/v2\/types\/product"}],"wp:featuredmedia":[{"embeddable":true,"href":"https:\/\/store.evolve-fitness.eu\/es\/wp-json\/wp\/v2\/media\/123644"}],"wp:attachment":[{"href":"https:\/\/store.evolve-fitness.eu\/es\/wp-json\/wp\/v2\/media?parent=118900"}],"wp:term":[{"taxonomy":"product_cat","embeddable":true,"href":"https:\/\/store.evolve-fitness.eu\/es\/wp-json\/wp\/v2\/product_cat?post=118900"},{"taxonomy":"product_tag","embeddable":true,"href":"https:\/\/store.evolve-fitness.eu\/es\/wp-json\/wp\/v2\/product_tag?post=118900"}],"curies":[{"name":"wp","href":"https:\/\/api.w.org\/{rel}","templated":true}]}}