{"id":118850,"date":"2025-03-19T13:27:06","date_gmt":"2025-03-19T13:27:06","guid":{"rendered":"https:\/\/store.evolve-fitness.eu\/?post_type=product&#038;p=118850"},"modified":"2026-04-04T12:00:38","modified_gmt":"2026-04-04T12:00:38","slug":"cojin-de-equilibrio-evolve","status":"publish","type":"product","link":"https:\/\/store.evolve-fitness.eu\/es\/producto\/cojin-de-equilibrio-evolve\/","title":{"rendered":"Coj\u00edn de Equilibrio Evolve"},"content":{"rendered":"\n<p> <mark style=\"background-color:rgba(0, 0, 0, 0);color:#ffffff\" class=\"has-inline-color\">ASD<\/mark><\/p>\n\n<p><\/p>\n","protected":false},"excerpt":{"rendered":"<p>El coj\u00edn de equilibrio \u00abEvolve\u00bb es una herramienta innovadora dise\u00f1ada para mejorar el equilibrio corporal, la coordinaci\u00f3n y el fortalecimiento muscular. Fabricado con materiales de alta calidad, este coj\u00edn soporta una gran variedad de ejercicios f\u00edsicos, garantizando estabilidad y comodidad. Es ideal tanto para principiantes como para usuarios avanzados que buscan mejorar la postura y entrenar los m\u00fasculos profundos. Perfecto para usar en casa o en el gimnasio.     <\/p>\n<p>\n","protected":false},"featured_media":118890,"template":"","meta":{"_acf_changed":false,"inline_featured_image":false},"product_cat":[536],"product_tag":[],"class_list":{"0":"post-118850","1":"product","2":"type-product","3":"status-publish","4":"has-post-thumbnail","6":"product_cat-estudio-es","8":"first","9":"instock","10":"shipping-taxable","11":"purchasable","12":"product-type-simple"},"acf":[],"_links":{"self":[{"href":"https:\/\/store.evolve-fitness.eu\/es\/wp-json\/wp\/v2\/product\/118850","targetHints":{"allow":["GET"]}}],"collection":[{"href":"https:\/\/store.evolve-fitness.eu\/es\/wp-json\/wp\/v2\/product"}],"about":[{"href":"https:\/\/store.evolve-fitness.eu\/es\/wp-json\/wp\/v2\/types\/product"}],"wp:featuredmedia":[{"embeddable":true,"href":"https:\/\/store.evolve-fitness.eu\/es\/wp-json\/wp\/v2\/media\/118890"}],"wp:attachment":[{"href":"https:\/\/store.evolve-fitness.eu\/es\/wp-json\/wp\/v2\/media?parent=118850"}],"wp:term":[{"taxonomy":"product_cat","embeddable":true,"href":"https:\/\/store.evolve-fitness.eu\/es\/wp-json\/wp\/v2\/product_cat?post=118850"},{"taxonomy":"product_tag","embeddable":true,"href":"https:\/\/store.evolve-fitness.eu\/es\/wp-json\/wp\/v2\/product_tag?post=118850"}],"curies":[{"name":"wp","href":"https:\/\/api.w.org\/{rel}","templated":true}]}}