{"id":118774,"date":"2025-03-19T13:05:09","date_gmt":"2025-03-19T13:05:09","guid":{"rendered":"https:\/\/store.evolve-fitness.eu\/?post_type=product&#038;p=118774"},"modified":"2026-03-13T12:01:47","modified_gmt":"2026-03-13T12:01:47","slug":"soporte-evolve-body-pump-ev-rs-pr-200","status":"publish","type":"product","link":"https:\/\/store.evolve-fitness.eu\/es\/producto\/soporte-evolve-body-pump-ev-rs-pr-200\/","title":{"rendered":"Soporte Evolve Body-Pump, EV-RS-PR-200"},"content":{"rendered":"","protected":false},"excerpt":{"rendered":"<p>Mant\u00e9n tu espacio de entrenamiento ordenado y eficiente con el soporte para bomba de musculaci\u00f3n Evolve. Dise\u00f1ado para alojar varios sets de Body Pump, este soporte garantiza un f\u00e1cil acceso y organizaci\u00f3n, por lo que es un complemento esencial para cualquier gimnasio o estudio de fitness. Su construcci\u00f3n duradera y su dise\u00f1o que ahorra espacio permiten una integraci\u00f3n perfecta en cualquier entorno de entrenamiento, ayudando a los usuarios a mantener un espacio de entrenamiento ordenado y profesional.<\/p>\n","protected":false},"featured_media":118814,"template":"","meta":{"_acf_changed":false,"inline_featured_image":false},"product_cat":[983,984],"product_tag":[],"class_list":{"0":"post-118774","1":"product","2":"type-product","3":"status-publish","4":"has-post-thumbnail","6":"product_cat-pesos-libres","7":"product_cat-estanterias-y-soluciones-de-almacenamiento","9":"first","10":"instock","11":"shipping-taxable","12":"purchasable","13":"product-type-simple"},"acf":[],"_links":{"self":[{"href":"https:\/\/store.evolve-fitness.eu\/es\/wp-json\/wp\/v2\/product\/118774","targetHints":{"allow":["GET"]}}],"collection":[{"href":"https:\/\/store.evolve-fitness.eu\/es\/wp-json\/wp\/v2\/product"}],"about":[{"href":"https:\/\/store.evolve-fitness.eu\/es\/wp-json\/wp\/v2\/types\/product"}],"wp:featuredmedia":[{"embeddable":true,"href":"https:\/\/store.evolve-fitness.eu\/es\/wp-json\/wp\/v2\/media\/118814"}],"wp:attachment":[{"href":"https:\/\/store.evolve-fitness.eu\/es\/wp-json\/wp\/v2\/media?parent=118774"}],"wp:term":[{"taxonomy":"product_cat","embeddable":true,"href":"https:\/\/store.evolve-fitness.eu\/es\/wp-json\/wp\/v2\/product_cat?post=118774"},{"taxonomy":"product_tag","embeddable":true,"href":"https:\/\/store.evolve-fitness.eu\/es\/wp-json\/wp\/v2\/product_tag?post=118774"}],"curies":[{"name":"wp","href":"https:\/\/api.w.org\/{rel}","templated":true}]}}