{"id":118346,"date":"2025-03-17T12:14:37","date_gmt":"2025-03-17T12:14:37","guid":{"rendered":"https:\/\/store.evolve-fitness.eu\/?post_type=product&#038;p=118346"},"modified":"2025-12-01T13:29:32","modified_gmt":"2025-12-01T13:29:32","slug":"sentadilla-sissy-evolve-econ-series-1","status":"publish","type":"product","link":"https:\/\/store.evolve-fitness.eu\/es\/producto\/sentadilla-sissy-evolve-econ-series-1\/","title":{"rendered":"Banco de sentadillas Evolve Econ Series Sissy (EC-038)"},"content":{"rendered":"\n<section class=\"wp-block-group alignfull black-content has-white-color has-darkgray-background-color has-text-color has-background is-layout-constrained wp-block-group-is-layout-constrained\" style=\"padding-top:var(--wp--preset--spacing--section-bottom);padding-bottom:var(--wp--preset--spacing--section-bottom)\">\n<h3 class=\"wp-block-heading has-text-align-center\" style=\"margin-bottom:var(--wp--preset--spacing--tb-section-padding)\"><strong>\n  <strong>\n    <strong>EVOLVE <\/strong>\n  <\/strong>\n<\/strong>Bancos Serie Econ<\/h3>\n\n\n\n<div class=\"wp-block-columns alignwide mobile-reverse is-layout-flex wp-container-core-columns-is-layout-ca64bf2d wp-block-columns-is-layout-flex\" style=\"margin-bottom:var(--wp--preset--spacing--side-padding)\">\n<div class=\"wp-block-column is-vertically-aligned-center is-layout-flow wp-block-column-is-layout-flow\">\n<h3 class=\"wp-block-heading\" style=\"margin-bottom:var(--wp--preset--spacing--h-3-bottom)\"><strong><strong><strong><strong><strong><strong>Alta calidad<\/strong><\/strong><\/strong><\/strong><\/strong><\/strong><\/h3>\n\n\n\n<p><strong><em><strong><strong><strong><strong>Dise\u00f1o duradero<\/strong><\/strong><\/strong><\/strong><\/em><\/strong><\/p>\n\n\n\n<p style=\"margin-bottom:var(--wp--preset--spacing--tb-section-padding)\">Nuestros bancos de fitness est\u00e1n fabricados para durar, con una s\u00f3lida estructura met\u00e1lica construida a partir de tubos circulares soldados. La avanzada tecnolog\u00eda de pulverizaci\u00f3n electrost\u00e1tica de polvos termoendurecibles no s\u00f3lo confiere a la superficie un aspecto elegante, sino que tambi\u00e9n proporciona una excelente protecci\u00f3n contra la oxidaci\u00f3n. Tanto si es un aficionado al fitness en casa como si trabaja en un gimnasio profesional, nuestros bancos Evolve est\u00e1n dise\u00f1ados para satisfacer sus necesidades. Tambi\u00e9n son perfectas para instalaciones comerciales de fitness en bases militares, hoteles, albergues y centros de rehabilitaci\u00f3n.<\/p>\n\n\n\n<h3 class=\"wp-block-heading\" style=\"margin-bottom:var(--wp--preset--spacing--h-3-bottom)\"><strong><strong><strong><strong><strong><strong><strong><strong>Banco ajustable para press de pecho<\/strong><\/strong><\/strong><\/strong><\/strong><\/strong><\/strong><\/strong><\/h3>\n\n\n\n<p><strong><em><strong><strong><strong><strong><strong>Personaliza tus entrenamientos de la parte superior del cuerpo<\/strong><\/strong><\/strong><\/strong><\/strong><\/em><\/strong><\/p>\n\n\n\n<p>Este banco est\u00e1 dise\u00f1ado para trabajar los m\u00fasculos pectorales, de los hombros y los tr\u00edceps, con ajustes regulables para adaptarse a las posiciones inclinada, plana y declinada. Ideal para realizar una serie de ejercicios como press de pecho, press de hombros, etc., su dise\u00f1o ergon\u00f3mico garantiza la m\u00e1xima comodidad y eficacia. Con una construcci\u00f3n robusta y un tama\u00f1o compacto, este banco es el complemento perfecto para cualquier espacio de fitness, ofreciendo resultados sin concesiones.  <\/p>\n<\/div>\n\n\n\n<div class=\"wp-block-column is-vertically-aligned-center is-layout-flow wp-block-column-is-layout-flow\">\n<figure class=\"wp-block-image size-full is-style-rounded\"><img decoding=\"async\" src=\"https:\/\/evolve-fitness.eu\/wp-content\/uploads\/2025\/01\/EV-BN-EC-086-Evolve-Econ-Series-Adjustable-Chest-Press-Bench.png\" alt=\"EV-BN-EC-086\" class=\"wp-image-172329\" style=\"object-fit:cover\"\/><\/figure>\n<\/div>\n<\/div>\n<\/section>\n","protected":false},"excerpt":{"rendered":"<p>El Banco de Sentadillas Sissy Evolve Econ Series es una m\u00e1quina de entrenamiento de la parte inferior del cuerpo compacta pero potente, dise\u00f1ada para potenciar el desarrollo de los cu\u00e1driceps, fortalecer la estabilidad del tronco y mejorar el movimiento funcional. Ideal para desarrollar la fuerza explosiva de las piernas, este equipo es perfecto para atletas, entusiastas del fitness y entrenamiento de rehabilitaci\u00f3n. Tanto si se utiliza para sentadillas con peso corporal como para variaciones con peso, el Banco de Sentadillas Sissy a\u00edsla eficazmente los cu\u00e1driceps, lo que lo convierte en un equipo imprescindible para cualquiera que desee perfeccionar sus ejercicios de piernas.  <\/p>\n","protected":false},"featured_media":130755,"template":"","meta":{"_acf_changed":false,"inline_featured_image":false},"product_cat":[1234,1326],"product_tag":[],"class_list":{"0":"post-118346","1":"product","2":"type-product","3":"status-publish","4":"has-post-thumbnail","6":"product_cat-bancos","7":"product_cat-bancos-econ-series","9":"first","10":"outofstock","11":"shipping-taxable","12":"purchasable","13":"product-type-simple"},"acf":[],"_links":{"self":[{"href":"https:\/\/store.evolve-fitness.eu\/es\/wp-json\/wp\/v2\/product\/118346","targetHints":{"allow":["GET"]}}],"collection":[{"href":"https:\/\/store.evolve-fitness.eu\/es\/wp-json\/wp\/v2\/product"}],"about":[{"href":"https:\/\/store.evolve-fitness.eu\/es\/wp-json\/wp\/v2\/types\/product"}],"wp:featuredmedia":[{"embeddable":true,"href":"https:\/\/store.evolve-fitness.eu\/es\/wp-json\/wp\/v2\/media\/130755"}],"wp:attachment":[{"href":"https:\/\/store.evolve-fitness.eu\/es\/wp-json\/wp\/v2\/media?parent=118346"}],"wp:term":[{"taxonomy":"product_cat","embeddable":true,"href":"https:\/\/store.evolve-fitness.eu\/es\/wp-json\/wp\/v2\/product_cat?post=118346"},{"taxonomy":"product_tag","embeddable":true,"href":"https:\/\/store.evolve-fitness.eu\/es\/wp-json\/wp\/v2\/product_tag?post=118346"}],"curies":[{"name":"wp","href":"https:\/\/api.w.org\/{rel}","templated":true}]}}