{"id":118261,"date":"2025-03-12T11:17:31","date_gmt":"2025-03-12T11:17:31","guid":{"rendered":"https:\/\/store.evolve-fitness.eu\/?post_type=product&#038;p=118261"},"modified":"2026-01-09T12:00:19","modified_gmt":"2026-01-09T12:00:19","slug":"fila-lineal-cargada-con-placas-de-la-serie-evolve-prime","status":"publish","type":"product","link":"https:\/\/store.evolve-fitness.eu\/es\/producto\/fila-lineal-cargada-con-placas-de-la-serie-evolve-prime\/","title":{"rendered":"Fila lineal cargada con placas de la serie Evolve Prime"},"content":{"rendered":"\n<section class=\"wp-block-group alignfull black-content has-white-color has-darkgray-background-color has-text-color has-background is-layout-constrained wp-block-group-is-layout-constrained\" style=\"padding-top:var(--wp--preset--spacing--section-bottom);padding-bottom:var(--wp--preset--spacing--section-bottom)\">\n<h3 class=\"wp-block-heading has-text-align-center\"><strong><strong>EVOLVE SERIE PRIME CARGADA CON PLACAS<\/strong><\/strong><\/h3>\n\n\n\n<p>Con la serie Evolve Plate Loaded Prime, la excelencia es el est\u00e1ndar. Eleve su entrenamiento de fuerza con m\u00e1quinas dise\u00f1adas para ofrecer comodidad, durabilidad y rendimiento. Explore hoy mismo toda la l\u00ednea y redefina su camino hacia la forma f\u00edsica.  <\/p>\n\n\n\n<section class=\"wp-block-group alignfull black-content has-white-color has-darkgray-background-color has-text-color has-background is-layout-constrained wp-block-group-is-layout-constrained\" style=\"padding-top:var(--wp--preset--spacing--section-bottom);padding-bottom:var(--wp--preset--spacing--section-bottom)\">\n<div class=\"wp-block-columns alignwide mobile-reverse is-layout-flex wp-container-core-columns-is-layout-ca64bf2d wp-block-columns-is-layout-flex\" style=\"margin-bottom:var(--wp--preset--spacing--side-padding)\">\n<div class=\"wp-block-column is-vertically-aligned-center is-layout-flow wp-block-column-is-layout-flow\">\n<h3 class=\"wp-block-heading\" style=\"margin-bottom:var(--wp--preset--spacing--h-3-bottom)\"><strong><strong><strong><strong><strong><strong><strong><strong><strong><strong>Fila lineal cargada con placas de la serie Evolve Prime<\/strong><\/strong><\/strong><\/strong><\/strong><\/strong><\/strong><\/strong><\/strong><\/strong><\/h3>\n\n\n\n<p><strong><em><strong><strong><strong><strong>Maximiza la Fuerza de la Espalda con un Movimiento de Remo Controlado y Eficaz<\/strong><\/strong><\/strong><\/strong><\/em><\/strong><\/p>\n\n\n\n<p style=\"margin-bottom:var(--wp--preset--spacing--tb-section-padding)\">El <strong>remo lineal cargado con placas de la serie Evolve Prime<\/strong> est\u00e1 dise\u00f1ado para proporcionar un entrenamiento potente y eficaz de la espalda, centrado en los dorsales, los trapecios y los romboides con un movimiento de tracci\u00f3n natural. Con una almohadilla ergon\u00f3mica para el pecho, posiciones ajustables de las asas y un sistema de resistencia suave cargado con placas, esta m\u00e1quina garantiza una biomec\u00e1nica adecuada para la m\u00e1xima activaci\u00f3n muscular, al tiempo que reduce la tensi\u00f3n en la zona lumbar. Construida para ofrecer durabilidad y estabilidad, es una herramienta esencial para desarrollar la fuerza de la parte superior del cuerpo y mejorar la postura.  <\/p>\n\n\n\n<h3 class=\"wp-block-heading\" style=\"margin-bottom:var(--wp--preset--spacing--h-3-bottom)\"><strong><strong><strong><strong><strong><strong><strong><strong><strong>Mejora tu rendimiento en el remo<\/strong><\/strong><\/strong><\/strong><\/strong><\/strong><\/strong><\/strong><\/strong><\/h3>\n\n\n\n<p><strong><em><strong><strong><strong><strong>Movimiento suave y controlado para un compromiso muscular \u00f3ptimo<\/strong><\/strong><\/strong><\/strong><\/em><\/strong><\/p>\n\n\n\n<p>El <strong>remo lineal cargado con placas de la serie Evolve Prime<\/strong> ofrece una trayectoria de movimiento guiada que elimina el esfuerzo innecesario, permitiendo una activaci\u00f3n muscular precisa y eficaz. El movimiento independiente de los brazos promueve un desarrollo equilibrado, mientras que el sistema de carga de placas permite una sobrecarga progresiva, lo que la hace adecuada para todos los niveles de forma f\u00edsica. Con su robusta construcci\u00f3n y c\u00f3modo soporte, esta m\u00e1quina es ideal para atletas y entusiastas del fitness que buscan mejorar la fuerza de la espalda, la resistencia y el acondicionamiento general de la parte superior del cuerpo.  <\/p>\n<\/div>\n\n\n\n<div class=\"wp-block-column is-vertically-aligned-center is-layout-flow wp-block-column-is-layout-flow\">\n<figure class=\"wp-block-image size-large\"><img loading=\"lazy\" decoding=\"async\" width=\"1024\" height=\"1024\" src=\"https:\/\/store.evolve-fitness.eu\/wp-content\/uploads\/2025\/03\/EV-PL-PR-119-Evolve-Prime-Series-Plate-Loaded-Linear-Row-Recovered-1024x1024.png\" alt=\"\" class=\"wp-image-118278\" srcset=\"https:\/\/store.evolve-fitness.eu\/wp-content\/uploads\/2025\/03\/EV-PL-PR-119-Evolve-Prime-Series-Plate-Loaded-Linear-Row-Recovered-1024x1024.png 1024w, https:\/\/store.evolve-fitness.eu\/wp-content\/uploads\/2025\/03\/EV-PL-PR-119-Evolve-Prime-Series-Plate-Loaded-Linear-Row-Recovered-300x300.png 300w, https:\/\/store.evolve-fitness.eu\/wp-content\/uploads\/2025\/03\/EV-PL-PR-119-Evolve-Prime-Series-Plate-Loaded-Linear-Row-Recovered-150x150.png 150w, https:\/\/store.evolve-fitness.eu\/wp-content\/uploads\/2025\/03\/EV-PL-PR-119-Evolve-Prime-Series-Plate-Loaded-Linear-Row-Recovered-768x768.png 768w, https:\/\/store.evolve-fitness.eu\/wp-content\/uploads\/2025\/03\/EV-PL-PR-119-Evolve-Prime-Series-Plate-Loaded-Linear-Row-Recovered-1536x1536.png 1536w, https:\/\/store.evolve-fitness.eu\/wp-content\/uploads\/2025\/03\/EV-PL-PR-119-Evolve-Prime-Series-Plate-Loaded-Linear-Row-Recovered-2048x2048.png 2048w, https:\/\/store.evolve-fitness.eu\/wp-content\/uploads\/2025\/03\/EV-PL-PR-119-Evolve-Prime-Series-Plate-Loaded-Linear-Row-Recovered-600x600.png 600w, https:\/\/store.evolve-fitness.eu\/wp-content\/uploads\/2025\/03\/EV-PL-PR-119-Evolve-Prime-Series-Plate-Loaded-Linear-Row-Recovered-100x100.png 100w\" sizes=\"auto, (max-width: 1024px) 100vw, 1024px\" \/><\/figure>\n<\/div>\n<\/div>\n<\/section>\n<\/section>\n","protected":false},"excerpt":{"rendered":"<p>El remo lineal cargado con placas de la serie Evolve Prime est\u00e1 dise\u00f1ado para proporcionar un entrenamiento potente y eficaz de la espalda, centrado en los dorsales, los trapecios y los romboides con un movimiento de tracci\u00f3n natural. Con una almohadilla ergon\u00f3mica para el pecho, posiciones ajustables de las asas y un sistema de resistencia suave cargado con placas, esta m\u00e1quina garantiza una biomec\u00e1nica adecuada para la m\u00e1xima activaci\u00f3n muscular, al tiempo que reduce la tensi\u00f3n en la zona lumbar. Construida para ofrecer durabilidad y estabilidad, es una herramienta esencial para desarrollar la fuerza de la parte superior del cuerpo y mejorar la postura.  <\/p>\n","protected":false},"featured_media":118301,"template":"","meta":{"_acf_changed":false,"inline_featured_image":false},"product_cat":[754,1207],"product_tag":[],"class_list":{"0":"post-118261","1":"product","2":"type-product","3":"status-publish","4":"has-post-thumbnail","6":"product_cat-maquinas-de-carga-de-placas","7":"product_cat-prime-series-placa-cargada","9":"first","10":"instock","11":"shipping-taxable","12":"purchasable","13":"product-type-simple"},"acf":[],"_links":{"self":[{"href":"https:\/\/store.evolve-fitness.eu\/es\/wp-json\/wp\/v2\/product\/118261","targetHints":{"allow":["GET"]}}],"collection":[{"href":"https:\/\/store.evolve-fitness.eu\/es\/wp-json\/wp\/v2\/product"}],"about":[{"href":"https:\/\/store.evolve-fitness.eu\/es\/wp-json\/wp\/v2\/types\/product"}],"wp:featuredmedia":[{"embeddable":true,"href":"https:\/\/store.evolve-fitness.eu\/es\/wp-json\/wp\/v2\/media\/118301"}],"wp:attachment":[{"href":"https:\/\/store.evolve-fitness.eu\/es\/wp-json\/wp\/v2\/media?parent=118261"}],"wp:term":[{"taxonomy":"product_cat","embeddable":true,"href":"https:\/\/store.evolve-fitness.eu\/es\/wp-json\/wp\/v2\/product_cat?post=118261"},{"taxonomy":"product_tag","embeddable":true,"href":"https:\/\/store.evolve-fitness.eu\/es\/wp-json\/wp\/v2\/product_tag?post=118261"}],"curies":[{"name":"wp","href":"https:\/\/api.w.org\/{rel}","templated":true}]}}