{"id":118061,"date":"2025-03-12T09:32:47","date_gmt":"2025-03-12T09:32:47","guid":{"rendered":"https:\/\/store.evolve-fitness.eu\/?post_type=product&#038;p=118061"},"modified":"2026-01-14T12:00:43","modified_gmt":"2026-01-14T12:00:43","slug":"elevacion-lateral-con-carga-de-placas-evolve-prime-series","status":"publish","type":"product","link":"https:\/\/store.evolve-fitness.eu\/es\/producto\/elevacion-lateral-con-carga-de-placas-evolve-prime-series\/","title":{"rendered":"Elevaci\u00f3n lateral con carga de placas Evolve Prime Series"},"content":{"rendered":"\n<section class=\"wp-block-group alignfull black-content has-white-color has-darkgray-background-color has-text-color has-background is-layout-constrained wp-block-group-is-layout-constrained\" style=\"padding-top:var(--wp--preset--spacing--section-bottom);padding-bottom:var(--wp--preset--spacing--section-bottom)\">\n<h3 class=\"wp-block-heading has-text-align-center\"><strong><strong>EVOLVE SERIE PRIME CARGADA CON PLACAS<\/strong><\/strong><\/h3>\n\n\n\n<p>Con la serie Evolve Plate Loaded Prime, la excelencia es el est\u00e1ndar. Eleve su entrenamiento de fuerza con m\u00e1quinas dise\u00f1adas para ofrecer comodidad, durabilidad y rendimiento. Explore hoy mismo toda la l\u00ednea y redefina su camino hacia la forma f\u00edsica.  <\/p>\n\n\n\n<section class=\"wp-block-group alignfull black-content has-white-color has-darkgray-background-color has-text-color has-background is-layout-constrained wp-block-group-is-layout-constrained\" style=\"padding-top:var(--wp--preset--spacing--section-bottom);padding-bottom:var(--wp--preset--spacing--section-bottom)\">\n<div class=\"wp-block-columns alignwide mobile-reverse is-layout-flex wp-container-core-columns-is-layout-ca64bf2d wp-block-columns-is-layout-flex\" style=\"margin-bottom:var(--wp--preset--spacing--side-padding)\">\n<div class=\"wp-block-column is-vertically-aligned-center is-layout-flow wp-block-column-is-layout-flow\">\n<h3 class=\"wp-block-heading\" style=\"margin-bottom:var(--wp--preset--spacing--h-3-bottom)\"><strong><strong><strong><strong><strong><strong><strong>Elevaci\u00f3n lateral con carga de placas Evolve Prime Series<\/strong><\/strong><\/strong><\/strong><\/strong><\/strong><\/strong><\/h3>\n\n\n\n<p><strong><em><strong><strong>Apunta y fortalece tus hombros con precisi\u00f3n<\/strong><\/strong><\/em><\/strong><\/p>\n\n\n\n<p style=\"margin-bottom:var(--wp--preset--spacing--tb-section-padding)\">La <strong>Elevaci\u00f3n Lateral Cargada con Placas Evolve Prime Series<\/strong> est\u00e1 dise\u00f1ada para aislar y desarrollar los m\u00fasculos deltoides laterales, aumentando la anchura y la fuerza de los hombros con una resistencia controlada. Con un asiento ergon\u00f3mico, almohadillas ajustables para los brazos y un sistema de resistencia suave cargado con placas, esta m\u00e1quina garantiza una biomec\u00e1nica adecuada para una activaci\u00f3n muscular eficaz. Su construcci\u00f3n robusta y su movimiento fluido la convierten en un complemento esencial en cualquier gimnasio para los usuarios que buscan mejorar la definici\u00f3n de los hombros y la fuerza general de la parte superior del cuerpo.  <\/p>\n\n\n\n<h3 class=\"wp-block-heading\" style=\"margin-bottom:var(--wp--preset--spacing--h-3-bottom)\"><strong><strong><strong><strong><strong><strong><strong>Consigue unos hombros m\u00e1s anchos y fuertes<\/strong><\/strong><\/strong><\/strong><\/strong><\/strong><\/strong><\/h3>\n\n\n\n<p><strong><em><strong><strong>Movimiento suave y controlado para un m\u00e1ximo compromiso del deltoides<\/strong><\/strong><\/em><\/strong><\/p>\n\n\n\n<p>La <strong>elevaci\u00f3n lateral cargada con placas de la serie Evolve Prime<\/strong> proporciona una trayectoria de movimiento guiada que elimina el impulso, lo que permite una forma estricta y una tensi\u00f3n constante en los deltoides. El sistema de placas permite una sobrecarga progresiva, por lo que es adecuado para todos los niveles de forma f\u00edsica. Gracias a su dise\u00f1o ergon\u00f3mico, los usuarios pueden entrenar c\u00f3modamente al tiempo que garantizan una activaci\u00f3n muscular \u00f3ptima. Tanto si tu objetivo es el desarrollo est\u00e9tico de los hombros como la mejora del rendimiento atl\u00e9tico, esta m\u00e1quina proporciona un entrenamiento de elevaci\u00f3n lateral altamente eficaz y eficiente.   <\/p>\n<\/div>\n\n\n\n<div class=\"wp-block-column is-vertically-aligned-center is-layout-flow wp-block-column-is-layout-flow\">\n<figure class=\"wp-block-image size-large\"><img loading=\"lazy\" decoding=\"async\" width=\"1024\" height=\"1024\" src=\"https:\/\/store.evolve-fitness.eu\/wp-content\/uploads\/2025\/03\/EV-PL-PR-115-Evolve-Prime-Series-Plate-Loaded-Lateral-Raise-Recovered-2-1024x1024.png\" alt=\"\" class=\"wp-image-121641\" srcset=\"https:\/\/store.evolve-fitness.eu\/wp-content\/uploads\/2025\/03\/EV-PL-PR-115-Evolve-Prime-Series-Plate-Loaded-Lateral-Raise-Recovered-2-1024x1024.png 1024w, https:\/\/store.evolve-fitness.eu\/wp-content\/uploads\/2025\/03\/EV-PL-PR-115-Evolve-Prime-Series-Plate-Loaded-Lateral-Raise-Recovered-2-300x300.png 300w, https:\/\/store.evolve-fitness.eu\/wp-content\/uploads\/2025\/03\/EV-PL-PR-115-Evolve-Prime-Series-Plate-Loaded-Lateral-Raise-Recovered-2-150x150.png 150w, https:\/\/store.evolve-fitness.eu\/wp-content\/uploads\/2025\/03\/EV-PL-PR-115-Evolve-Prime-Series-Plate-Loaded-Lateral-Raise-Recovered-2-768x768.png 768w, https:\/\/store.evolve-fitness.eu\/wp-content\/uploads\/2025\/03\/EV-PL-PR-115-Evolve-Prime-Series-Plate-Loaded-Lateral-Raise-Recovered-2-1536x1536.png 1536w, https:\/\/store.evolve-fitness.eu\/wp-content\/uploads\/2025\/03\/EV-PL-PR-115-Evolve-Prime-Series-Plate-Loaded-Lateral-Raise-Recovered-2-2048x2048.png 2048w, https:\/\/store.evolve-fitness.eu\/wp-content\/uploads\/2025\/03\/EV-PL-PR-115-Evolve-Prime-Series-Plate-Loaded-Lateral-Raise-Recovered-2-600x600.png 600w, https:\/\/store.evolve-fitness.eu\/wp-content\/uploads\/2025\/03\/EV-PL-PR-115-Evolve-Prime-Series-Plate-Loaded-Lateral-Raise-Recovered-2-100x100.png 100w\" sizes=\"auto, (max-width: 1024px) 100vw, 1024px\" \/><\/figure>\n<\/div>\n<\/div>\n<\/section>\n<\/section>\n","protected":false},"excerpt":{"rendered":"<p>La Elevaci\u00f3n Lateral Cargada con Placas Evolve Prime Series est\u00e1 dise\u00f1ada para aislar y desarrollar los m\u00fasculos deltoides laterales, aumentando la anchura y la fuerza de los hombros con una resistencia controlada. Con un asiento ergon\u00f3mico, almohadillas ajustables para los brazos y un sistema de resistencia suave cargado con placas, esta m\u00e1quina garantiza una biomec\u00e1nica adecuada para una activaci\u00f3n muscular eficaz. Su construcci\u00f3n robusta y su movimiento fluido la convierten en un complemento esencial en cualquier gimnasio para los usuarios que buscan mejorar la definici\u00f3n de los hombros y la fuerza general de la parte superior del cuerpo.  <\/p>\n","protected":false},"featured_media":121689,"template":"","meta":{"_acf_changed":false,"inline_featured_image":false},"product_cat":[754,1207],"product_tag":[],"class_list":{"0":"post-118061","1":"product","2":"type-product","3":"status-publish","4":"has-post-thumbnail","6":"product_cat-maquinas-de-carga-de-placas","7":"product_cat-prime-series-placa-cargada","9":"first","10":"instock","11":"shipping-taxable","12":"purchasable","13":"product-type-simple"},"acf":[],"_links":{"self":[{"href":"https:\/\/store.evolve-fitness.eu\/es\/wp-json\/wp\/v2\/product\/118061","targetHints":{"allow":["GET"]}}],"collection":[{"href":"https:\/\/store.evolve-fitness.eu\/es\/wp-json\/wp\/v2\/product"}],"about":[{"href":"https:\/\/store.evolve-fitness.eu\/es\/wp-json\/wp\/v2\/types\/product"}],"wp:featuredmedia":[{"embeddable":true,"href":"https:\/\/store.evolve-fitness.eu\/es\/wp-json\/wp\/v2\/media\/121689"}],"wp:attachment":[{"href":"https:\/\/store.evolve-fitness.eu\/es\/wp-json\/wp\/v2\/media?parent=118061"}],"wp:term":[{"taxonomy":"product_cat","embeddable":true,"href":"https:\/\/store.evolve-fitness.eu\/es\/wp-json\/wp\/v2\/product_cat?post=118061"},{"taxonomy":"product_tag","embeddable":true,"href":"https:\/\/store.evolve-fitness.eu\/es\/wp-json\/wp\/v2\/product_tag?post=118061"}],"curies":[{"name":"wp","href":"https:\/\/api.w.org\/{rel}","templated":true}]}}