{"id":117936,"date":"2025-03-12T09:26:26","date_gmt":"2025-03-12T09:26:26","guid":{"rendered":"https:\/\/store.evolve-fitness.eu\/?post_type=product&#038;p=117936"},"modified":"2025-04-04T06:08:08","modified_gmt":"2025-04-04T06:08:08","slug":"sentadilla-con-carga-de-placas-evolve-prime-series-1","status":"publish","type":"product","link":"https:\/\/store.evolve-fitness.eu\/es\/producto\/sentadilla-con-carga-de-placas-evolve-prime-series-1\/","title":{"rendered":"Sentadilla con carga de placas Evolve Prime Series"},"content":{"rendered":"\n<section class=\"wp-block-group alignfull black-content has-white-color has-darkgray-background-color has-text-color has-background is-layout-constrained wp-block-group-is-layout-constrained\" style=\"padding-top:var(--wp--preset--spacing--section-bottom);padding-bottom:var(--wp--preset--spacing--section-bottom)\">\n<h3 class=\"wp-block-heading has-text-align-center\"><strong><strong>EVOLVE SERIE PRIME CARGADA CON PLACAS<\/strong><\/strong><\/h3>\n\n\n\n<p>Con la serie Evolve Plate Loaded Prime, la excelencia es el est\u00e1ndar. Eleve su entrenamiento de fuerza con m\u00e1quinas dise\u00f1adas para ofrecer comodidad, durabilidad y rendimiento. Explore hoy mismo toda la l\u00ednea y redefina su camino hacia la forma f\u00edsica.  <\/p>\n\n\n\n<section class=\"wp-block-group alignfull black-content has-white-color has-darkgray-background-color has-text-color has-background is-layout-constrained wp-block-group-is-layout-constrained\" style=\"padding-top:var(--wp--preset--spacing--section-bottom);padding-bottom:var(--wp--preset--spacing--section-bottom)\">\n<div class=\"wp-block-columns alignwide mobile-reverse is-layout-flex wp-container-core-columns-is-layout-ca64bf2d wp-block-columns-is-layout-flex\" style=\"margin-bottom:var(--wp--preset--spacing--side-padding)\">\n<div class=\"wp-block-column is-vertically-aligned-center is-layout-flow wp-block-column-is-layout-flow\">\n<h3 class=\"wp-block-heading\" style=\"margin-bottom:var(--wp--preset--spacing--h-3-bottom)\"><strong><strong><strong><strong><strong><strong>Sentadilla con carga de placas Evolve Prime Series<\/strong><\/strong><\/strong><\/strong><\/strong><\/strong><\/h3>\n\n\n\n<p><strong><em><strong>Maximiza la potencia de las piernas con un entrenamiento de sentadillas controlado y eficaz<\/strong><\/em><\/strong><\/p>\n\n\n\n<p style=\"margin-bottom:var(--wp--preset--spacing--tb-section-padding)\">La <strong>Sentadilla con Placa de Carga Evolve Prime Series<\/strong> est\u00e1 dise\u00f1ada para proporcionar un entrenamiento biomec\u00e1nicamente optimizado de la parte inferior del cuerpo, centrado en los cu\u00e1driceps, gl\u00fateos e isquiotibiales con un movimiento suave y controlado. Con un reposapi\u00e9s en \u00e1ngulo, un soporte ergon\u00f3mico para la espalda y un sistema de resistencia cargado con placas, esta m\u00e1quina garantiza una mec\u00e1nica de sentadilla adecuada al tiempo que reduce la tensi\u00f3n en la zona lumbar y las articulaciones. Construida para ofrecer durabilidad y estabilidad, permite a los usuarios superar sus l\u00edmites con seguridad, lo que la convierte en una herramienta esencial para desarrollar la fuerza y la masa muscular de la parte inferior del cuerpo.  <\/p>\n\n\n\n<h3 class=\"wp-block-heading\" style=\"margin-bottom:var(--wp--preset--spacing--h-3-bottom)\"><strong><strong><strong><strong><strong><strong>Mejora el desarrollo de las piernas con una resistencia de precisi\u00f3n<\/strong><\/strong><\/strong><\/strong><\/strong><\/strong><\/h3>\n\n\n\n<p><strong><em><strong>Dise\u00f1o ergon\u00f3mico para un entrenamiento seguro y eficaz<\/strong><\/em><\/strong><\/p>\n\n\n\n<p>La <strong>Sentadilla con Placa Evolve Prime Series<\/strong> permite una amplitud de movimiento completa con una trayectoria de movimiento guiada que garantiza una resistencia constante y una forma adecuada. Su sistema de placas permite una sobrecarga progresiva, tanto para principiantes como para levantadores avanzados. La plataforma angulada para los pies favorece la estabilidad de las rodillas y los tobillos, mientras que el respaldo acolchado mejora la comodidad y el control durante los levantamientos pesados. Tanto si te centras en la hipertrofia muscular, el rendimiento atl\u00e9tico o la fuerza general de las piernas, esta m\u00e1quina proporciona un entrenamiento de sentadillas altamente eficaz y eficiente.   <\/p>\n<\/div>\n\n\n\n<div class=\"wp-block-column is-vertically-aligned-center is-layout-flow wp-block-column-is-layout-flow\">\n<figure class=\"wp-block-image size-large\"><img loading=\"lazy\" decoding=\"async\" width=\"1024\" height=\"1024\" src=\"https:\/\/store.evolve-fitness.eu\/wp-content\/uploads\/2025\/03\/EV-PL-PR-114-Evolve-Prime-Series-Plate-Loaded-Hack-Squat-Recovered-2-1024x1024.png\" alt=\"\" class=\"wp-image-118028\" srcset=\"https:\/\/store.evolve-fitness.eu\/wp-content\/uploads\/2025\/03\/EV-PL-PR-114-Evolve-Prime-Series-Plate-Loaded-Hack-Squat-Recovered-2-1024x1024.png 1024w, https:\/\/store.evolve-fitness.eu\/wp-content\/uploads\/2025\/03\/EV-PL-PR-114-Evolve-Prime-Series-Plate-Loaded-Hack-Squat-Recovered-2-300x300.png 300w, https:\/\/store.evolve-fitness.eu\/wp-content\/uploads\/2025\/03\/EV-PL-PR-114-Evolve-Prime-Series-Plate-Loaded-Hack-Squat-Recovered-2-150x150.png 150w, https:\/\/store.evolve-fitness.eu\/wp-content\/uploads\/2025\/03\/EV-PL-PR-114-Evolve-Prime-Series-Plate-Loaded-Hack-Squat-Recovered-2-768x768.png 768w, https:\/\/store.evolve-fitness.eu\/wp-content\/uploads\/2025\/03\/EV-PL-PR-114-Evolve-Prime-Series-Plate-Loaded-Hack-Squat-Recovered-2-1536x1536.png 1536w, https:\/\/store.evolve-fitness.eu\/wp-content\/uploads\/2025\/03\/EV-PL-PR-114-Evolve-Prime-Series-Plate-Loaded-Hack-Squat-Recovered-2-2048x2048.png 2048w, https:\/\/store.evolve-fitness.eu\/wp-content\/uploads\/2025\/03\/EV-PL-PR-114-Evolve-Prime-Series-Plate-Loaded-Hack-Squat-Recovered-2-600x600.png 600w, https:\/\/store.evolve-fitness.eu\/wp-content\/uploads\/2025\/03\/EV-PL-PR-114-Evolve-Prime-Series-Plate-Loaded-Hack-Squat-Recovered-2-100x100.png 100w\" sizes=\"auto, (max-width: 1024px) 100vw, 1024px\" \/><\/figure>\n<\/div>\n<\/div>\n<\/section>\n<\/section>\n","protected":false},"excerpt":{"rendered":"<p>La Sentadilla con Placa de Carga Evolve Prime Series est\u00e1 dise\u00f1ada para proporcionar un entrenamiento biomec\u00e1nicamente optimizado de la parte inferior del cuerpo, centrado en los cu\u00e1driceps, gl\u00fateos e isquiotibiales con un movimiento suave y controlado. Con un reposapi\u00e9s en \u00e1ngulo, un soporte ergon\u00f3mico para la espalda y un sistema de resistencia cargado con placas, esta m\u00e1quina garantiza una mec\u00e1nica de sentadilla adecuada al tiempo que reduce la tensi\u00f3n en la zona lumbar y las articulaciones. Construida para ofrecer durabilidad y estabilidad, permite a los usuarios superar sus l\u00edmites con seguridad, lo que la convierte en una herramienta esencial para desarrollar la fuerza y la masa muscular de la parte inferior del cuerpo.  <\/p>\n","protected":false},"featured_media":118026,"template":"","meta":{"_acf_changed":false,"inline_featured_image":false},"product_cat":[754,1207],"product_tag":[],"class_list":{"0":"post-117936","1":"product","2":"type-product","3":"status-publish","4":"has-post-thumbnail","6":"product_cat-maquinas-de-carga-de-placas","7":"product_cat-prime-series-placa-cargada","9":"first","10":"instock","11":"shipping-taxable","12":"purchasable","13":"product-type-simple"},"acf":[],"_links":{"self":[{"href":"https:\/\/store.evolve-fitness.eu\/es\/wp-json\/wp\/v2\/product\/117936","targetHints":{"allow":["GET"]}}],"collection":[{"href":"https:\/\/store.evolve-fitness.eu\/es\/wp-json\/wp\/v2\/product"}],"about":[{"href":"https:\/\/store.evolve-fitness.eu\/es\/wp-json\/wp\/v2\/types\/product"}],"wp:featuredmedia":[{"embeddable":true,"href":"https:\/\/store.evolve-fitness.eu\/es\/wp-json\/wp\/v2\/media\/118026"}],"wp:attachment":[{"href":"https:\/\/store.evolve-fitness.eu\/es\/wp-json\/wp\/v2\/media?parent=117936"}],"wp:term":[{"taxonomy":"product_cat","embeddable":true,"href":"https:\/\/store.evolve-fitness.eu\/es\/wp-json\/wp\/v2\/product_cat?post=117936"},{"taxonomy":"product_tag","embeddable":true,"href":"https:\/\/store.evolve-fitness.eu\/es\/wp-json\/wp\/v2\/product_tag?post=117936"}],"curies":[{"name":"wp","href":"https:\/\/api.w.org\/{rel}","templated":true}]}}