{"id":117710,"date":"2025-03-12T09:06:09","date_gmt":"2025-03-12T09:06:09","guid":{"rendered":"https:\/\/store.evolve-fitness.eu\/?post_type=product&#038;p=117710"},"modified":"2025-04-04T06:09:55","modified_gmt":"2025-04-04T06:09:55","slug":"maquina-de-abdominales-con-placas-evolve-serie-prime","status":"publish","type":"product","link":"https:\/\/store.evolve-fitness.eu\/es\/producto\/maquina-de-abdominales-con-placas-evolve-serie-prime\/","title":{"rendered":"M\u00e1quina de abdominales con placas Evolve Serie Prime"},"content":{"rendered":"\n<section class=\"wp-block-group alignfull black-content has-white-color has-darkgray-background-color has-text-color has-background is-layout-constrained wp-block-group-is-layout-constrained\" style=\"padding-top:var(--wp--preset--spacing--section-bottom);padding-bottom:var(--wp--preset--spacing--section-bottom)\">\n<h3 class=\"wp-block-heading has-text-align-center\"><strong><strong>EVOLVE SERIE PRIME CARGADA CON PLACAS<\/strong><\/strong><\/h3>\n\n\n\n<p>Con la serie Evolve Plate Loaded Prime, la excelencia es el est\u00e1ndar. Eleve su entrenamiento de fuerza con m\u00e1quinas dise\u00f1adas para ofrecer comodidad, durabilidad y rendimiento. Explore hoy mismo toda la l\u00ednea y redefina su camino hacia la forma f\u00edsica.  <\/p>\n\n\n\n<section class=\"wp-block-group alignfull black-content has-white-color has-darkgray-background-color has-text-color has-background is-layout-constrained wp-block-group-is-layout-constrained\" style=\"padding-top:var(--wp--preset--spacing--section-bottom);padding-bottom:var(--wp--preset--spacing--section-bottom)\">\n<div class=\"wp-block-columns alignwide mobile-reverse is-layout-flex wp-container-core-columns-is-layout-ca64bf2d wp-block-columns-is-layout-flex\" style=\"margin-bottom:var(--wp--preset--spacing--side-padding)\">\n<div class=\"wp-block-column is-vertically-aligned-center is-layout-flow wp-block-column-is-layout-flow\">\n<h3 class=\"wp-block-heading\" style=\"margin-bottom:var(--wp--preset--spacing--h-3-bottom)\"><strong><strong><strong><strong>M\u00e1quina de abdominales con placas Evolve Serie Prime<\/strong><\/strong><\/strong><\/strong><\/h3>\n\n\n\n<p><strong><em><strong><strong>Mejora la fuerza del tronco con un entrenamiento de resistencia espec\u00edfico<\/strong><\/strong><\/em><\/strong><\/p>\n\n\n\n<p style=\"margin-bottom:var(--wp--preset--spacing--tb-section-padding)\">La <strong>m\u00e1quina de abdominales con carga de placas Evolve Prime Series<\/strong> est\u00e1 dise\u00f1ada para aislar y fortalecer los m\u00fasculos abdominales con movimientos controlados basados en la resistencia. Con un asiento ergon\u00f3mico, soporte acolchado y un suave sistema de resistencia de placas, esta m\u00e1quina permite a los usuarios trabajar eficazmente el tronco y minimizar la tensi\u00f3n en la zona lumbar. Su robusto armaz\u00f3n y sus ajustes regulables garantizan comodidad y estabilidad, por lo que es ideal para todos los niveles de fitness que deseen mejorar la fuerza y la resistencia del tronco.  <\/p>\n\n\n\n<h3 class=\"wp-block-heading\" style=\"margin-bottom:var(--wp--preset--spacing--h-3-bottom)\"><strong><strong><strong><strong><strong>Maximiza tu compromiso b\u00e1sico<\/strong><\/strong><\/strong><\/strong><\/strong><\/h3>\n\n\n\n<p><strong><em><strong>Movimiento suave y controlado para un entrenamiento abdominal eficaz<\/strong><\/em><\/strong><\/p>\n\n\n\n<p>La <strong>m\u00e1quina de abdominales con carga de placas Evolve Prime Series<\/strong> proporciona una trayectoria de movimiento guiada que garantiza una resistencia constante en toda la amplitud de movimiento. Con su sistema de placas, los usuarios pueden aumentar progresivamente la resistencia para un desarrollo muscular continuo. El dise\u00f1o ergon\u00f3mico promueve una postura correcta, reduciendo la tensi\u00f3n innecesaria y maximizando la activaci\u00f3n del n\u00facleo. Tanto si tu objetivo es mejorar la estabilidad general, fortalecer el tronco o mejorar el rendimiento deportivo, esta m\u00e1quina proporciona un entrenamiento abdominal eficiente y eficaz.   <\/p>\n<\/div>\n\n\n\n<div class=\"wp-block-column is-vertically-aligned-center is-layout-flow wp-block-column-is-layout-flow\">\n<figure class=\"wp-block-image size-large\"><img loading=\"lazy\" decoding=\"async\" width=\"1024\" height=\"1024\" src=\"https:\/\/store.evolve-fitness.eu\/wp-content\/uploads\/2025\/03\/EV-PL-PR-072-Evolve-Prime-Series-Plate-Loaded-AB-Machine-1024x1024.png\" alt=\"\" class=\"wp-image-117727\" srcset=\"https:\/\/store.evolve-fitness.eu\/wp-content\/uploads\/2025\/03\/EV-PL-PR-072-Evolve-Prime-Series-Plate-Loaded-AB-Machine-1024x1024.png 1024w, https:\/\/store.evolve-fitness.eu\/wp-content\/uploads\/2025\/03\/EV-PL-PR-072-Evolve-Prime-Series-Plate-Loaded-AB-Machine-300x300.png 300w, https:\/\/store.evolve-fitness.eu\/wp-content\/uploads\/2025\/03\/EV-PL-PR-072-Evolve-Prime-Series-Plate-Loaded-AB-Machine-150x150.png 150w, https:\/\/store.evolve-fitness.eu\/wp-content\/uploads\/2025\/03\/EV-PL-PR-072-Evolve-Prime-Series-Plate-Loaded-AB-Machine-768x768.png 768w, https:\/\/store.evolve-fitness.eu\/wp-content\/uploads\/2025\/03\/EV-PL-PR-072-Evolve-Prime-Series-Plate-Loaded-AB-Machine-1536x1536.png 1536w, https:\/\/store.evolve-fitness.eu\/wp-content\/uploads\/2025\/03\/EV-PL-PR-072-Evolve-Prime-Series-Plate-Loaded-AB-Machine-2048x2048.png 2048w, https:\/\/store.evolve-fitness.eu\/wp-content\/uploads\/2025\/03\/EV-PL-PR-072-Evolve-Prime-Series-Plate-Loaded-AB-Machine-600x600.png 600w, https:\/\/store.evolve-fitness.eu\/wp-content\/uploads\/2025\/03\/EV-PL-PR-072-Evolve-Prime-Series-Plate-Loaded-AB-Machine-100x100.png 100w\" sizes=\"auto, (max-width: 1024px) 100vw, 1024px\" \/><\/figure>\n<\/div>\n<\/div>\n<\/section>\n<\/section>\n","protected":false},"excerpt":{"rendered":"<p>La m\u00e1quina de abdominales con carga de placas Evolve Prime Series est\u00e1 dise\u00f1ada para aislar y fortalecer los m\u00fasculos abdominales con movimientos controlados basados en la resistencia. Con un asiento ergon\u00f3mico, soporte acolchado y un suave sistema de resistencia de placas, esta m\u00e1quina permite a los usuarios trabajar eficazmente el tronco y minimizar la tensi\u00f3n en la zona lumbar. Su robusto armaz\u00f3n y sus ajustes regulables garantizan comodidad y estabilidad, por lo que es ideal para todos los niveles de fitness que deseen mejorar la fuerza y la resistencia del tronco.  <\/p>\n","protected":false},"featured_media":117750,"template":"","meta":{"_acf_changed":false,"inline_featured_image":false},"product_cat":[754,1207],"product_tag":[],"class_list":{"0":"post-117710","1":"product","2":"type-product","3":"status-publish","4":"has-post-thumbnail","6":"product_cat-maquinas-de-carga-de-placas","7":"product_cat-prime-series-placa-cargada","9":"first","10":"instock","11":"shipping-taxable","12":"purchasable","13":"product-type-simple"},"acf":[],"_links":{"self":[{"href":"https:\/\/store.evolve-fitness.eu\/es\/wp-json\/wp\/v2\/product\/117710","targetHints":{"allow":["GET"]}}],"collection":[{"href":"https:\/\/store.evolve-fitness.eu\/es\/wp-json\/wp\/v2\/product"}],"about":[{"href":"https:\/\/store.evolve-fitness.eu\/es\/wp-json\/wp\/v2\/types\/product"}],"wp:featuredmedia":[{"embeddable":true,"href":"https:\/\/store.evolve-fitness.eu\/es\/wp-json\/wp\/v2\/media\/117750"}],"wp:attachment":[{"href":"https:\/\/store.evolve-fitness.eu\/es\/wp-json\/wp\/v2\/media?parent=117710"}],"wp:term":[{"taxonomy":"product_cat","embeddable":true,"href":"https:\/\/store.evolve-fitness.eu\/es\/wp-json\/wp\/v2\/product_cat?post=117710"},{"taxonomy":"product_tag","embeddable":true,"href":"https:\/\/store.evolve-fitness.eu\/es\/wp-json\/wp\/v2\/product_tag?post=117710"}],"curies":[{"name":"wp","href":"https:\/\/api.w.org\/{rel}","templated":true}]}}