{"id":117229,"date":"2025-03-12T08:25:54","date_gmt":"2025-03-12T08:25:54","guid":{"rendered":"https:\/\/store.evolve-fitness.eu\/?post_type=product&#038;p=117229"},"modified":"2025-09-25T11:59:31","modified_gmt":"2025-09-25T11:59:31","slug":"evolve-prime-series-prensa-de-pecho-de-doble-funcion-con-placa-y-tiron-lat-hacia-abajo","status":"publish","type":"product","link":"https:\/\/store.evolve-fitness.eu\/es\/producto\/evolve-prime-series-prensa-de-pecho-de-doble-funcion-con-placa-y-tiron-lat-hacia-abajo\/","title":{"rendered":"Evolve Prime Series Prensa de Pecho de Doble Funci\u00f3n con Placa y Tir\u00f3n Lat Hacia Abajo"},"content":{"rendered":"\n<section class=\"wp-block-group alignfull black-content has-white-color has-darkgray-background-color has-text-color has-background is-layout-constrained wp-block-group-is-layout-constrained\" style=\"padding-top:var(--wp--preset--spacing--section-bottom);padding-bottom:var(--wp--preset--spacing--section-bottom)\">\n<h3 class=\"wp-block-heading has-text-align-center\"><strong><strong>EVOLVE SERIE PRIME CARGADA CON PLACAS<\/strong><\/strong><\/h3>\n\n\n\n<p>Con la serie Evolve Plate Loaded Prime, la excelencia es el est\u00e1ndar. Eleve su entrenamiento de fuerza con m\u00e1quinas dise\u00f1adas para ofrecer comodidad, durabilidad y rendimiento. Explore hoy mismo toda la l\u00ednea y redefina su camino hacia la forma f\u00edsica.  <\/p>\n\n\n\n<section class=\"wp-block-group alignfull black-content has-white-color has-darkgray-background-color has-text-color has-background is-layout-constrained wp-block-group-is-layout-constrained\" style=\"padding-top:var(--wp--preset--spacing--section-bottom);padding-bottom:var(--wp--preset--spacing--section-bottom)\">\n<div class=\"wp-block-columns alignwide mobile-reverse is-layout-flex wp-container-core-columns-is-layout-ca64bf2d wp-block-columns-is-layout-flex\" style=\"margin-bottom:var(--wp--preset--spacing--side-padding)\">\n<div class=\"wp-block-column is-vertically-aligned-center is-layout-flow wp-block-column-is-layout-flow\">\n<h3 class=\"wp-block-heading\" style=\"margin-bottom:var(--wp--preset--spacing--h-3-bottom)\"><strong><strong><strong><strong>Evolve Prime Series Prensa de Pecho de Doble Funci\u00f3n con Placa y Pulldown de Lat<\/strong><\/strong><\/strong><\/strong><\/h3>\n\n\n\n<p><strong><strong>Entrenamiento de fuerza vers\u00e1til para la potencia de la parte superior del cuerpo<\/strong><\/strong><\/p>\n\n\n\n<p style=\"margin-bottom:var(--wp--preset--spacing--tb-section-padding)\">La m\u00e1quina <strong>Evolve Prime Series de Doble Funci\u00f3n con Placa de Prensa Pectoral y Tir\u00f3n de Lateral<\/strong> es una m\u00e1quina multifuncional dise\u00f1ada para maximizar la fuerza de empuje y tracci\u00f3n en un dise\u00f1o compacto y eficiente. Este sistema de doble funci\u00f3n permite a los usuarios trabajar el pecho, los hombros y los tr\u00edceps con el press de pecho, a la vez que se ejercitan los dorsales, los b\u00edceps y la parte superior de la espalda con la extensi\u00f3n de dorsales. Con un asiento ergon\u00f3mico, ajustes regulables y un suave sistema de resistencia de placas, esta m\u00e1quina garantiza una amplitud de movimiento natural y un compromiso muscular \u00f3ptimo para un entrenamiento completo de la parte superior del cuerpo.  <\/p>\n\n\n\n<h3 class=\"wp-block-heading\" style=\"margin-bottom:var(--wp--preset--spacing--h-3-bottom)\"><strong><strong><strong><strong><strong>Dos potentes ejercicios en una sola m\u00e1quina<\/strong><\/strong><\/strong><\/strong><\/strong><\/h3>\n\n\n\n<p><strong>Dise\u00f1o eficaz para una fuerza equilibrada de la parte superior del cuerpo<\/strong><\/p>\n\n\n\n<p>La <strong>plancha de doble funci\u00f3n para press de pecho y extensi\u00f3n de piernas Evolve Prime Series<\/strong> ofrece la comodidad de dos ejercicios esenciales en una sola unidad que ocupa poco espacio. La funci\u00f3n de press de pecho proporciona un movimiento de empuje controlado para desarrollar la potencia de la parte superior del cuerpo, mientras que la funci\u00f3n de pulldown de dorsales permite fortalecer eficazmente la espalda con una resistencia suave y personalizable. El movimiento independiente de los brazos garantiza un desarrollo muscular equilibrado, mientras que el robusto armaz\u00f3n mejora la estabilidad y la durabilidad. Ideal tanto para principiantes como para atletas avanzados, esta m\u00e1quina proporciona una experiencia completa de entrenamiento de fuerza de la parte superior del cuerpo.   <\/p>\n<\/div>\n\n\n\n<div class=\"wp-block-column is-vertically-aligned-center is-layout-flow wp-block-column-is-layout-flow\">\n<figure class=\"wp-block-image size-large is-resized is-style-rounded\"><img loading=\"lazy\" decoding=\"async\" width=\"1024\" height=\"1024\" src=\"https:\/\/store.evolve-fitness.eu\/wp-content\/uploads\/2025\/03\/EV-PL-PR-050-Evolve-Prime-Series-Plate-Loaded-Double-Function-Chest-Press-Lat-Pull-Down-3-1024x1024.png\" alt=\"\" class=\"wp-image-121336\" style=\"width:643px;height:706px\" srcset=\"https:\/\/store.evolve-fitness.eu\/wp-content\/uploads\/2025\/03\/EV-PL-PR-050-Evolve-Prime-Series-Plate-Loaded-Double-Function-Chest-Press-Lat-Pull-Down-3-1024x1024.png 1024w, https:\/\/store.evolve-fitness.eu\/wp-content\/uploads\/2025\/03\/EV-PL-PR-050-Evolve-Prime-Series-Plate-Loaded-Double-Function-Chest-Press-Lat-Pull-Down-3-300x300.png 300w, https:\/\/store.evolve-fitness.eu\/wp-content\/uploads\/2025\/03\/EV-PL-PR-050-Evolve-Prime-Series-Plate-Loaded-Double-Function-Chest-Press-Lat-Pull-Down-3-150x150.png 150w, https:\/\/store.evolve-fitness.eu\/wp-content\/uploads\/2025\/03\/EV-PL-PR-050-Evolve-Prime-Series-Plate-Loaded-Double-Function-Chest-Press-Lat-Pull-Down-3-768x768.png 768w, https:\/\/store.evolve-fitness.eu\/wp-content\/uploads\/2025\/03\/EV-PL-PR-050-Evolve-Prime-Series-Plate-Loaded-Double-Function-Chest-Press-Lat-Pull-Down-3-1536x1536.png 1536w, https:\/\/store.evolve-fitness.eu\/wp-content\/uploads\/2025\/03\/EV-PL-PR-050-Evolve-Prime-Series-Plate-Loaded-Double-Function-Chest-Press-Lat-Pull-Down-3-2048x2048.png 2048w, https:\/\/store.evolve-fitness.eu\/wp-content\/uploads\/2025\/03\/EV-PL-PR-050-Evolve-Prime-Series-Plate-Loaded-Double-Function-Chest-Press-Lat-Pull-Down-3-600x600.png 600w, https:\/\/store.evolve-fitness.eu\/wp-content\/uploads\/2025\/03\/EV-PL-PR-050-Evolve-Prime-Series-Plate-Loaded-Double-Function-Chest-Press-Lat-Pull-Down-3-100x100.png 100w\" sizes=\"auto, (max-width: 1024px) 100vw, 1024px\" \/><\/figure>\n<\/div>\n<\/div>\n<\/section>\n<\/section>\n","protected":false},"excerpt":{"rendered":"<p>La m\u00e1quina Evolve Prime Series de Doble Funci\u00f3n con Placa de Prensa Pectoral y Tir\u00f3n de Lateral (EV-PL-PR-050) es una m\u00e1quina multifuncional dise\u00f1ada para maximizar la fuerza de empuje y tracci\u00f3n en un dise\u00f1o compacto y eficiente. Este sistema de doble funci\u00f3n permite a los usuarios trabajar el pecho, los hombros y los tr\u00edceps con el press de pecho, a la vez que trabajan los dorsales, los b\u00edceps y la parte superior de la espalda con la extensi\u00f3n de los dorsales. Con un asiento ergon\u00f3mico, ajustes regulables y un suave sistema de resistencia de placas, esta m\u00e1quina garantiza una amplitud de movimiento natural y un compromiso muscular \u00f3ptimo para un entrenamiento completo de la parte superior del cuerpo.  <\/p>\n","protected":false},"featured_media":121537,"template":"","meta":{"_acf_changed":false,"inline_featured_image":false},"product_cat":[754,1207],"product_tag":[],"class_list":{"0":"post-117229","1":"product","2":"type-product","3":"status-publish","4":"has-post-thumbnail","6":"product_cat-maquinas-de-carga-de-placas","7":"product_cat-prime-series-placa-cargada","9":"first","10":"outofstock","11":"shipping-taxable","12":"purchasable","13":"product-type-simple"},"acf":[],"_links":{"self":[{"href":"https:\/\/store.evolve-fitness.eu\/es\/wp-json\/wp\/v2\/product\/117229","targetHints":{"allow":["GET"]}}],"collection":[{"href":"https:\/\/store.evolve-fitness.eu\/es\/wp-json\/wp\/v2\/product"}],"about":[{"href":"https:\/\/store.evolve-fitness.eu\/es\/wp-json\/wp\/v2\/types\/product"}],"wp:featuredmedia":[{"embeddable":true,"href":"https:\/\/store.evolve-fitness.eu\/es\/wp-json\/wp\/v2\/media\/121537"}],"wp:attachment":[{"href":"https:\/\/store.evolve-fitness.eu\/es\/wp-json\/wp\/v2\/media?parent=117229"}],"wp:term":[{"taxonomy":"product_cat","embeddable":true,"href":"https:\/\/store.evolve-fitness.eu\/es\/wp-json\/wp\/v2\/product_cat?post=117229"},{"taxonomy":"product_tag","embeddable":true,"href":"https:\/\/store.evolve-fitness.eu\/es\/wp-json\/wp\/v2\/product_tag?post=117229"}],"curies":[{"name":"wp","href":"https:\/\/api.w.org\/{rel}","templated":true}]}}