{"id":117129,"date":"2025-03-12T07:41:47","date_gmt":"2025-03-12T07:41:47","guid":{"rendered":"https:\/\/store.evolve-fitness.eu\/?post_type=product&#038;p=117129"},"modified":"2025-04-04T06:12:37","modified_gmt":"2025-04-04T06:12:37","slug":"curl-de-brazos-sentado-con-carga-de-placas-de-la-serie-evolve-prime-recuperado","status":"publish","type":"product","link":"https:\/\/store.evolve-fitness.eu\/es\/producto\/curl-de-brazos-sentado-con-carga-de-placas-de-la-serie-evolve-prime-recuperado\/","title":{"rendered":"Curl de brazos sentado con carga de placas de la serie Evolve Prime Recuperado"},"content":{"rendered":"\n<section class=\"wp-block-group alignfull black-content has-white-color has-darkgray-background-color has-text-color has-background is-layout-constrained wp-block-group-is-layout-constrained\" style=\"padding-top:var(--wp--preset--spacing--section-bottom);padding-bottom:var(--wp--preset--spacing--section-bottom)\">\n<h3 class=\"wp-block-heading has-text-align-center\"><strong><strong>EVOLVE SERIE PRIME CARGADA CON PLACAS<\/strong><\/strong><\/h3>\n\n\n\n<p>Con la serie Evolve Plate Loaded Prime, la excelencia es el est\u00e1ndar. Eleve su entrenamiento de fuerza con m\u00e1quinas dise\u00f1adas para ofrecer comodidad, durabilidad y rendimiento. Explore hoy mismo toda la l\u00ednea y redefina su camino hacia la forma f\u00edsica.  <\/p>\n\n\n\n<section class=\"wp-block-group alignfull black-content has-white-color has-darkgray-background-color has-text-color has-background is-layout-constrained wp-block-group-is-layout-constrained\" style=\"padding-top:var(--wp--preset--spacing--section-bottom);padding-bottom:var(--wp--preset--spacing--section-bottom)\">\n<div class=\"wp-block-columns alignwide mobile-reverse is-layout-flex wp-container-core-columns-is-layout-ca64bf2d wp-block-columns-is-layout-flex\" style=\"margin-bottom:var(--wp--preset--spacing--side-padding)\">\n<div class=\"wp-block-column is-vertically-aligned-center is-layout-flow wp-block-column-is-layout-flow\">\n<h3 class=\"wp-block-heading\" style=\"margin-bottom:var(--wp--preset--spacing--h-3-bottom)\"><strong><strong><strong><strong>Curl de brazos sentado con placa de la serie Evolve Prime<\/strong><\/strong><\/strong><\/strong><\/h3>\n\n\n\n<p><strong>A\u00edsla y fortalece tus b\u00edceps con una resistencia de precisi\u00f3n<\/strong><\/p>\n\n\n\n<p style=\"margin-bottom:var(--wp--preset--spacing--tb-section-padding)\">El <strong>Curl de brazos sentado con placas de la serie Evolve Prime<\/strong> est\u00e1 dise\u00f1ado para maximizar el trabajo de los b\u00edceps con una amplitud de movimiento suave y controlada. Con un asiento ergon\u00f3mico, una almohadilla en \u00e1ngulo para los brazos y un sistema de resistencia cargado con placas, esta m\u00e1quina garantiza una forma adecuada y el aislamiento muscular, minimizando el impulso para un entrenamiento m\u00e1s eficaz. La construcci\u00f3n robusta y las posiciones de agarre ajustables la hacen adecuada para todos los niveles de forma f\u00edsica, proporcionando una forma fiable y eficaz de desarrollar la fuerza y definici\u00f3n de los brazos.  <\/p>\n\n\n\n<h3 class=\"wp-block-heading\" style=\"margin-bottom:var(--wp--preset--spacing--h-3-bottom)\"><strong><strong><strong><strong><strong>Alcanza la m\u00e1xima activaci\u00f3n de los b\u00edceps<\/strong><\/strong><\/strong><\/strong><\/strong><\/h3>\n\n\n\n<p><strong>Movimiento de rizado suave y controlado para un crecimiento m\u00e1ximo<\/strong><\/p>\n\n\n\n<p>El <strong>Curl de brazo sentado con placa de la serie Evolve Prime<\/strong> soporta una sobrecarga progresiva, lo que permite a los usuarios aumentar gradualmente la resistencia para un desarrollo muscular continuo. El soporte acolchado del brazo estabiliza la parte superior del cuerpo, garantizando una forma estricta y la contracci\u00f3n completa del b\u00edceps en cada repetici\u00f3n. Fabricada para ofrecer durabilidad y comodidad, esta m\u00e1quina es un complemento esencial para cualquier gimnasio, ya que ayuda a los atletas y entusiastas del fitness a conseguir unos brazos m\u00e1s fuertes y bien definidos con un entrenamiento de resistencia preciso y eficaz. <\/p>\n<\/div>\n\n\n\n<div class=\"wp-block-column is-vertically-aligned-center is-layout-flow wp-block-column-is-layout-flow\">\n<figure class=\"wp-block-image size-large is-resized is-style-rounded\"><img loading=\"lazy\" decoding=\"async\" width=\"1024\" height=\"1024\" src=\"https:\/\/store.evolve-fitness.eu\/wp-content\/uploads\/2025\/03\/EV-PL-PR-029-Evolve-Prime-Series-Plate-Loaded-Seated-Arm-Curl-Recovered-1024x1024.png\" alt=\"\" class=\"wp-image-117146\" style=\"width:643px;height:706px\" srcset=\"https:\/\/store.evolve-fitness.eu\/wp-content\/uploads\/2025\/03\/EV-PL-PR-029-Evolve-Prime-Series-Plate-Loaded-Seated-Arm-Curl-Recovered-1024x1024.png 1024w, https:\/\/store.evolve-fitness.eu\/wp-content\/uploads\/2025\/03\/EV-PL-PR-029-Evolve-Prime-Series-Plate-Loaded-Seated-Arm-Curl-Recovered-300x300.png 300w, https:\/\/store.evolve-fitness.eu\/wp-content\/uploads\/2025\/03\/EV-PL-PR-029-Evolve-Prime-Series-Plate-Loaded-Seated-Arm-Curl-Recovered-150x150.png 150w, https:\/\/store.evolve-fitness.eu\/wp-content\/uploads\/2025\/03\/EV-PL-PR-029-Evolve-Prime-Series-Plate-Loaded-Seated-Arm-Curl-Recovered-768x768.png 768w, https:\/\/store.evolve-fitness.eu\/wp-content\/uploads\/2025\/03\/EV-PL-PR-029-Evolve-Prime-Series-Plate-Loaded-Seated-Arm-Curl-Recovered-1536x1536.png 1536w, https:\/\/store.evolve-fitness.eu\/wp-content\/uploads\/2025\/03\/EV-PL-PR-029-Evolve-Prime-Series-Plate-Loaded-Seated-Arm-Curl-Recovered-2048x2048.png 2048w, https:\/\/store.evolve-fitness.eu\/wp-content\/uploads\/2025\/03\/EV-PL-PR-029-Evolve-Prime-Series-Plate-Loaded-Seated-Arm-Curl-Recovered-600x600.png 600w, https:\/\/store.evolve-fitness.eu\/wp-content\/uploads\/2025\/03\/EV-PL-PR-029-Evolve-Prime-Series-Plate-Loaded-Seated-Arm-Curl-Recovered-100x100.png 100w\" sizes=\"auto, (max-width: 1024px) 100vw, 1024px\" \/><\/figure>\n<\/div>\n<\/div>\n<\/section>\n<\/section>\n","protected":false},"excerpt":{"rendered":"<p>El Curl de brazos sentado con placas de la serie Evolve Prime est\u00e1 dise\u00f1ado para maximizar el trabajo de los b\u00edceps con una amplitud de movimiento suave y controlada. Con un asiento ergon\u00f3mico, una almohadilla en \u00e1ngulo para los brazos y un sistema de resistencia cargado con placas, esta m\u00e1quina garantiza una forma adecuada y el aislamiento muscular, minimizando el impulso para un entrenamiento m\u00e1s eficaz. La construcci\u00f3n robusta y las posiciones de agarre ajustables la hacen adecuada para todos los niveles de forma f\u00edsica, proporcionando una forma fiable y eficaz de desarrollar la fuerza y definici\u00f3n de los brazos.  <\/p>\n","protected":false},"featured_media":117194,"template":"","meta":{"_acf_changed":false,"inline_featured_image":false},"product_cat":[754,1207],"product_tag":[],"class_list":{"0":"post-117129","1":"product","2":"type-product","3":"status-publish","4":"has-post-thumbnail","6":"product_cat-maquinas-de-carga-de-placas","7":"product_cat-prime-series-placa-cargada","9":"first","10":"instock","11":"shipping-taxable","12":"purchasable","13":"product-type-simple"},"acf":[],"_links":{"self":[{"href":"https:\/\/store.evolve-fitness.eu\/es\/wp-json\/wp\/v2\/product\/117129","targetHints":{"allow":["GET"]}}],"collection":[{"href":"https:\/\/store.evolve-fitness.eu\/es\/wp-json\/wp\/v2\/product"}],"about":[{"href":"https:\/\/store.evolve-fitness.eu\/es\/wp-json\/wp\/v2\/types\/product"}],"wp:featuredmedia":[{"embeddable":true,"href":"https:\/\/store.evolve-fitness.eu\/es\/wp-json\/wp\/v2\/media\/117194"}],"wp:attachment":[{"href":"https:\/\/store.evolve-fitness.eu\/es\/wp-json\/wp\/v2\/media?parent=117129"}],"wp:term":[{"taxonomy":"product_cat","embeddable":true,"href":"https:\/\/store.evolve-fitness.eu\/es\/wp-json\/wp\/v2\/product_cat?post=117129"},{"taxonomy":"product_tag","embeddable":true,"href":"https:\/\/store.evolve-fitness.eu\/es\/wp-json\/wp\/v2\/product_tag?post=117129"}],"curies":[{"name":"wp","href":"https:\/\/api.w.org\/{rel}","templated":true}]}}