{"id":117028,"date":"2025-03-12T07:33:11","date_gmt":"2025-03-12T07:33:11","guid":{"rendered":"https:\/\/store.evolve-fitness.eu\/?post_type=product&#038;p=117028"},"modified":"2026-01-09T12:00:18","modified_gmt":"2026-01-09T12:00:18","slug":"prensa-de-piernas-vertical-evolve-serie-prime-nuevo-modelo","status":"publish","type":"product","link":"https:\/\/store.evolve-fitness.eu\/es\/producto\/prensa-de-piernas-vertical-evolve-serie-prime-nuevo-modelo\/","title":{"rendered":"Prensa de piernas vertical Evolve Serie Prime Nuevo Modelo"},"content":{"rendered":"\n<section class=\"wp-block-group alignfull black-content has-white-color has-darkgray-background-color has-text-color has-background is-layout-constrained wp-block-group-is-layout-constrained\" style=\"padding-top:var(--wp--preset--spacing--section-bottom);padding-bottom:var(--wp--preset--spacing--section-bottom)\">\n<h3 class=\"wp-block-heading has-text-align-center\"><strong><strong>EVOLVE SERIE PRIME CARGADA CON PLACAS<\/strong><\/strong><\/h3>\n\n\n\n<p>Con la serie Evolve Plate Loaded Prime, la excelencia es el est\u00e1ndar. Eleve su entrenamiento de fuerza con m\u00e1quinas dise\u00f1adas para ofrecer comodidad, durabilidad y rendimiento. Explore hoy mismo toda la l\u00ednea y redefina su camino hacia la forma f\u00edsica.  <\/p>\n\n\n\n<section class=\"wp-block-group alignfull black-content has-white-color has-darkgray-background-color has-text-color has-background is-layout-constrained wp-block-group-is-layout-constrained\" style=\"padding-top:var(--wp--preset--spacing--section-bottom);padding-bottom:var(--wp--preset--spacing--section-bottom)\">\n<div class=\"wp-block-columns alignwide mobile-reverse is-layout-flex wp-container-core-columns-is-layout-ca64bf2d wp-block-columns-is-layout-flex\" style=\"margin-bottom:var(--wp--preset--spacing--side-padding)\">\n<div class=\"wp-block-column is-vertically-aligned-center is-layout-flow wp-block-column-is-layout-flow\">\n<h3 class=\"wp-block-heading\" style=\"margin-bottom:var(--wp--preset--spacing--h-3-bottom)\"><strong><strong><strong>Maximiza tu entrenamiento de piernas con la prensa vertical para piernas<\/strong><\/strong><\/strong><\/h3>\n\n\n\n<p style=\"margin-bottom:var(--wp--preset--spacing--tb-section-padding)\">La <strong>Prensa Vertical de Piernas<\/strong> est\u00e1 dise\u00f1ada para proporcionar una experiencia de entrenamiento de piernas sin igual, ofreciendo un enfoque directo y aislado en los m\u00fasculos de la parte inferior del cuerpo. Con su suave funcionamiento y dise\u00f1o ergon\u00f3mico, esta m\u00e1quina te permite realizar con seguridad presiones profundas y controladas, dirigidas a los cu\u00e1driceps, isquiotibiales y gl\u00fateos para obtener la m\u00e1xima fuerza y desarrollo. <\/p>\n\n\n\n<h3 class=\"wp-block-heading\" style=\"margin-bottom:var(--wp--preset--spacing--h-3-bottom)\"><strong><strong><strong><strong><strong>Dise\u00f1ado para la estabilidad y la precisi\u00f3n<\/strong><\/strong><\/strong><\/strong><\/strong><\/h3>\n\n\n\n<p>Construida pensando en la durabilidad, la prensa vertical de piernas cuenta con un robusto armaz\u00f3n que garantiza la estabilidad durante todo el entrenamiento. Su tama\u00f1o compacto la hace ideal para gimnasios dom\u00e9sticos o gimnasios profesionales, ofreciendo un alto rendimiento sin comprometer el espacio. Con una alineaci\u00f3n precisa del reposapi\u00e9s y el respaldo, garantiza que tu cuerpo permanezca en la posici\u00f3n \u00f3ptima para un entrenamiento seguro y eficaz en todo momento.  <\/p>\n<\/div>\n\n\n\n<div class=\"wp-block-column is-vertically-aligned-center is-layout-flow wp-block-column-is-layout-flow\">\n<figure class=\"wp-block-image size-large is-resized is-style-rounded\"><img loading=\"lazy\" decoding=\"async\" width=\"1024\" height=\"1024\" src=\"https:\/\/store.evolve-fitness.eu\/wp-content\/uploads\/2025\/03\/EV-PL-PR-039-Evolve-Prime-Series-Plate-Loaded-Vertical-Leg-Press-2-1024x1024.png\" alt=\"\" class=\"wp-image-121260\" style=\"width:643px;height:706px\" srcset=\"https:\/\/store.evolve-fitness.eu\/wp-content\/uploads\/2025\/03\/EV-PL-PR-039-Evolve-Prime-Series-Plate-Loaded-Vertical-Leg-Press-2-1024x1024.png 1024w, https:\/\/store.evolve-fitness.eu\/wp-content\/uploads\/2025\/03\/EV-PL-PR-039-Evolve-Prime-Series-Plate-Loaded-Vertical-Leg-Press-2-300x300.png 300w, https:\/\/store.evolve-fitness.eu\/wp-content\/uploads\/2025\/03\/EV-PL-PR-039-Evolve-Prime-Series-Plate-Loaded-Vertical-Leg-Press-2-150x150.png 150w, https:\/\/store.evolve-fitness.eu\/wp-content\/uploads\/2025\/03\/EV-PL-PR-039-Evolve-Prime-Series-Plate-Loaded-Vertical-Leg-Press-2-768x768.png 768w, https:\/\/store.evolve-fitness.eu\/wp-content\/uploads\/2025\/03\/EV-PL-PR-039-Evolve-Prime-Series-Plate-Loaded-Vertical-Leg-Press-2-1536x1536.png 1536w, https:\/\/store.evolve-fitness.eu\/wp-content\/uploads\/2025\/03\/EV-PL-PR-039-Evolve-Prime-Series-Plate-Loaded-Vertical-Leg-Press-2-2048x2048.png 2048w, https:\/\/store.evolve-fitness.eu\/wp-content\/uploads\/2025\/03\/EV-PL-PR-039-Evolve-Prime-Series-Plate-Loaded-Vertical-Leg-Press-2-600x600.png 600w, https:\/\/store.evolve-fitness.eu\/wp-content\/uploads\/2025\/03\/EV-PL-PR-039-Evolve-Prime-Series-Plate-Loaded-Vertical-Leg-Press-2-100x100.png 100w\" sizes=\"auto, (max-width: 1024px) 100vw, 1024px\" \/><\/figure>\n<\/div>\n<\/div>\n<\/section>\n<\/section>\n","protected":false},"excerpt":{"rendered":"<p>La Prensa Vertical de Piernas Evolve Serie Prime (EV-PL-PR-039) es una m\u00e1quina compacta pero potente, dise\u00f1ada para proporcionar un entrenamiento eficaz de la parte inferior del cuerpo, centr\u00e1ndose en los cu\u00e1driceps, isquiotibiales y gl\u00fateos. Construida con un robusto armaz\u00f3n que ocupa poco espacio, garantiza estabilidad y durabilidad tanto para uso dom\u00e9stico como en gimnasios profesionales. Gracias a su construcci\u00f3n resistente y a su enfoque en la seguridad, esta m\u00e1quina es ideal para quienes buscan desarrollar fuerza, definici\u00f3n muscular y potencia general de la parte inferior del cuerpo.  <\/p>\n","protected":false},"featured_media":121308,"template":"","meta":{"_acf_changed":false,"inline_featured_image":false},"product_cat":[754,1207],"product_tag":[],"class_list":{"0":"post-117028","1":"product","2":"type-product","3":"status-publish","4":"has-post-thumbnail","6":"product_cat-maquinas-de-carga-de-placas","7":"product_cat-prime-series-placa-cargada","9":"first","10":"outofstock","11":"shipping-taxable","12":"purchasable","13":"product-type-simple"},"acf":[],"_links":{"self":[{"href":"https:\/\/store.evolve-fitness.eu\/es\/wp-json\/wp\/v2\/product\/117028","targetHints":{"allow":["GET"]}}],"collection":[{"href":"https:\/\/store.evolve-fitness.eu\/es\/wp-json\/wp\/v2\/product"}],"about":[{"href":"https:\/\/store.evolve-fitness.eu\/es\/wp-json\/wp\/v2\/types\/product"}],"wp:featuredmedia":[{"embeddable":true,"href":"https:\/\/store.evolve-fitness.eu\/es\/wp-json\/wp\/v2\/media\/121308"}],"wp:attachment":[{"href":"https:\/\/store.evolve-fitness.eu\/es\/wp-json\/wp\/v2\/media?parent=117028"}],"wp:term":[{"taxonomy":"product_cat","embeddable":true,"href":"https:\/\/store.evolve-fitness.eu\/es\/wp-json\/wp\/v2\/product_cat?post=117028"},{"taxonomy":"product_tag","embeddable":true,"href":"https:\/\/store.evolve-fitness.eu\/es\/wp-json\/wp\/v2\/product_tag?post=117028"}],"curies":[{"name":"wp","href":"https:\/\/api.w.org\/{rel}","templated":true}]}}