{"id":116751,"date":"2025-03-10T13:42:02","date_gmt":"2025-03-10T13:42:02","guid":{"rendered":"https:\/\/store.evolve-fitness.eu\/?post_type=product&#038;p=116751"},"modified":"2025-12-13T13:26:38","modified_gmt":"2025-12-13T13:26:38","slug":"prensa-pectoral-declinada-con-placa-de-la-serie-evolve-prime","status":"publish","type":"product","link":"https:\/\/store.evolve-fitness.eu\/es\/producto\/prensa-pectoral-declinada-con-placa-de-la-serie-evolve-prime\/","title":{"rendered":"Prensa pectoral declinada con placa Evolve Prime Series (PR-026)"},"content":{"rendered":"\n<section class=\"wp-block-group alignfull black-content has-white-color has-darkgray-background-color has-text-color has-background is-layout-constrained wp-block-group-is-layout-constrained\" style=\"padding-top:var(--wp--preset--spacing--section-bottom);padding-bottom:var(--wp--preset--spacing--section-bottom)\">\n<h3 class=\"wp-block-heading has-text-align-center\"><strong><strong>EVOLVE SERIE PRIME CARGADA CON PLACAS<\/strong><\/strong><\/h3>\n\n\n\n<p>Con la serie Evolve Plate Loaded Prime, la excelencia es el est\u00e1ndar. Eleve su entrenamiento de fuerza con m\u00e1quinas dise\u00f1adas para ofrecer comodidad, durabilidad y rendimiento. Explore hoy mismo toda la l\u00ednea y redefina su camino hacia la forma f\u00edsica.  <\/p>\n\n\n\n<section class=\"wp-block-group alignfull black-content has-white-color has-darkgray-background-color has-text-color has-background is-layout-constrained wp-block-group-is-layout-constrained\" style=\"padding-top:var(--wp--preset--spacing--section-bottom);padding-bottom:var(--wp--preset--spacing--section-bottom)\">\n<div class=\"wp-block-columns alignwide mobile-reverse is-layout-flex wp-container-core-columns-is-layout-ca64bf2d wp-block-columns-is-layout-flex\" style=\"margin-bottom:var(--wp--preset--spacing--side-padding)\">\n<div class=\"wp-block-column is-vertically-aligned-center is-layout-flow wp-block-column-is-layout-flow\">\n<h3 class=\"wp-block-heading\" style=\"margin-bottom:var(--wp--preset--spacing--h-3-bottom)\"><strong><strong><strong><strong>Prensa pectoral declinada con placa de la serie Evolve Prime<\/strong><\/strong><\/strong><\/strong><\/h3>\n\n\n\n<p><strong><em><strong><strong><strong><strong>Maximiza la fuerza de la parte inferior del pecho con una biomec\u00e1nica superior<\/strong><\/strong><\/strong><\/strong><\/em><\/strong><\/p>\n\n\n\n<p style=\"margin-bottom:var(--wp--preset--spacing--tb-section-padding)\">La <strong>prensa pectoral declinada con placas de la serie Evolve Prime<\/strong> est\u00e1 dise\u00f1ada para trabajar eficazmente los m\u00fasculos pectorales inferiores, al tiempo que garantiza un movimiento de presi\u00f3n natural y controlado. Con su asiento ergon\u00f3mico, respaldo en \u00e1ngulo y sistema de resistencia de placas, esta m\u00e1quina optimiza el compromiso muscular al tiempo que minimiza la tensi\u00f3n articular. El movimiento independiente de los brazos favorece un desarrollo equilibrado, mientras que el robusto bastidor garantiza durabilidad y estabilidad, lo que la convierte en una herramienta esencial para el entrenamiento progresivo de la fuerza.  <\/p>\n\n\n\n<h3 class=\"wp-block-heading\" style=\"margin-bottom:var(--wp--preset--spacing--h-3-bottom)\"><strong><strong><strong><strong><strong><strong>Mejora la definici\u00f3n de la parte inferior del pecho<\/strong><\/strong><\/strong><\/strong><\/strong><\/strong><\/h3>\n\n\n\n<p><strong><em><strong>Movimiento suave y controlado para una m\u00e1xima activaci\u00f3n muscular<\/strong><\/em><\/strong><\/p>\n\n\n\n<p>La <strong>prensa pectoral declinada cargada con placas de la serie Evolve Prime<\/strong> permite a los usuarios desarrollar una potencia de prensado explosiva con un recorrido guiado y biomec\u00e1nicamente optimizado. El sistema de placas permite niveles de resistencia personalizables, tanto para principiantes como para levantadores avanzados. Su \u00e1ngulo de declive estrat\u00e9gicamente dise\u00f1ado mejora la activaci\u00f3n de los pectorales inferiores al tiempo que reduce la tensi\u00f3n innecesaria en los hombros. Tanto si tu objetivo es la fuerza, el crecimiento muscular o la resistencia, esta m\u00e1quina proporciona un entrenamiento altamente eficaz de la parte inferior del pecho con una resistencia suave y eficaz.   <\/p>\n<\/div>\n\n\n\n<div class=\"wp-block-column is-vertically-aligned-center is-layout-flow wp-block-column-is-layout-flow\">\n<figure class=\"wp-block-image size-large is-resized is-style-rounded\"><img loading=\"lazy\" decoding=\"async\" width=\"1024\" height=\"1024\" src=\"https:\/\/store.evolve-fitness.eu\/wp-content\/uploads\/2025\/03\/EV-PL-PR-026-Evolve-Prime-Series-Plate-Loaded-Decline-Chest-Press-Recovered-2-1024x1024.png\" alt=\"\" class=\"wp-image-121035\" style=\"width:643px;height:706px\" srcset=\"https:\/\/store.evolve-fitness.eu\/wp-content\/uploads\/2025\/03\/EV-PL-PR-026-Evolve-Prime-Series-Plate-Loaded-Decline-Chest-Press-Recovered-2-1024x1024.png 1024w, https:\/\/store.evolve-fitness.eu\/wp-content\/uploads\/2025\/03\/EV-PL-PR-026-Evolve-Prime-Series-Plate-Loaded-Decline-Chest-Press-Recovered-2-300x300.png 300w, https:\/\/store.evolve-fitness.eu\/wp-content\/uploads\/2025\/03\/EV-PL-PR-026-Evolve-Prime-Series-Plate-Loaded-Decline-Chest-Press-Recovered-2-150x150.png 150w, https:\/\/store.evolve-fitness.eu\/wp-content\/uploads\/2025\/03\/EV-PL-PR-026-Evolve-Prime-Series-Plate-Loaded-Decline-Chest-Press-Recovered-2-768x768.png 768w, https:\/\/store.evolve-fitness.eu\/wp-content\/uploads\/2025\/03\/EV-PL-PR-026-Evolve-Prime-Series-Plate-Loaded-Decline-Chest-Press-Recovered-2-1536x1536.png 1536w, https:\/\/store.evolve-fitness.eu\/wp-content\/uploads\/2025\/03\/EV-PL-PR-026-Evolve-Prime-Series-Plate-Loaded-Decline-Chest-Press-Recovered-2-2048x2048.png 2048w, https:\/\/store.evolve-fitness.eu\/wp-content\/uploads\/2025\/03\/EV-PL-PR-026-Evolve-Prime-Series-Plate-Loaded-Decline-Chest-Press-Recovered-2-600x600.png 600w, https:\/\/store.evolve-fitness.eu\/wp-content\/uploads\/2025\/03\/EV-PL-PR-026-Evolve-Prime-Series-Plate-Loaded-Decline-Chest-Press-Recovered-2-100x100.png 100w\" sizes=\"auto, (max-width: 1024px) 100vw, 1024px\" \/><\/figure>\n<\/div>\n<\/div>\n<\/section>\n<\/section>\n","protected":false},"excerpt":{"rendered":"<p>La prensa pectoral declinada con placas de la serie Evolve Prime est\u00e1 dise\u00f1ada para trabajar los m\u00fasculos pectorales inferiores con un movimiento de presi\u00f3n suave y controlado. Con un armaz\u00f3n duradero, un asiento ergon\u00f3mico y un sistema de resistencia cargado con placas, esta m\u00e1quina permite una intensidad personalizable para adaptarse a todos los niveles de forma f\u00edsica. Ideal para desarrollar la fuerza de la parte superior del cuerpo, garantiza una activaci\u00f3n muscular eficaz a la vez que proporciona estabilidad y comodidad durante el entrenamiento. Perfecta para mejorar la definici\u00f3n del pecho y la potencia general de la parte superior del cuerpo.   <\/p>\n","protected":false},"featured_media":121083,"template":"","meta":{"_acf_changed":false,"inline_featured_image":false},"product_cat":[754,1207],"product_tag":[],"class_list":{"0":"post-116751","1":"product","2":"type-product","3":"status-publish","4":"has-post-thumbnail","6":"product_cat-maquinas-de-carga-de-placas","7":"product_cat-prime-series-placa-cargada","9":"first","10":"instock","11":"shipping-taxable","12":"purchasable","13":"product-type-simple"},"acf":[],"_links":{"self":[{"href":"https:\/\/store.evolve-fitness.eu\/es\/wp-json\/wp\/v2\/product\/116751","targetHints":{"allow":["GET"]}}],"collection":[{"href":"https:\/\/store.evolve-fitness.eu\/es\/wp-json\/wp\/v2\/product"}],"about":[{"href":"https:\/\/store.evolve-fitness.eu\/es\/wp-json\/wp\/v2\/types\/product"}],"wp:featuredmedia":[{"embeddable":true,"href":"https:\/\/store.evolve-fitness.eu\/es\/wp-json\/wp\/v2\/media\/121083"}],"wp:attachment":[{"href":"https:\/\/store.evolve-fitness.eu\/es\/wp-json\/wp\/v2\/media?parent=116751"}],"wp:term":[{"taxonomy":"product_cat","embeddable":true,"href":"https:\/\/store.evolve-fitness.eu\/es\/wp-json\/wp\/v2\/product_cat?post=116751"},{"taxonomy":"product_tag","embeddable":true,"href":"https:\/\/store.evolve-fitness.eu\/es\/wp-json\/wp\/v2\/product_tag?post=116751"}],"curies":[{"name":"wp","href":"https:\/\/api.w.org\/{rel}","templated":true}]}}