{"id":116475,"date":"2025-03-10T13:08:39","date_gmt":"2025-03-10T13:08:39","guid":{"rendered":"https:\/\/store.evolve-fitness.eu\/?post_type=product&#038;p=116475"},"modified":"2025-03-27T09:13:50","modified_gmt":"2025-03-27T09:13:50","slug":"prensa-de-hombros-con-carga-de-placas-evolve-prime-series","status":"publish","type":"product","link":"https:\/\/store.evolve-fitness.eu\/es\/producto\/prensa-de-hombros-con-carga-de-placas-evolve-prime-series\/","title":{"rendered":"Prensa de hombros con carga de placas Evolve Prime Series"},"content":{"rendered":"\n<section class=\"wp-block-group alignfull black-content has-white-color has-darkgray-background-color has-text-color has-background is-layout-constrained wp-block-group-is-layout-constrained\" style=\"padding-top:var(--wp--preset--spacing--section-bottom);padding-bottom:var(--wp--preset--spacing--section-bottom)\">\n<h3 class=\"wp-block-heading has-text-align-center\"><strong><strong>EVOLVE SERIE PRIME CARGADA CON PLACAS<\/strong><\/strong><\/h3>\n\n\n\n<p>Con la serie Evolve Plate Loaded Prime, la excelencia es el est\u00e1ndar. Eleve su entrenamiento de fuerza con m\u00e1quinas dise\u00f1adas para ofrecer comodidad, durabilidad y rendimiento. Explore hoy mismo toda la l\u00ednea y redefina su camino hacia la forma f\u00edsica.  <\/p>\n\n\n\n<section class=\"wp-block-group alignfull black-content has-white-color has-darkgray-background-color has-text-color has-background is-layout-constrained wp-block-group-is-layout-constrained\" style=\"padding-top:var(--wp--preset--spacing--section-bottom);padding-bottom:var(--wp--preset--spacing--section-bottom)\">\n<div class=\"wp-block-columns alignwide mobile-reverse is-layout-flex wp-container-core-columns-is-layout-ca64bf2d wp-block-columns-is-layout-flex\" style=\"margin-bottom:var(--wp--preset--spacing--side-padding)\">\n<div class=\"wp-block-column is-vertically-aligned-center is-layout-flow wp-block-column-is-layout-flow\">\n<h3 class=\"wp-block-heading\" style=\"margin-bottom:var(--wp--preset--spacing--h-3-bottom)\"><strong><strong><strong>Prensa de hombros con carga de placas Evolve Prime Series<\/strong><\/strong><\/strong><\/h3>\n\n\n\n<p><strong><em><strong><strong><strong>Mejora la fuerza de los hombros con precisi\u00f3n y potencia<\/strong><\/strong><\/strong><\/em><\/strong><\/p>\n\n\n\n<p style=\"margin-bottom:var(--wp--preset--spacing--tb-section-padding)\">La <strong>prensa de hombros con carga de placas Evolve Prime Series<\/strong> est\u00e1 dise\u00f1ada para proporcionar un entrenamiento controlado y eficaz de la parte superior del cuerpo, centrado en los deltoides, los tr\u00edceps y la parte superior del pecho. Con su asiento ergon\u00f3mico, el movimiento independiente de los brazos y el sistema de resistencia de placas, esta m\u00e1quina permite un movimiento natural de prensado al tiempo que minimiza la tensi\u00f3n en las articulaciones. Su robusta construcci\u00f3n garantiza su durabilidad, convirti\u00e9ndola en un complemento esencial para cualquier programa de entrenamiento de fuerza. Si tu objetivo es el crecimiento muscular, la mejora de la resistencia o la estabilidad de los hombros, esta m\u00e1quina proporciona la combinaci\u00f3n perfecta de potencia y precisi\u00f3n.   <\/p>\n\n\n\n<h3 class=\"wp-block-heading\" style=\"margin-bottom:var(--wp--preset--spacing--h-3-bottom)\"><strong><strong><strong><strong><strong>Maximizar el desarrollo de los hombros<\/strong><\/strong><\/strong><\/strong><\/strong><\/h3>\n\n\n\n<p><strong><em>Optimizado biomec\u00e1nicamente para mayor resistencia y seguridad<\/em><\/strong><\/p>\n\n\n\n<p>La <strong>prensa de hombros con carga de placas Evolve Prime Series<\/strong> presenta una trayectoria de movimiento suave y guiada que garantiza un compromiso muscular uniforme en toda la amplitud de movimiento. Su asiento ajustable y las m\u00faltiples posiciones de agarre permiten entrenamientos personalizados adaptados a diferentes tipos de cuerpo y preferencias de entrenamiento. El sistema de carga de placas soporta una sobrecarga progresiva, por lo que es adecuado tanto para principiantes como para levantadores avanzados. Dise\u00f1ada para ofrecer estabilidad y rendimiento, esta m\u00e1quina de press de hombros es una herramienta ideal para desarrollar unos hombros fuertes y bien definidos con una resistencia controlada y eficaz.   <\/p>\n<\/div>\n\n\n\n<div class=\"wp-block-column is-vertically-aligned-center is-layout-flow wp-block-column-is-layout-flow\">\n<figure class=\"wp-block-image size-large is-resized is-style-rounded\"><img loading=\"lazy\" decoding=\"async\" width=\"1024\" height=\"1024\" src=\"https:\/\/store.evolve-fitness.eu\/wp-content\/uploads\/2025\/03\/EV-PL-PR-024-Evolve-Prime-Series-Plate-Loaded-Shoulder-Press-Recovered-2-1024x1024.png\" alt=\"\" class=\"wp-image-116542\" style=\"width:643px;height:706px\" srcset=\"https:\/\/store.evolve-fitness.eu\/wp-content\/uploads\/2025\/03\/EV-PL-PR-024-Evolve-Prime-Series-Plate-Loaded-Shoulder-Press-Recovered-2-1024x1024.png 1024w, https:\/\/store.evolve-fitness.eu\/wp-content\/uploads\/2025\/03\/EV-PL-PR-024-Evolve-Prime-Series-Plate-Loaded-Shoulder-Press-Recovered-2-300x300.png 300w, https:\/\/store.evolve-fitness.eu\/wp-content\/uploads\/2025\/03\/EV-PL-PR-024-Evolve-Prime-Series-Plate-Loaded-Shoulder-Press-Recovered-2-150x150.png 150w, https:\/\/store.evolve-fitness.eu\/wp-content\/uploads\/2025\/03\/EV-PL-PR-024-Evolve-Prime-Series-Plate-Loaded-Shoulder-Press-Recovered-2-768x768.png 768w, https:\/\/store.evolve-fitness.eu\/wp-content\/uploads\/2025\/03\/EV-PL-PR-024-Evolve-Prime-Series-Plate-Loaded-Shoulder-Press-Recovered-2-1536x1536.png 1536w, https:\/\/store.evolve-fitness.eu\/wp-content\/uploads\/2025\/03\/EV-PL-PR-024-Evolve-Prime-Series-Plate-Loaded-Shoulder-Press-Recovered-2-2048x2048.png 2048w, https:\/\/store.evolve-fitness.eu\/wp-content\/uploads\/2025\/03\/EV-PL-PR-024-Evolve-Prime-Series-Plate-Loaded-Shoulder-Press-Recovered-2-600x600.png 600w, https:\/\/store.evolve-fitness.eu\/wp-content\/uploads\/2025\/03\/EV-PL-PR-024-Evolve-Prime-Series-Plate-Loaded-Shoulder-Press-Recovered-2-100x100.png 100w\" sizes=\"auto, (max-width: 1024px) 100vw, 1024px\" \/><\/figure>\n<\/div>\n<\/div>\n<\/section>\n<\/section>\n","protected":false},"excerpt":{"rendered":"<p>La prensa de hombros con carga de placas Evolve Prime Series est\u00e1 dise\u00f1ada para proporcionar un entrenamiento controlado y eficaz de la parte superior del cuerpo, centrado en los deltoides, los tr\u00edceps y la parte superior del pecho. Con su asiento ergon\u00f3mico, el movimiento independiente de los brazos y el sistema de resistencia de placas, esta m\u00e1quina permite un movimiento natural de prensado al tiempo que minimiza la tensi\u00f3n en las articulaciones. Su robusta construcci\u00f3n garantiza su durabilidad, convirti\u00e9ndola en un complemento esencial para cualquier programa de entrenamiento de fuerza. Si tu objetivo es el crecimiento muscular, la mejora de la resistencia o la estabilidad de los hombros, esta m\u00e1quina proporciona la combinaci\u00f3n perfecta de potencia y precisi\u00f3n.   <\/p>\n","protected":false},"featured_media":116515,"template":"","meta":{"_acf_changed":false,"inline_featured_image":false},"product_cat":[754,1207],"product_tag":[],"class_list":{"0":"post-116475","1":"product","2":"type-product","3":"status-publish","4":"has-post-thumbnail","6":"product_cat-maquinas-de-carga-de-placas","7":"product_cat-prime-series-placa-cargada","9":"first","10":"instock","11":"shipping-taxable","12":"purchasable","13":"product-type-simple"},"acf":[],"_links":{"self":[{"href":"https:\/\/store.evolve-fitness.eu\/es\/wp-json\/wp\/v2\/product\/116475","targetHints":{"allow":["GET"]}}],"collection":[{"href":"https:\/\/store.evolve-fitness.eu\/es\/wp-json\/wp\/v2\/product"}],"about":[{"href":"https:\/\/store.evolve-fitness.eu\/es\/wp-json\/wp\/v2\/types\/product"}],"wp:featuredmedia":[{"embeddable":true,"href":"https:\/\/store.evolve-fitness.eu\/es\/wp-json\/wp\/v2\/media\/116515"}],"wp:attachment":[{"href":"https:\/\/store.evolve-fitness.eu\/es\/wp-json\/wp\/v2\/media?parent=116475"}],"wp:term":[{"taxonomy":"product_cat","embeddable":true,"href":"https:\/\/store.evolve-fitness.eu\/es\/wp-json\/wp\/v2\/product_cat?post=116475"},{"taxonomy":"product_tag","embeddable":true,"href":"https:\/\/store.evolve-fitness.eu\/es\/wp-json\/wp\/v2\/product_tag?post=116475"}],"curies":[{"name":"wp","href":"https:\/\/api.w.org\/{rel}","templated":true}]}}