{"id":116375,"date":"2025-03-10T12:54:29","date_gmt":"2025-03-10T12:54:29","guid":{"rendered":"https:\/\/store.evolve-fitness.eu\/?post_type=product&#038;p=116375"},"modified":"2026-01-13T12:00:21","modified_gmt":"2026-01-13T12:00:21","slug":"evolve-prime-series-elevacion-de-pantorrilla-sentada-con-placa","status":"publish","type":"product","link":"https:\/\/store.evolve-fitness.eu\/es\/producto\/evolve-prime-series-elevacion-de-pantorrilla-sentada-con-placa\/","title":{"rendered":"Evolve Prime Series Elevaci\u00f3n de Pantorrilla Sentada con Placa"},"content":{"rendered":"\n<section class=\"wp-block-group alignfull black-content has-white-color has-darkgray-background-color has-text-color has-background is-layout-constrained wp-block-group-is-layout-constrained\" style=\"padding-top:var(--wp--preset--spacing--section-bottom);padding-bottom:var(--wp--preset--spacing--section-bottom)\">\n<h3 class=\"wp-block-heading has-text-align-center\"><strong><strong>EVOLVE SERIE PRIME CARGADA CON PLACAS<\/strong><\/strong><\/h3>\n\n\n\n<p>Con la serie Evolve Plate Loaded Prime, la excelencia es el est\u00e1ndar. Eleve su entrenamiento de fuerza con m\u00e1quinas dise\u00f1adas para ofrecer comodidad, durabilidad y rendimiento. Explore hoy mismo toda la l\u00ednea y redefina su camino hacia la forma f\u00edsica.  <\/p>\n\n\n\n<section class=\"wp-block-group alignfull black-content has-white-color has-darkgray-background-color has-text-color has-background is-layout-constrained wp-block-group-is-layout-constrained\" style=\"padding-top:var(--wp--preset--spacing--section-bottom);padding-bottom:var(--wp--preset--spacing--section-bottom)\">\n<div class=\"wp-block-columns alignwide mobile-reverse is-layout-flex wp-container-core-columns-is-layout-ca64bf2d wp-block-columns-is-layout-flex\" style=\"margin-bottom:var(--wp--preset--spacing--side-padding)\">\n<div class=\"wp-block-column is-vertically-aligned-center is-layout-flow wp-block-column-is-layout-flow\">\n<h3 class=\"wp-block-heading\" style=\"margin-bottom:var(--wp--preset--spacing--h-3-bottom)\"><strong><strong><strong>Evolve Prime Series Elevaci\u00f3n de Pantorrilla Sentada con Placa<\/strong><\/strong><\/strong><\/h3>\n\n\n\n<p><strong><em><strong><strong>Construye unas pantorrillas m\u00e1s fuertes y definidas con una resistencia de precisi\u00f3n<\/strong><\/strong><\/em><\/strong><\/p>\n\n\n\n<p style=\"margin-bottom:var(--wp--preset--spacing--tb-section-padding)\">El <strong>elevador de pantorrillas sentado con carga de placas de la serie Evolve Prime<\/strong> est\u00e1 dise\u00f1ado para trabajar y fortalecer eficazmente el m\u00fasculo s\u00f3leo, proporcionando un desarrollo superior de la parte inferior de las piernas. Con su asiento ergon\u00f3mico, las almohadillas ajustables para los muslos y el suave sistema de resistencia cargado con placas, esta m\u00e1quina garantiza una biomec\u00e1nica \u00f3ptima para conseguir contracciones controladas y potentes de las pantorrillas. Construida para ofrecer estabilidad y durabilidad, permite a los usuarios sobrecargar progresivamente los m\u00fasculos de la pantorrilla, lo que la convierte en un complemento esencial de cualquier rutina de entrenamiento de fuerza.  <\/p>\n\n\n\n<h3 class=\"wp-block-heading\" style=\"margin-bottom:var(--wp--preset--spacing--h-3-bottom)\"><strong><strong><strong><strong><strong>Maximiza la fuerza y la resistencia de las pantorrillas<\/strong><\/strong><\/strong><\/strong><\/strong><\/h3>\n\n\n\n<p><strong><em>Movimiento suave y controlado para una activaci\u00f3n muscular eficaz<\/em><\/strong><\/p>\n\n\n\n<p>El <strong>elevador de pantorrillas sentado con placa de la serie Evolve Prime<\/strong> proporciona una experiencia de entrenamiento c\u00f3moda pero potente, que permite a los usuarios aislar y entrenar las pantorrillas con precisi\u00f3n. La robusta plataforma para los pies garantiza una posici\u00f3n adecuada de los mismos, mientras que el mecanismo de placas permite una resistencia personalizable para todos los niveles de forma f\u00edsica. Tanto si buscas mejorar el rendimiento deportivo, como mejorar la definici\u00f3n de la parte inferior de las piernas o aumentar la resistencia, esta m\u00e1quina proporciona un entrenamiento de pantorrillas altamente eficiente y eficaz.  <\/p>\n<\/div>\n\n\n\n<div class=\"wp-block-column is-vertically-aligned-center is-layout-flow wp-block-column-is-layout-flow\">\n<figure class=\"wp-block-image size-large is-resized is-style-rounded\"><img loading=\"lazy\" decoding=\"async\" width=\"1024\" height=\"1024\" src=\"https:\/\/store.evolve-fitness.eu\/wp-content\/uploads\/2025\/03\/EV-PL-PR-023-Evolve-Prime-Series-Plate-Loaded-Seated-Calf-Raise-Recovered-2-1024x1024.png\" alt=\"\" class=\"wp-image-120858\" style=\"width:643px;height:706px\" srcset=\"https:\/\/store.evolve-fitness.eu\/wp-content\/uploads\/2025\/03\/EV-PL-PR-023-Evolve-Prime-Series-Plate-Loaded-Seated-Calf-Raise-Recovered-2-1024x1024.png 1024w, https:\/\/store.evolve-fitness.eu\/wp-content\/uploads\/2025\/03\/EV-PL-PR-023-Evolve-Prime-Series-Plate-Loaded-Seated-Calf-Raise-Recovered-2-300x300.png 300w, https:\/\/store.evolve-fitness.eu\/wp-content\/uploads\/2025\/03\/EV-PL-PR-023-Evolve-Prime-Series-Plate-Loaded-Seated-Calf-Raise-Recovered-2-150x150.png 150w, https:\/\/store.evolve-fitness.eu\/wp-content\/uploads\/2025\/03\/EV-PL-PR-023-Evolve-Prime-Series-Plate-Loaded-Seated-Calf-Raise-Recovered-2-768x768.png 768w, https:\/\/store.evolve-fitness.eu\/wp-content\/uploads\/2025\/03\/EV-PL-PR-023-Evolve-Prime-Series-Plate-Loaded-Seated-Calf-Raise-Recovered-2-1536x1536.png 1536w, https:\/\/store.evolve-fitness.eu\/wp-content\/uploads\/2025\/03\/EV-PL-PR-023-Evolve-Prime-Series-Plate-Loaded-Seated-Calf-Raise-Recovered-2-2048x2048.png 2048w, https:\/\/store.evolve-fitness.eu\/wp-content\/uploads\/2025\/03\/EV-PL-PR-023-Evolve-Prime-Series-Plate-Loaded-Seated-Calf-Raise-Recovered-2-600x600.png 600w, https:\/\/store.evolve-fitness.eu\/wp-content\/uploads\/2025\/03\/EV-PL-PR-023-Evolve-Prime-Series-Plate-Loaded-Seated-Calf-Raise-Recovered-2-100x100.png 100w\" sizes=\"auto, (max-width: 1024px) 100vw, 1024px\" \/><\/figure>\n<\/div>\n<\/div>\n<\/section>\n<\/section>\n","protected":false},"excerpt":{"rendered":"<p>La m\u00e1quina de trapecios cargada con placas Evolve Prime Series es una m\u00e1quina de fitness de \u00e9lite dise\u00f1ada para mejorar tus entrenamientos de la parte superior del cuerpo. Construida con materiales de calidad comercial, esta m\u00e1quina garantiza una comodidad, durabilidad y rendimiento superiores. Su dise\u00f1o ergon\u00f3mico y sus caracter\u00edsticas ajustables la hacen adecuada para usuarios de todos los niveles de forma f\u00edsica, perfecta para entornos de gimnasio profesionales.  <\/p>\n","protected":false},"featured_media":120956,"template":"","meta":{"_acf_changed":false,"inline_featured_image":false},"product_cat":[754,1207],"product_tag":[],"class_list":{"0":"post-116375","1":"product","2":"type-product","3":"status-publish","4":"has-post-thumbnail","6":"product_cat-maquinas-de-carga-de-placas","7":"product_cat-prime-series-placa-cargada","9":"first","10":"outofstock","11":"shipping-taxable","12":"purchasable","13":"product-type-simple"},"acf":[],"_links":{"self":[{"href":"https:\/\/store.evolve-fitness.eu\/es\/wp-json\/wp\/v2\/product\/116375","targetHints":{"allow":["GET"]}}],"collection":[{"href":"https:\/\/store.evolve-fitness.eu\/es\/wp-json\/wp\/v2\/product"}],"about":[{"href":"https:\/\/store.evolve-fitness.eu\/es\/wp-json\/wp\/v2\/types\/product"}],"wp:featuredmedia":[{"embeddable":true,"href":"https:\/\/store.evolve-fitness.eu\/es\/wp-json\/wp\/v2\/media\/120956"}],"wp:attachment":[{"href":"https:\/\/store.evolve-fitness.eu\/es\/wp-json\/wp\/v2\/media?parent=116375"}],"wp:term":[{"taxonomy":"product_cat","embeddable":true,"href":"https:\/\/store.evolve-fitness.eu\/es\/wp-json\/wp\/v2\/product_cat?post=116375"},{"taxonomy":"product_tag","embeddable":true,"href":"https:\/\/store.evolve-fitness.eu\/es\/wp-json\/wp\/v2\/product_tag?post=116375"}],"curies":[{"name":"wp","href":"https:\/\/api.w.org\/{rel}","templated":true}]}}