{"id":115944,"date":"2025-03-10T08:57:00","date_gmt":"2025-03-10T08:57:00","guid":{"rendered":"https:\/\/store.evolve-fitness.eu\/?post_type=product&#038;p=115944"},"modified":"2025-04-04T06:21:48","modified_gmt":"2025-04-04T06:21:48","slug":"tiron-de-pecho-frontal-con-carga-de-plancha-de-la-serie-evolve-prime","status":"publish","type":"product","link":"https:\/\/store.evolve-fitness.eu\/es\/producto\/tiron-de-pecho-frontal-con-carga-de-plancha-de-la-serie-evolve-prime\/","title":{"rendered":"Tir\u00f3n de pecho frontal con carga de plancha de la serie Evolve Prime"},"content":{"rendered":"\n<section class=\"wp-block-group alignfull black-content has-white-color has-darkgray-background-color has-text-color has-background is-layout-constrained wp-block-group-is-layout-constrained\" style=\"padding-top:var(--wp--preset--spacing--section-bottom);padding-bottom:var(--wp--preset--spacing--section-bottom)\">\n<h3 class=\"wp-block-heading has-text-align-center\"><strong><strong>EVOLVE SERIE PRIME CARGADA CON PLACAS<\/strong><\/strong><\/h3>\n\n\n\n<p>Con la serie Evolve Plate Loaded Prime, la excelencia es el est\u00e1ndar. Eleve su entrenamiento de fuerza con m\u00e1quinas dise\u00f1adas para ofrecer comodidad, durabilidad y rendimiento. Explore hoy mismo toda la l\u00ednea y redefina su camino hacia la forma f\u00edsica.  <\/p>\n\n\n\n<section class=\"wp-block-group alignfull black-content has-white-color has-darkgray-background-color has-text-color has-background is-layout-constrained wp-block-group-is-layout-constrained\" style=\"padding-top:var(--wp--preset--spacing--section-bottom);padding-bottom:var(--wp--preset--spacing--section-bottom)\">\n<div class=\"wp-block-columns alignwide mobile-reverse is-layout-flex wp-container-core-columns-is-layout-ca64bf2d wp-block-columns-is-layout-flex\" style=\"margin-bottom:var(--wp--preset--spacing--side-padding)\">\n<div class=\"wp-block-column is-vertically-aligned-center is-layout-flow wp-block-column-is-layout-flow\">\n<h3 class=\"wp-block-heading\" style=\"margin-bottom:var(--wp--preset--spacing--h-3-bottom)\"><strong><strong><strong><strong><strong><strong><strong><strong>Tir\u00f3n de pecho frontal con carga de plancha Evolve Prime Series<\/strong><\/strong><\/strong><\/strong><\/strong><\/strong><\/strong><\/strong><\/h3>\n\n\n\n<p><em><strong><em><strong><strong><strong><strong>Desbloquea la Fuerza Superior de la Espalda con Mec\u00e1nica de Tracci\u00f3n de Precisi\u00f3n<\/strong><\/strong><\/strong><\/strong><\/em><\/strong><\/em><\/p>\n\n\n\n<p style=\"margin-bottom:var(--wp--preset--spacing--tb-section-padding)\">La m\u00e1quina <strong>de domin<\/strong> adas <strong>frontales con carga de placas Evolve Prime Series<\/strong> est\u00e1 dise\u00f1ada para maximizar el trabajo de las dominadas y la fuerza de la parte superior del cuerpo con un movimiento de tracci\u00f3n natural y controlado. Con un asiento ergon\u00f3mico, almohadillas ajustables para los muslos y un sistema de resistencia con placas, esta m\u00e1quina permite una sobrecarga progresiva para adaptarse a todos los niveles de forma f\u00edsica. Su trayectoria de movimiento suave y biomec\u00e1nicamente optimizada garantiza una activaci\u00f3n muscular eficaz al tiempo que minimiza la tensi\u00f3n en las articulaciones. Ideal para desarrollar una espalda ancha y fuerte, esta m\u00e1quina de dominadas es un elemento b\u00e1sico en cualquier programa de entrenamiento de fuerza.   <\/p>\n\n\n\n<h3 class=\"wp-block-heading\" style=\"margin-bottom:var(--wp--preset--spacing--h-3-bottom)\"><strong><strong><strong><strong><strong><strong><strong>Activaci\u00f3n Lat de precisi\u00f3n para ganancias m\u00e1ximas<\/strong><\/strong><\/strong><\/strong><\/strong><\/strong><\/strong><\/h3>\n\n\n\n<p><strong><em><strong><strong><strong><strong>Resistencia controlada, eficiente y personalizable<\/strong><\/strong><\/strong><\/strong><\/em><\/strong><\/p>\n\n\n\n<p>La m\u00e1quina <strong>Evolve Prime Series Front Lat Pulldown cargada con<\/strong> placas presenta un movimiento independiente de los brazos para un desarrollo muscular equilibrado, mientras que sus asas en \u00e1ngulo ofrecen m\u00faltiples variaciones de agarre para trabajar diferentes zonas de la espalda. El robusto armaz\u00f3n y el suave sistema de carga de placas garantizan una resistencia constante, permitiendo a los usuarios superar sus l\u00edmites con seguridad y eficacia. Si tu objetivo es aumentar la fuerza de la parte superior del cuerpo, mejorar la postura o construir una espalda bien definida, esta m\u00e1quina ofrece la combinaci\u00f3n perfecta de estabilidad, comodidad y rendimiento.  <\/p>\n<\/div>\n\n\n\n<div class=\"wp-block-column is-vertically-aligned-center is-layout-flow wp-block-column-is-layout-flow\">\n<figure class=\"wp-block-image size-large\"><img loading=\"lazy\" decoding=\"async\" width=\"1024\" height=\"1024\" src=\"https:\/\/store.evolve-fitness.eu\/wp-content\/uploads\/2025\/03\/EV-PL-PR-016-Evolve-Prime-Series-Plate-Loaded-Fron-Lat-Pull-Down-Recovered-1024x1024.png\" alt=\"\" class=\"wp-image-115961\" srcset=\"https:\/\/store.evolve-fitness.eu\/wp-content\/uploads\/2025\/03\/EV-PL-PR-016-Evolve-Prime-Series-Plate-Loaded-Fron-Lat-Pull-Down-Recovered-1024x1024.png 1024w, https:\/\/store.evolve-fitness.eu\/wp-content\/uploads\/2025\/03\/EV-PL-PR-016-Evolve-Prime-Series-Plate-Loaded-Fron-Lat-Pull-Down-Recovered-300x300.png 300w, https:\/\/store.evolve-fitness.eu\/wp-content\/uploads\/2025\/03\/EV-PL-PR-016-Evolve-Prime-Series-Plate-Loaded-Fron-Lat-Pull-Down-Recovered-150x150.png 150w, https:\/\/store.evolve-fitness.eu\/wp-content\/uploads\/2025\/03\/EV-PL-PR-016-Evolve-Prime-Series-Plate-Loaded-Fron-Lat-Pull-Down-Recovered-768x768.png 768w, https:\/\/store.evolve-fitness.eu\/wp-content\/uploads\/2025\/03\/EV-PL-PR-016-Evolve-Prime-Series-Plate-Loaded-Fron-Lat-Pull-Down-Recovered-1536x1536.png 1536w, https:\/\/store.evolve-fitness.eu\/wp-content\/uploads\/2025\/03\/EV-PL-PR-016-Evolve-Prime-Series-Plate-Loaded-Fron-Lat-Pull-Down-Recovered-2048x2048.png 2048w, https:\/\/store.evolve-fitness.eu\/wp-content\/uploads\/2025\/03\/EV-PL-PR-016-Evolve-Prime-Series-Plate-Loaded-Fron-Lat-Pull-Down-Recovered-600x600.png 600w, https:\/\/store.evolve-fitness.eu\/wp-content\/uploads\/2025\/03\/EV-PL-PR-016-Evolve-Prime-Series-Plate-Loaded-Fron-Lat-Pull-Down-Recovered-100x100.png 100w\" sizes=\"auto, (max-width: 1024px) 100vw, 1024px\" \/><\/figure>\n<\/div>\n<\/div>\n<\/section>\n<\/section>\n","protected":false},"excerpt":{"rendered":"<p>La m\u00e1quina de dominadas frontales con carga de placas Evolve Prime Series est\u00e1 dise\u00f1ada para maximizar el trabajo de las dominadas y la fuerza de la parte superior del cuerpo con un movimiento de tracci\u00f3n natural y controlado. Con un asiento ergon\u00f3mico, almohadillas ajustables para los muslos y un sistema de resistencia con placas, esta m\u00e1quina permite una sobrecarga progresiva para adaptarse a todos los niveles de forma f\u00edsica. Su trayectoria de movimiento suave y biomec\u00e1nicamente optimizada garantiza una activaci\u00f3n muscular eficaz al tiempo que minimiza la tensi\u00f3n en las articulaciones. Ideal para desarrollar una espalda ancha y fuerte, esta m\u00e1quina de dominadas es un elemento b\u00e1sico en cualquier programa de entrenamiento de fuerza.   <\/p>\n","protected":false},"featured_media":115984,"template":"","meta":{"_acf_changed":false,"inline_featured_image":false},"product_cat":[754,1207],"product_tag":[],"class_list":{"0":"post-115944","1":"product","2":"type-product","3":"status-publish","4":"has-post-thumbnail","6":"product_cat-maquinas-de-carga-de-placas","7":"product_cat-prime-series-placa-cargada","9":"first","10":"instock","11":"shipping-taxable","12":"purchasable","13":"product-type-simple"},"acf":[],"_links":{"self":[{"href":"https:\/\/store.evolve-fitness.eu\/es\/wp-json\/wp\/v2\/product\/115944","targetHints":{"allow":["GET"]}}],"collection":[{"href":"https:\/\/store.evolve-fitness.eu\/es\/wp-json\/wp\/v2\/product"}],"about":[{"href":"https:\/\/store.evolve-fitness.eu\/es\/wp-json\/wp\/v2\/types\/product"}],"wp:featuredmedia":[{"embeddable":true,"href":"https:\/\/store.evolve-fitness.eu\/es\/wp-json\/wp\/v2\/media\/115984"}],"wp:attachment":[{"href":"https:\/\/store.evolve-fitness.eu\/es\/wp-json\/wp\/v2\/media?parent=115944"}],"wp:term":[{"taxonomy":"product_cat","embeddable":true,"href":"https:\/\/store.evolve-fitness.eu\/es\/wp-json\/wp\/v2\/product_cat?post=115944"},{"taxonomy":"product_tag","embeddable":true,"href":"https:\/\/store.evolve-fitness.eu\/es\/wp-json\/wp\/v2\/product_tag?post=115944"}],"curies":[{"name":"wp","href":"https:\/\/api.w.org\/{rel}","templated":true}]}}