{"id":115768,"date":"2025-03-10T08:29:17","date_gmt":"2025-03-10T08:29:17","guid":{"rendered":"https:\/\/store.evolve-fitness.eu\/?post_type=product&#038;p=115768"},"modified":"2025-12-13T13:26:00","modified_gmt":"2025-12-13T13:26:00","slug":"prensa-toracica-inclinada-con-carga-de-placas-evolve-prime-series","status":"publish","type":"product","link":"https:\/\/store.evolve-fitness.eu\/es\/producto\/prensa-toracica-inclinada-con-carga-de-placas-evolve-prime-series\/","title":{"rendered":"Prensa tor\u00e1cica inclinada de placas Evolve Prime Series (PR-010)"},"content":{"rendered":"\n<section class=\"wp-block-group alignfull black-content has-white-color has-darkgray-background-color has-text-color has-background is-layout-constrained wp-block-group-is-layout-constrained\" style=\"padding-top:var(--wp--preset--spacing--section-bottom);padding-bottom:var(--wp--preset--spacing--section-bottom)\">\n<h3 class=\"wp-block-heading has-text-align-center\"><strong><strong>EVOLVE SERIE PRIME CARGADA CON PLACAS<\/strong><\/strong><\/h3>\n\n\n\n<p>Con la serie Evolve Plate Loaded Prime, la excelencia es el est\u00e1ndar. Eleve su entrenamiento de fuerza con m\u00e1quinas dise\u00f1adas para ofrecer comodidad, durabilidad y rendimiento. Explore hoy mismo toda la l\u00ednea y redefina su camino hacia la forma f\u00edsica.  <\/p>\n\n\n\n<section class=\"wp-block-group alignfull black-content has-white-color has-darkgray-background-color has-text-color has-background is-layout-constrained wp-block-group-is-layout-constrained\" style=\"padding-top:var(--wp--preset--spacing--section-bottom);padding-bottom:var(--wp--preset--spacing--section-bottom)\">\n<div class=\"wp-block-columns alignwide mobile-reverse is-layout-flex wp-container-core-columns-is-layout-ca64bf2d wp-block-columns-is-layout-flex\" style=\"margin-bottom:var(--wp--preset--spacing--side-padding)\">\n<div class=\"wp-block-column is-vertically-aligned-center is-layout-flow wp-block-column-is-layout-flow\">\n<h3 class=\"wp-block-heading\" style=\"margin-bottom:var(--wp--preset--spacing--h-3-bottom)\"><strong><strong><strong><strong><strong><strong><strong>Prensa tor\u00e1cica inclinada con carga de placas Evolve Prime Series<\/strong><\/strong><\/strong><\/strong><\/strong><\/strong><\/strong><\/h3>\n\n\n\n<p><em><strong><em><strong><strong><strong>Mejora el desarrollo de la parte superior del t\u00f3rax con una biomec\u00e1nica \u00f3ptima<\/strong><\/strong><\/strong><\/em><\/strong><\/em><\/p>\n\n\n\n<p style=\"margin-bottom:var(--wp--preset--spacing--tb-section-padding)\">La <strong>prensa pectoral inclinada con carga de placas Evolve Prime Series<\/strong> est\u00e1 dise\u00f1ada para trabajar con precisi\u00f3n la parte superior del pecho, los hombros y los tr\u00edceps. Dise\u00f1ada con un movimiento de press en \u00e1ngulo, esta m\u00e1quina imita la biomec\u00e1nica natural de un press de banca inclinado, al tiempo que ofrece la estabilidad y seguridad de un recorrido guiado. Su sistema de resistencia con placas permite una sobrecarga progresiva, por lo que es ideal para usuarios de todos los niveles de forma f\u00edsica. Con un asiento ergon\u00f3mico y posiciones de agarre ajustables, esta m\u00e1quina garantiza la m\u00e1xima comodidad y eficacia, permitiendo a los usuarios superar sus l\u00edmites con confianza.   <\/p>\n\n\n\n<h3 class=\"wp-block-heading\" style=\"margin-bottom:var(--wp--preset--spacing--h-3-bottom)\"><strong><strong><strong><strong><strong><strong>Maximiza la fuerza de la parte superior del cuerpo<\/strong><\/strong><\/strong><\/strong><\/strong><\/strong><\/h3>\n\n\n\n<p><strong><em><strong><strong><strong>Movimiento suave y controlado para una activaci\u00f3n muscular superior<\/strong><\/strong><\/strong><\/em><\/strong><\/p>\n\n\n\n<p>La <strong>prensa pectoral de alta inclinaci\u00f3n con carga de placas de la serie Evolve Prime<\/strong> est\u00e1 pensada para atletas y entusiastas del fitness que buscan mejorar la fuerza y definici\u00f3n de la parte superior del pecho. El movimiento independiente de los brazos favorece un desarrollo muscular equilibrado, mientras que el \u00e1ngulo de press optimizado reduce la tensi\u00f3n en los hombros. Su robusto armaz\u00f3n y su suave mecanismo de resistencia garantizan durabilidad y rendimiento en cualquier gimnasio. Tanto si tu objetivo es la hipertrofia muscular, el desarrollo de la fuerza o el acondicionamiento general de la parte superior del cuerpo, esta m\u00e1quina proporciona una experiencia de entrenamiento eficaz y controlada.   <\/p>\n<\/div>\n\n\n\n<div class=\"wp-block-column is-vertically-aligned-center is-layout-flow wp-block-column-is-layout-flow\">\n<figure class=\"wp-block-image size-large\"><img loading=\"lazy\" decoding=\"async\" width=\"1024\" height=\"1024\" src=\"https:\/\/store.evolve-fitness.eu\/wp-content\/uploads\/2025\/03\/EV-PL-PR-010-Evolve-Prime-Series-Plate-Loaded-High-Incline-Chest-Press-Recovered-1024x1024.png\" alt=\"\" class=\"wp-image-115785\" srcset=\"https:\/\/store.evolve-fitness.eu\/wp-content\/uploads\/2025\/03\/EV-PL-PR-010-Evolve-Prime-Series-Plate-Loaded-High-Incline-Chest-Press-Recovered-1024x1024.png 1024w, https:\/\/store.evolve-fitness.eu\/wp-content\/uploads\/2025\/03\/EV-PL-PR-010-Evolve-Prime-Series-Plate-Loaded-High-Incline-Chest-Press-Recovered-300x300.png 300w, https:\/\/store.evolve-fitness.eu\/wp-content\/uploads\/2025\/03\/EV-PL-PR-010-Evolve-Prime-Series-Plate-Loaded-High-Incline-Chest-Press-Recovered-150x150.png 150w, https:\/\/store.evolve-fitness.eu\/wp-content\/uploads\/2025\/03\/EV-PL-PR-010-Evolve-Prime-Series-Plate-Loaded-High-Incline-Chest-Press-Recovered-768x768.png 768w, https:\/\/store.evolve-fitness.eu\/wp-content\/uploads\/2025\/03\/EV-PL-PR-010-Evolve-Prime-Series-Plate-Loaded-High-Incline-Chest-Press-Recovered-1536x1536.png 1536w, https:\/\/store.evolve-fitness.eu\/wp-content\/uploads\/2025\/03\/EV-PL-PR-010-Evolve-Prime-Series-Plate-Loaded-High-Incline-Chest-Press-Recovered-2048x2048.png 2048w, https:\/\/store.evolve-fitness.eu\/wp-content\/uploads\/2025\/03\/EV-PL-PR-010-Evolve-Prime-Series-Plate-Loaded-High-Incline-Chest-Press-Recovered-600x600.png 600w, https:\/\/store.evolve-fitness.eu\/wp-content\/uploads\/2025\/03\/EV-PL-PR-010-Evolve-Prime-Series-Plate-Loaded-High-Incline-Chest-Press-Recovered-100x100.png 100w\" sizes=\"auto, (max-width: 1024px) 100vw, 1024px\" \/><\/figure>\n<\/div>\n<\/div>\n<\/section>\n<\/section>\n","protected":false},"excerpt":{"rendered":"<p>La prensa pectoral de alta inclinaci\u00f3n cargada con placas de la serie Evolve Prime (EV-PL-PR-010) est\u00e1 dise\u00f1ada por expertos para trabajar la parte superior del pecho, los hombros y los tr\u00edceps, proporcionando un movimiento de presi\u00f3n potente y controlado. Con su \u00e1ngulo de inclinaci\u00f3n alto, esta m\u00e1quina enfatiza la parte clavicular de los m\u00fasculos pectorales, promoviendo un desarrollo superior de la parte superior del cuerpo. Dise\u00f1ada para un movimiento suave y un posicionamiento ergon\u00f3mico, garantiza una biomec\u00e1nica \u00f3ptima, permitiendo a los usuarios entrenar con seguridad y eficacia. Tanto si tu objetivo es desarrollar masa muscular, aumentar la fuerza o mejorar el rendimiento de prensado, esta m\u00e1quina de placas es un complemento clave para cualquier configuraci\u00f3n de entrenamiento avanzado.   <\/p>\n","protected":false},"featured_media":115808,"template":"","meta":{"_acf_changed":false,"inline_featured_image":false},"product_cat":[754,1207],"product_tag":[],"class_list":{"0":"post-115768","1":"product","2":"type-product","3":"status-publish","4":"has-post-thumbnail","6":"product_cat-maquinas-de-carga-de-placas","7":"product_cat-prime-series-placa-cargada","9":"first","10":"instock","11":"shipping-taxable","12":"purchasable","13":"product-type-simple"},"acf":[],"_links":{"self":[{"href":"https:\/\/store.evolve-fitness.eu\/es\/wp-json\/wp\/v2\/product\/115768","targetHints":{"allow":["GET"]}}],"collection":[{"href":"https:\/\/store.evolve-fitness.eu\/es\/wp-json\/wp\/v2\/product"}],"about":[{"href":"https:\/\/store.evolve-fitness.eu\/es\/wp-json\/wp\/v2\/types\/product"}],"wp:featuredmedia":[{"embeddable":true,"href":"https:\/\/store.evolve-fitness.eu\/es\/wp-json\/wp\/v2\/media\/115808"}],"wp:attachment":[{"href":"https:\/\/store.evolve-fitness.eu\/es\/wp-json\/wp\/v2\/media?parent=115768"}],"wp:term":[{"taxonomy":"product_cat","embeddable":true,"href":"https:\/\/store.evolve-fitness.eu\/es\/wp-json\/wp\/v2\/product_cat?post=115768"},{"taxonomy":"product_tag","embeddable":true,"href":"https:\/\/store.evolve-fitness.eu\/es\/wp-json\/wp\/v2\/product_tag?post=115768"}],"curies":[{"name":"wp","href":"https:\/\/api.w.org\/{rel}","templated":true}]}}