{"id":115668,"date":"2025-03-10T07:56:06","date_gmt":"2025-03-10T07:56:06","guid":{"rendered":"https:\/\/store.evolve-fitness.eu\/?post_type=product&#038;p=115668"},"modified":"2025-04-04T06:23:43","modified_gmt":"2025-04-04T06:23:43","slug":"evolve-prime-series-placa-cargada-fila-dy-sentado-recuperado","status":"publish","type":"product","link":"https:\/\/store.evolve-fitness.eu\/es\/producto\/evolve-prime-series-placa-cargada-fila-dy-sentado-recuperado\/","title":{"rendered":"Evolve Prime Series Placa Cargada Fila DY Sentado Recuperado"},"content":{"rendered":"\n<section class=\"wp-block-group alignfull black-content has-white-color has-darkgray-background-color has-text-color has-background is-layout-constrained wp-block-group-is-layout-constrained\" style=\"padding-top:var(--wp--preset--spacing--section-bottom);padding-bottom:var(--wp--preset--spacing--section-bottom)\">\n<h3 class=\"wp-block-heading has-text-align-center\"><strong><strong>EVOLVE SERIE PRIME CARGADA CON PLACAS<\/strong><\/strong><\/h3>\n\n\n\n<p>Con la serie Evolve Plate Loaded Prime, la excelencia es el est\u00e1ndar. Eleve su entrenamiento de fuerza con m\u00e1quinas dise\u00f1adas para ofrecer comodidad, durabilidad y rendimiento. Explore hoy mismo toda la l\u00ednea y redefina su camino hacia la forma f\u00edsica.  <\/p>\n\n\n\n<section class=\"wp-block-group alignfull black-content has-white-color has-darkgray-background-color has-text-color has-background is-layout-constrained wp-block-group-is-layout-constrained\" style=\"padding-top:var(--wp--preset--spacing--section-bottom);padding-bottom:var(--wp--preset--spacing--section-bottom)\">\n<div class=\"wp-block-columns alignwide mobile-reverse is-layout-flex wp-container-core-columns-is-layout-ca64bf2d wp-block-columns-is-layout-flex\" style=\"margin-bottom:var(--wp--preset--spacing--side-padding)\">\n<div class=\"wp-block-column is-vertically-aligned-center is-layout-flow wp-block-column-is-layout-flow\">\n<h3 class=\"wp-block-heading\" style=\"margin-bottom:var(--wp--preset--spacing--h-3-bottom)\"><strong><strong><strong><strong><strong><strong>Evolve Serie Prime Fila DY Sentada con Carga de Placa<\/strong><\/strong><\/strong><\/strong><\/strong><\/strong><\/h3>\n\n\n\n<p><em><strong><em><strong><strong>Engranaje Superior de la Espalda con Biomec\u00e1nica de Precisi\u00f3n<\/strong><\/strong><\/em><\/strong><\/em><\/p>\n\n\n\n<p style=\"margin-bottom:var(--wp--preset--spacing--tb-section-padding)\">El <strong>Remo DY Sentado con Placa de la Serie Evolve Prime<\/strong> est\u00e1 dise\u00f1ado para maximizar la activaci\u00f3n de los m\u00fasculos de la espalda, manteniendo al mismo tiempo la forma y el control adecuados. Con un asiento ergon\u00f3mico, una almohadilla pectoral en \u00e1ngulo y un sistema de resistencia cargado con placas, esta m\u00e1quina se dirige con precisi\u00f3n a los dorsales, los trapecios y los deltoides traseros. El movimiento independiente de los brazos promueve un desarrollo muscular equilibrado, mientras que las empu\u00f1aduras ajustables se adaptan a varias posiciones de agarre para un entrenamiento personalizado. Construida para ofrecer resistencia y durabilidad, esta m\u00e1quina de remo es ideal para atletas y entusiastas del fitness que buscan mejorar la potencia de la parte superior del cuerpo.   <\/p>\n\n\n\n<h3 class=\"wp-block-heading\" style=\"margin-bottom:var(--wp--preset--spacing--h-3-bottom)\"><strong><strong><strong><strong><strong><strong>Dir\u00edgete a tu espalda con una eficacia inigualable<\/strong><\/strong><\/strong><\/strong><\/strong><\/strong><\/h3>\n\n\n\n<p><strong><em><strong><strong>Optimizado biomec\u00e1nicamente para la m\u00e1xima activaci\u00f3n muscular<\/strong><\/strong><\/em><\/strong><\/p>\n\n\n\n<p>El <strong>Remo DY Sentado con Placa de la Serie Evolve Prime<\/strong> garantiza un movimiento de tracci\u00f3n natural que mejora el compromiso de la espalda y minimiza el esfuerzo innecesario. El soporte tor\u00e1cico estabiliza el torso, permitiendo a los usuarios centrarse por completo en la contracci\u00f3n y el control. El sistema de placas permite una resistencia progresiva, por lo que es adecuado para todos los niveles de forma f\u00edsica. Tanto si quieres ganar fuerza como mejorar la postura o aumentar la masa muscular, esta m\u00e1quina proporciona un entrenamiento potente y eficaz de la espalda con cada repetici\u00f3n.   <\/p>\n<\/div>\n\n\n\n<div class=\"wp-block-column is-vertically-aligned-center is-layout-flow wp-block-column-is-layout-flow\">\n<figure class=\"wp-block-image size-large\"><img loading=\"lazy\" decoding=\"async\" width=\"1024\" height=\"1024\" src=\"https:\/\/store.evolve-fitness.eu\/wp-content\/uploads\/2025\/03\/EV-PL-PR-013-Evolve-Prime-Series-Plate-Loaded-Seated-DY-Row-Recovered-1-1024x1024.png\" alt=\"\" class=\"wp-image-115710\" srcset=\"https:\/\/store.evolve-fitness.eu\/wp-content\/uploads\/2025\/03\/EV-PL-PR-013-Evolve-Prime-Series-Plate-Loaded-Seated-DY-Row-Recovered-1-1024x1024.png 1024w, https:\/\/store.evolve-fitness.eu\/wp-content\/uploads\/2025\/03\/EV-PL-PR-013-Evolve-Prime-Series-Plate-Loaded-Seated-DY-Row-Recovered-1-300x300.png 300w, https:\/\/store.evolve-fitness.eu\/wp-content\/uploads\/2025\/03\/EV-PL-PR-013-Evolve-Prime-Series-Plate-Loaded-Seated-DY-Row-Recovered-1-150x150.png 150w, https:\/\/store.evolve-fitness.eu\/wp-content\/uploads\/2025\/03\/EV-PL-PR-013-Evolve-Prime-Series-Plate-Loaded-Seated-DY-Row-Recovered-1-768x768.png 768w, https:\/\/store.evolve-fitness.eu\/wp-content\/uploads\/2025\/03\/EV-PL-PR-013-Evolve-Prime-Series-Plate-Loaded-Seated-DY-Row-Recovered-1-1536x1536.png 1536w, https:\/\/store.evolve-fitness.eu\/wp-content\/uploads\/2025\/03\/EV-PL-PR-013-Evolve-Prime-Series-Plate-Loaded-Seated-DY-Row-Recovered-1-2048x2048.png 2048w, https:\/\/store.evolve-fitness.eu\/wp-content\/uploads\/2025\/03\/EV-PL-PR-013-Evolve-Prime-Series-Plate-Loaded-Seated-DY-Row-Recovered-1-600x600.png 600w, https:\/\/store.evolve-fitness.eu\/wp-content\/uploads\/2025\/03\/EV-PL-PR-013-Evolve-Prime-Series-Plate-Loaded-Seated-DY-Row-Recovered-1-100x100.png 100w\" sizes=\"auto, (max-width: 1024px) 100vw, 1024px\" \/><\/figure>\n<\/div>\n<\/div>\n<\/section>\n<\/section>\n","protected":false},"excerpt":{"rendered":"<p>El Remo DY Sentado con Placa de la Serie Evolve Prime est\u00e1 dise\u00f1ado para maximizar la activaci\u00f3n de los m\u00fasculos de la espalda, manteniendo al mismo tiempo la forma y el control adecuados. Con un asiento ergon\u00f3mico, una almohadilla pectoral en \u00e1ngulo y un sistema de resistencia cargado con placas, esta m\u00e1quina se dirige con precisi\u00f3n a los dorsales, los trapecios y los deltoides traseros. El movimiento independiente de los brazos promueve un desarrollo muscular equilibrado, mientras que las empu\u00f1aduras ajustables se adaptan a varias posiciones de agarre para un entrenamiento personalizado. Construida para ofrecer resistencia y durabilidad, esta m\u00e1quina de remo es ideal para atletas y entusiastas del fitness que buscan mejorar la potencia de la parte superior del cuerpo.   <\/p>\n","protected":false},"featured_media":115708,"template":"","meta":{"_acf_changed":false,"inline_featured_image":false},"product_cat":[754,1207],"product_tag":[],"class_list":{"0":"post-115668","1":"product","2":"type-product","3":"status-publish","4":"has-post-thumbnail","6":"product_cat-maquinas-de-carga-de-placas","7":"product_cat-prime-series-placa-cargada","9":"first","10":"instock","11":"shipping-taxable","12":"purchasable","13":"product-type-simple"},"acf":[],"_links":{"self":[{"href":"https:\/\/store.evolve-fitness.eu\/es\/wp-json\/wp\/v2\/product\/115668","targetHints":{"allow":["GET"]}}],"collection":[{"href":"https:\/\/store.evolve-fitness.eu\/es\/wp-json\/wp\/v2\/product"}],"about":[{"href":"https:\/\/store.evolve-fitness.eu\/es\/wp-json\/wp\/v2\/types\/product"}],"wp:featuredmedia":[{"embeddable":true,"href":"https:\/\/store.evolve-fitness.eu\/es\/wp-json\/wp\/v2\/media\/115708"}],"wp:attachment":[{"href":"https:\/\/store.evolve-fitness.eu\/es\/wp-json\/wp\/v2\/media?parent=115668"}],"wp:term":[{"taxonomy":"product_cat","embeddable":true,"href":"https:\/\/store.evolve-fitness.eu\/es\/wp-json\/wp\/v2\/product_cat?post=115668"},{"taxonomy":"product_tag","embeddable":true,"href":"https:\/\/store.evolve-fitness.eu\/es\/wp-json\/wp\/v2\/product_tag?post=115668"}],"curies":[{"name":"wp","href":"https:\/\/api.w.org\/{rel}","templated":true}]}}