{"id":115518,"date":"2025-03-10T07:29:56","date_gmt":"2025-03-10T07:29:56","guid":{"rendered":"https:\/\/store.evolve-fitness.eu\/?post_type=product&#038;p=115518"},"modified":"2025-04-04T06:24:45","modified_gmt":"2025-04-04T06:24:45","slug":"sentadilla-con-carga-de-placas-evolve-prime-series","status":"publish","type":"product","link":"https:\/\/store.evolve-fitness.eu\/es\/producto\/sentadilla-con-carga-de-placas-evolve-prime-series\/","title":{"rendered":"Sentadilla con carga de placas Evolve Prime Series"},"content":{"rendered":"\n<section class=\"wp-block-group alignfull black-content has-white-color has-darkgray-background-color has-text-color has-background is-layout-constrained wp-block-group-is-layout-constrained\" style=\"padding-top:var(--wp--preset--spacing--section-bottom);padding-bottom:var(--wp--preset--spacing--section-bottom)\">\n<h3 class=\"wp-block-heading has-text-align-center\"><strong><strong>EVOLVE SERIE PRIME CARGADA CON PLACAS<\/strong><\/strong><\/h3>\n\n\n\n<p>Con la serie Evolve Plate Loaded Prime, la excelencia es el est\u00e1ndar. Eleve su entrenamiento de fuerza con m\u00e1quinas dise\u00f1adas para ofrecer comodidad, durabilidad y rendimiento. Explore hoy mismo toda la l\u00ednea y redefina su camino hacia la forma f\u00edsica.  <\/p>\n\n\n\n<section class=\"wp-block-group alignfull black-content has-white-color has-darkgray-background-color has-text-color has-background is-layout-constrained wp-block-group-is-layout-constrained\" style=\"padding-top:var(--wp--preset--spacing--section-bottom);padding-bottom:var(--wp--preset--spacing--section-bottom)\">\n<div class=\"wp-block-columns alignwide mobile-reverse is-layout-flex wp-container-core-columns-is-layout-ca64bf2d wp-block-columns-is-layout-flex\" style=\"margin-bottom:var(--wp--preset--spacing--side-padding)\">\n<div class=\"wp-block-column is-vertically-aligned-center is-layout-flow wp-block-column-is-layout-flow\">\n<h3 class=\"wp-block-heading\" style=\"margin-bottom:var(--wp--preset--spacing--h-3-bottom)\"><strong><strong><strong><strong><strong>Sentadilla con carga de placas Evolve Prime Series<\/strong><\/strong><\/strong><\/strong><\/strong><\/h3>\n\n\n\n<p><em><strong><em><strong>Mejora la fuerza de las piernas con el entrenamiento din\u00e1mico de sentadillas y estocadas<\/strong><\/em><\/strong><\/em><\/p>\n\n\n\n<p style=\"margin-bottom:var(--wp--preset--spacing--tb-section-padding)\">La <strong>sentadilla con carga de placas Evolve Prime Series<\/strong> es una vers\u00e1til m\u00e1quina de entrenamiento de la parte inferior del cuerpo dise\u00f1ada para maximizar la fuerza, la estabilidad y la activaci\u00f3n muscular. Con un sistema de resistencia cargado con placas, permite a los usuarios realizar sentadillas y estocadas con un movimiento controlado y una biomec\u00e1nica \u00f3ptima. El reposapi\u00e9s ergon\u00f3mico y el robusto bastidor garantizan una posici\u00f3n adecuada, reduciendo la tensi\u00f3n en las articulaciones al tiempo que se trabajan eficazmente los cu\u00e1driceps, gl\u00fateos e isquiotibiales. Ideal para el entrenamiento progresivo de la fuerza, esta m\u00e1quina proporciona una forma eficaz de desarrollar potencia y resistencia en la parte inferior del cuerpo.   <\/p>\n\n\n\n<h3 class=\"wp-block-heading\" style=\"margin-bottom:var(--wp--preset--spacing--h-3-bottom)\"><strong><strong><strong><strong><strong>Potente desarrollo de la parte inferior del cuerpo<\/strong><\/strong><\/strong><\/strong><\/strong><\/h3>\n\n\n\n<p><strong><em><strong>Dise\u00f1ado con precisi\u00f3n para ofrecer resistencia y estabilidad<\/strong><\/em><\/strong><\/p>\n\n\n\n<p><strong>Las sentadillas con carga de placas Evolve Prime Series<\/strong> combinan los beneficios de dos ejercicios fundamentales para la parte inferior del cuerpo -las sentadillas y las estocadas- en una m\u00e1quina de gran eficacia. Su dise\u00f1o con placas permite una resistencia personalizable, lo que la hace adecuada para todos los niveles de forma f\u00edsica. La plataforma para los pies en \u00e1ngulo favorece una biomec\u00e1nica adecuada, mientras que la trayectoria de movimiento guiada mejora la seguridad y el control. Tanto si te centras en la fuerza, la hipertrofia muscular o el entrenamiento funcional, esta m\u00e1quina ofrece resultados excepcionales, lo que la convierte en un valioso complemento para cualquier gimnasio.   <\/p>\n<\/div>\n\n\n\n<div class=\"wp-block-column is-vertically-aligned-center is-layout-flow wp-block-column-is-layout-flow\">\n<figure class=\"wp-block-image size-large\"><img loading=\"lazy\" decoding=\"async\" width=\"1024\" height=\"1024\" src=\"https:\/\/store.evolve-fitness.eu\/wp-content\/uploads\/2025\/03\/EV-PL-PR-008-Evolve-Prime-Series-Plate-Loaded-Squat-Lunge-Recovered-1024x1024.png\" alt=\"\" class=\"wp-image-115535\" srcset=\"https:\/\/store.evolve-fitness.eu\/wp-content\/uploads\/2025\/03\/EV-PL-PR-008-Evolve-Prime-Series-Plate-Loaded-Squat-Lunge-Recovered-1024x1024.png 1024w, https:\/\/store.evolve-fitness.eu\/wp-content\/uploads\/2025\/03\/EV-PL-PR-008-Evolve-Prime-Series-Plate-Loaded-Squat-Lunge-Recovered-300x300.png 300w, https:\/\/store.evolve-fitness.eu\/wp-content\/uploads\/2025\/03\/EV-PL-PR-008-Evolve-Prime-Series-Plate-Loaded-Squat-Lunge-Recovered-150x150.png 150w, https:\/\/store.evolve-fitness.eu\/wp-content\/uploads\/2025\/03\/EV-PL-PR-008-Evolve-Prime-Series-Plate-Loaded-Squat-Lunge-Recovered-768x768.png 768w, https:\/\/store.evolve-fitness.eu\/wp-content\/uploads\/2025\/03\/EV-PL-PR-008-Evolve-Prime-Series-Plate-Loaded-Squat-Lunge-Recovered-1536x1536.png 1536w, https:\/\/store.evolve-fitness.eu\/wp-content\/uploads\/2025\/03\/EV-PL-PR-008-Evolve-Prime-Series-Plate-Loaded-Squat-Lunge-Recovered-2048x2048.png 2048w, https:\/\/store.evolve-fitness.eu\/wp-content\/uploads\/2025\/03\/EV-PL-PR-008-Evolve-Prime-Series-Plate-Loaded-Squat-Lunge-Recovered-600x600.png 600w, https:\/\/store.evolve-fitness.eu\/wp-content\/uploads\/2025\/03\/EV-PL-PR-008-Evolve-Prime-Series-Plate-Loaded-Squat-Lunge-Recovered-100x100.png 100w\" sizes=\"auto, (max-width: 1024px) 100vw, 1024px\" \/><\/figure>\n<\/div>\n<\/div>\n<\/section>\n<\/section>\n","protected":false},"excerpt":{"rendered":"<p>La sentadilla con carga de placas Evolve Prime Series es una vers\u00e1til m\u00e1quina de entrenamiento de la parte inferior del cuerpo dise\u00f1ada para maximizar la fuerza, la estabilidad y la activaci\u00f3n muscular. Con un sistema de resistencia cargado con placas, permite a los usuarios realizar sentadillas y estocadas con un movimiento controlado y una biomec\u00e1nica \u00f3ptima. El reposapi\u00e9s ergon\u00f3mico y el robusto armaz\u00f3n garantizan una posici\u00f3n adecuada, reduciendo la tensi\u00f3n en las articulaciones y trabajando eficazmente los cu\u00e1driceps, gl\u00fateos e isquiotibiales. Ideal para el entrenamiento progresivo de la fuerza, esta m\u00e1quina proporciona una forma eficaz de desarrollar potencia y resistencia en la parte inferior del cuerpo.   <\/p>\n","protected":false},"featured_media":115558,"template":"","meta":{"_acf_changed":false,"inline_featured_image":false},"product_cat":[754,1207],"product_tag":[],"class_list":{"0":"post-115518","1":"product","2":"type-product","3":"status-publish","4":"has-post-thumbnail","6":"product_cat-maquinas-de-carga-de-placas","7":"product_cat-prime-series-placa-cargada","9":"first","10":"instock","11":"shipping-taxable","12":"purchasable","13":"product-type-simple"},"acf":[],"_links":{"self":[{"href":"https:\/\/store.evolve-fitness.eu\/es\/wp-json\/wp\/v2\/product\/115518","targetHints":{"allow":["GET"]}}],"collection":[{"href":"https:\/\/store.evolve-fitness.eu\/es\/wp-json\/wp\/v2\/product"}],"about":[{"href":"https:\/\/store.evolve-fitness.eu\/es\/wp-json\/wp\/v2\/types\/product"}],"wp:featuredmedia":[{"embeddable":true,"href":"https:\/\/store.evolve-fitness.eu\/es\/wp-json\/wp\/v2\/media\/115558"}],"wp:attachment":[{"href":"https:\/\/store.evolve-fitness.eu\/es\/wp-json\/wp\/v2\/media?parent=115518"}],"wp:term":[{"taxonomy":"product_cat","embeddable":true,"href":"https:\/\/store.evolve-fitness.eu\/es\/wp-json\/wp\/v2\/product_cat?post=115518"},{"taxonomy":"product_tag","embeddable":true,"href":"https:\/\/store.evolve-fitness.eu\/es\/wp-json\/wp\/v2\/product_tag?post=115518"}],"curies":[{"name":"wp","href":"https:\/\/api.w.org\/{rel}","templated":true}]}}