{"id":115215,"date":"2025-03-10T07:08:12","date_gmt":"2025-03-10T07:08:12","guid":{"rendered":"https:\/\/store.evolve-fitness.eu\/?post_type=product&#038;p=115215"},"modified":"2025-04-04T06:25:33","modified_gmt":"2025-04-04T06:25:33","slug":"evolve-prime-series-tiron-de-laton-cargado-con-plancha","status":"publish","type":"product","link":"https:\/\/store.evolve-fitness.eu\/es\/producto\/evolve-prime-series-tiron-de-laton-cargado-con-plancha\/","title":{"rendered":"Evolve Prime Series Tir\u00f3n de lat\u00f3n cargado con plancha"},"content":{"rendered":"\n<section class=\"wp-block-group alignfull black-content has-white-color has-darkgray-background-color has-text-color has-background is-layout-constrained wp-block-group-is-layout-constrained\" style=\"padding-top:var(--wp--preset--spacing--section-bottom);padding-bottom:var(--wp--preset--spacing--section-bottom)\">\n<h3 class=\"wp-block-heading has-text-align-center\"><strong><strong>EVOLVE SERIE PRIME CARGADA CON PLACAS<\/strong><\/strong><\/h3>\n\n\n\n<p>Con la serie Evolve Plate Loaded Prime, la excelencia es el est\u00e1ndar. Eleve su entrenamiento de fuerza con m\u00e1quinas dise\u00f1adas para ofrecer comodidad, durabilidad y rendimiento. Explore hoy mismo toda la l\u00ednea y redefina su camino hacia la forma f\u00edsica.  <\/p>\n\n\n\n<section class=\"wp-block-group alignfull black-content has-white-color has-darkgray-background-color has-text-color has-background is-layout-constrained wp-block-group-is-layout-constrained\" style=\"padding-top:var(--wp--preset--spacing--section-bottom);padding-bottom:var(--wp--preset--spacing--section-bottom)\">\n<div class=\"wp-block-columns alignwide mobile-reverse is-layout-flex wp-container-core-columns-is-layout-ca64bf2d wp-block-columns-is-layout-flex\" style=\"margin-bottom:var(--wp--preset--spacing--side-padding)\">\n<div class=\"wp-block-column is-vertically-aligned-center is-layout-flow wp-block-column-is-layout-flow\">\n<h3 class=\"wp-block-heading\" style=\"margin-bottom:var(--wp--preset--spacing--h-3-bottom)\"><strong><strong><strong><strong>Entrenamiento de fuerza superior para un potente desarrollo de la espalda<\/strong><\/strong><\/strong><\/strong><\/h3>\n\n\n\n<p style=\"margin-bottom:var(--wp--preset--spacing--tb-section-padding)\">La m\u00e1quina <strong>de abdominales con carga de placas de la serie Evolve Prime<\/strong> est\u00e1 dise\u00f1ada para un \u00f3ptimo compromiso de la espalda, proporcionando un movimiento suave y controlado para una eficaz activaci\u00f3n de los m\u00fasculos lateros. Con un armaz\u00f3n duradero, asientos ergon\u00f3micos y un sistema de resistencia cargado con placas, esta m\u00e1quina permite una intensidad personalizable para adaptarse a todos los niveles de forma f\u00edsica. Con un dise\u00f1o biomec\u00e1nicamente optimizado, garantiza la m\u00e1xima amplitud de movimiento al tiempo que mantiene la estabilidad y la comodidad. Ideal para fortalecer los dorsales, los trapecios y los hombros, esta m\u00e1quina de dominadas es imprescindible para un entrenamiento de fuerza serio.   <\/p>\n\n\n\n<h3 class=\"wp-block-heading\" style=\"margin-bottom:var(--wp--preset--spacing--h-3-bottom)\"><strong><strong><strong><strong><strong>Apunta a tus Lats con Precisi\u00f3n<\/strong><\/strong><\/strong><\/strong><\/strong><\/h3>\n\n\n\n<p><strong><em><strong>Resistencia eficiente cargada con placas para un rendimiento inigualable<\/strong><\/em><\/strong><\/p>\n\n\n\n<p>La barra <strong>de tracci\u00f3n de piernas con placa Evolve Prime Series<\/strong> ofrece una experiencia de entrenamiento de nivel profesional gracias a su movimiento de tracci\u00f3n suave y natural. El dise\u00f1o independiente de los brazos favorece un desarrollo muscular equilibrado, mientras que las almohadillas ajustables de los muslos proporcionan un ajuste seguro y c\u00f3modo durante los levantamientos pesados. Construida para ofrecer un alto rendimiento, esta m\u00e1quina permite a los usuarios ajustar su resistencia con placas de peso, lo que la hace adecuada para el entrenamiento de sobrecarga progresiva. Tanto si quieres fortalecer la espalda como mejorar la est\u00e9tica de la parte superior del cuerpo, esta m\u00e1quina de dominadas ofrece resultados de primer nivel.   <\/p>\n<\/div>\n\n\n\n<div class=\"wp-block-column is-vertically-aligned-center is-layout-flow wp-block-column-is-layout-flow\">\n<figure class=\"wp-block-image size-large\"><img loading=\"lazy\" decoding=\"async\" width=\"1024\" height=\"1024\" src=\"https:\/\/store.evolve-fitness.eu\/wp-content\/uploads\/2025\/03\/EV-PL-PR-002-Evolve-Prime-Series-Plate-Loaded-Lat-Pull-Down-3-1024x1024.png\" alt=\"\" class=\"wp-image-120352\" srcset=\"https:\/\/store.evolve-fitness.eu\/wp-content\/uploads\/2025\/03\/EV-PL-PR-002-Evolve-Prime-Series-Plate-Loaded-Lat-Pull-Down-3-1024x1024.png 1024w, https:\/\/store.evolve-fitness.eu\/wp-content\/uploads\/2025\/03\/EV-PL-PR-002-Evolve-Prime-Series-Plate-Loaded-Lat-Pull-Down-3-300x300.png 300w, https:\/\/store.evolve-fitness.eu\/wp-content\/uploads\/2025\/03\/EV-PL-PR-002-Evolve-Prime-Series-Plate-Loaded-Lat-Pull-Down-3-150x150.png 150w, https:\/\/store.evolve-fitness.eu\/wp-content\/uploads\/2025\/03\/EV-PL-PR-002-Evolve-Prime-Series-Plate-Loaded-Lat-Pull-Down-3-768x768.png 768w, https:\/\/store.evolve-fitness.eu\/wp-content\/uploads\/2025\/03\/EV-PL-PR-002-Evolve-Prime-Series-Plate-Loaded-Lat-Pull-Down-3-1536x1536.png 1536w, https:\/\/store.evolve-fitness.eu\/wp-content\/uploads\/2025\/03\/EV-PL-PR-002-Evolve-Prime-Series-Plate-Loaded-Lat-Pull-Down-3-2048x2048.png 2048w, https:\/\/store.evolve-fitness.eu\/wp-content\/uploads\/2025\/03\/EV-PL-PR-002-Evolve-Prime-Series-Plate-Loaded-Lat-Pull-Down-3-600x600.png 600w, https:\/\/store.evolve-fitness.eu\/wp-content\/uploads\/2025\/03\/EV-PL-PR-002-Evolve-Prime-Series-Plate-Loaded-Lat-Pull-Down-3-100x100.png 100w\" sizes=\"auto, (max-width: 1024px) 100vw, 1024px\" \/><\/figure>\n<\/div>\n<\/div>\n<\/section>\n<\/section>\n","protected":false},"excerpt":{"rendered":"<p>La m\u00e1quina de abdominales con carga de placas de la serie Evolve Prime est\u00e1 dise\u00f1ada para un \u00f3ptimo compromiso de la espalda, proporcionando un movimiento suave y controlado para una eficaz activaci\u00f3n de los m\u00fasculos lateros. Con un armaz\u00f3n duradero, asientos ergon\u00f3micos y un sistema de resistencia cargado con placas, esta m\u00e1quina permite una intensidad personalizable para adaptarse a todos los niveles de forma f\u00edsica. Con un dise\u00f1o biomec\u00e1nicamente optimizado, garantiza la m\u00e1xima amplitud de movimiento al tiempo que mantiene la estabilidad y la comodidad. Ideal para fortalecer los dorsales, los trapecios y los hombros, esta m\u00e1quina de dominadas es imprescindible para un entrenamiento de fuerza serio.   <\/p>\n","protected":false},"featured_media":120350,"template":"","meta":{"_acf_changed":false,"inline_featured_image":false},"product_cat":[754,1207],"product_tag":[],"class_list":{"0":"post-115215","1":"product","2":"type-product","3":"status-publish","4":"has-post-thumbnail","6":"product_cat-maquinas-de-carga-de-placas","7":"product_cat-prime-series-placa-cargada","9":"first","10":"instock","11":"shipping-taxable","12":"purchasable","13":"product-type-simple"},"acf":[],"_links":{"self":[{"href":"https:\/\/store.evolve-fitness.eu\/es\/wp-json\/wp\/v2\/product\/115215","targetHints":{"allow":["GET"]}}],"collection":[{"href":"https:\/\/store.evolve-fitness.eu\/es\/wp-json\/wp\/v2\/product"}],"about":[{"href":"https:\/\/store.evolve-fitness.eu\/es\/wp-json\/wp\/v2\/types\/product"}],"wp:featuredmedia":[{"embeddable":true,"href":"https:\/\/store.evolve-fitness.eu\/es\/wp-json\/wp\/v2\/media\/120350"}],"wp:attachment":[{"href":"https:\/\/store.evolve-fitness.eu\/es\/wp-json\/wp\/v2\/media?parent=115215"}],"wp:term":[{"taxonomy":"product_cat","embeddable":true,"href":"https:\/\/store.evolve-fitness.eu\/es\/wp-json\/wp\/v2\/product_cat?post=115215"},{"taxonomy":"product_tag","embeddable":true,"href":"https:\/\/store.evolve-fitness.eu\/es\/wp-json\/wp\/v2\/product_tag?post=115215"}],"curies":[{"name":"wp","href":"https:\/\/api.w.org\/{rel}","templated":true}]}}