{"id":114685,"date":"2025-03-07T14:20:26","date_gmt":"2025-03-07T14:20:26","guid":{"rendered":"https:\/\/store.evolve-fitness.eu\/?post_type=product&#038;p=114685"},"modified":"2026-02-07T12:02:25","modified_gmt":"2026-02-07T12:02:25","slug":"evolve-ultra-series-esfuerzo-de-cadera-con-cinturon","status":"publish","type":"product","link":"https:\/\/store.evolve-fitness.eu\/es\/producto\/evolve-ultra-series-esfuerzo-de-cadera-con-cinturon\/","title":{"rendered":"Evolve Ultra Series Esfuerzo de cadera con cintur\u00f3n"},"content":{"rendered":"","protected":false},"excerpt":{"rendered":"<p>Maximiza el entrenamiento de los gl\u00fateos y la parte inferior del cuerpo con la m\u00e1quina Evolve Ultra Series Hip Thrust con cintur\u00f3n. Dise\u00f1ada tanto para principiantes como para atletas avanzados, esta m\u00e1quina proporciona una forma segura y eficaz de desarrollar fuerza, potencia y definici\u00f3n muscular. El sistema de resistencia con cintur\u00f3n garantiza una comodidad y estabilidad \u00f3ptimas, a la vez que reduce la tensi\u00f3n en la zona lumbar, lo que la convierte en una opci\u00f3n excelente para la sobrecarga progresiva y el entrenamiento funcional.  <\/p>\n","protected":false},"featured_media":114725,"template":"","meta":{"_acf_changed":false,"inline_featured_image":false},"product_cat":[754,755],"product_tag":[],"class_list":{"0":"post-114685","1":"product","2":"type-product","3":"status-publish","4":"has-post-thumbnail","6":"product_cat-maquinas-de-carga-de-placas","7":"product_cat-ultra-series-placa-cargada","9":"first","10":"instock","11":"shipping-taxable","12":"purchasable","13":"product-type-simple"},"acf":[],"_links":{"self":[{"href":"https:\/\/store.evolve-fitness.eu\/es\/wp-json\/wp\/v2\/product\/114685","targetHints":{"allow":["GET"]}}],"collection":[{"href":"https:\/\/store.evolve-fitness.eu\/es\/wp-json\/wp\/v2\/product"}],"about":[{"href":"https:\/\/store.evolve-fitness.eu\/es\/wp-json\/wp\/v2\/types\/product"}],"wp:featuredmedia":[{"embeddable":true,"href":"https:\/\/store.evolve-fitness.eu\/es\/wp-json\/wp\/v2\/media\/114725"}],"wp:attachment":[{"href":"https:\/\/store.evolve-fitness.eu\/es\/wp-json\/wp\/v2\/media?parent=114685"}],"wp:term":[{"taxonomy":"product_cat","embeddable":true,"href":"https:\/\/store.evolve-fitness.eu\/es\/wp-json\/wp\/v2\/product_cat?post=114685"},{"taxonomy":"product_tag","embeddable":true,"href":"https:\/\/store.evolve-fitness.eu\/es\/wp-json\/wp\/v2\/product_tag?post=114685"}],"curies":[{"name":"wp","href":"https:\/\/api.w.org\/{rel}","templated":true}]}}