{"id":106290,"date":"2025-02-10T14:25:45","date_gmt":"2025-02-10T14:25:45","guid":{"rendered":"https:\/\/store.evolve-fitness.eu\/?post_type=product&#038;p=106290"},"modified":"2026-01-08T12:00:22","modified_gmt":"2026-01-08T12:00:22","slug":"prensa-pectoral-ancha-con-carga-de-placas-evolve-prime-series","status":"publish","type":"product","link":"https:\/\/store.evolve-fitness.eu\/es\/producto\/prensa-pectoral-ancha-con-carga-de-placas-evolve-prime-series\/","title":{"rendered":"Prensa pectoral ancha con carga de placas Evolve Prime Series"},"content":{"rendered":"\n<section class=\"wp-block-group alignfull black-content has-white-color has-darkgray-background-color has-text-color has-background is-layout-constrained wp-block-group-is-layout-constrained\" style=\"padding-top:var(--wp--preset--spacing--section-bottom);padding-bottom:var(--wp--preset--spacing--section-bottom)\">\n<h3 class=\"wp-block-heading has-text-align-center\"><strong><strong>EVOLVE SERIE PRIME CARGADA CON PLACAS<\/strong><\/strong><\/h3>\n\n\n\n<p>Con la serie Evolve Plate Loaded Prime, la excelencia es el est\u00e1ndar. Eleve su entrenamiento de fuerza con m\u00e1quinas dise\u00f1adas para ofrecer comodidad, durabilidad y rendimiento. Explore hoy mismo toda la l\u00ednea y redefina su camino hacia la forma f\u00edsica.  <\/p>\n\n\n\n<section class=\"wp-block-group alignfull black-content has-white-color has-darkgray-background-color has-text-color has-background is-layout-constrained wp-block-group-is-layout-constrained\" style=\"padding-top:var(--wp--preset--spacing--section-bottom);padding-bottom:var(--wp--preset--spacing--section-bottom)\">\n<div class=\"wp-block-columns alignwide mobile-reverse is-layout-flex wp-container-core-columns-is-layout-ca64bf2d wp-block-columns-is-layout-flex\" style=\"margin-bottom:var(--wp--preset--spacing--side-padding)\">\n<div class=\"wp-block-column is-vertically-aligned-center is-layout-flow wp-block-column-is-layout-flow\">\n<h3 class=\"wp-block-heading\" style=\"margin-bottom:var(--wp--preset--spacing--h-3-bottom)\"><strong><strong><strong>Dise\u00f1o innovador para el m\u00e1ximo desarrollo del pecho<\/strong><\/strong><\/strong><\/h3>\n\n\n\n<p style=\"margin-bottom:var(--wp--preset--spacing--tb-section-padding)\">La prensa pectoral ancha con placas de la serie Evolve Prime est\u00e1 dise\u00f1ada para entrenar la parte superior del cuerpo, centr\u00e1ndose en los m\u00fasculos pectorales con precisi\u00f3n y eficacia. Sus empu\u00f1aduras ergon\u00f3micas de agarre ancho garantizan una trayectoria de movimiento natural que estimula los m\u00fasculos pectorales al tiempo que reduce la tensi\u00f3n en los hombros y las articulaciones. El dise\u00f1o con placas permite ajustar la resistencia, por lo que es ideal para usuarios de todos los niveles de forma f\u00edsica. Este robusto aparato tiene un armaz\u00f3n resistente con acolchado de primera calidad para ofrecer comodidad y durabilidad, lo que permite realizar entrenamientos intensos en el gimnasio o en casa.   <\/p>\n\n\n\n<h3 class=\"wp-block-heading\" style=\"margin-bottom:var(--wp--preset--spacing--h-3-bottom)\"><strong><strong><strong><strong><strong>Rendimiento y personalizaci\u00f3n mejorados<\/strong><\/strong><\/strong><\/strong><\/strong><\/h3>\n\n\n\n<p>Dise\u00f1ada para entrenadores de fuerza serios, la prensa pectoral Evolve Prime Series ofrece la libertad de personalizar la resistencia en funci\u00f3n de las necesidades individuales. El respaldo en \u00e1ngulo y el asiento ajustable garantizan una alineaci\u00f3n adecuada, ayudando a los usuarios a mantener una postura \u00f3ptima para un compromiso muscular espec\u00edfico y mejores resultados. Este equipo est\u00e1 construido con materiales de calidad comercial, que ofrecen una estabilidad y longevidad superiores incluso con un uso frecuente. Tanto si buscas aumentar la masa muscular como tonificar el pecho, la perfecta funcionalidad de esta m\u00e1quina, combinada con su moderna est\u00e9tica, la convierte en un complemento esencial para cualquier entorno de fitness.   <\/p>\n<\/div>\n\n\n\n<div class=\"wp-block-column is-vertically-aligned-center is-layout-flow wp-block-column-is-layout-flow\">\n<figure class=\"wp-block-image size-large is-resized is-style-rounded\"><img loading=\"lazy\" decoding=\"async\" width=\"1024\" height=\"1024\" src=\"https:\/\/store.evolve-fitness.eu\/wp-content\/uploads\/2025\/02\/EV-PL-PR-007-Evolve-Prime-Series-Plate-Loaded-Wide-Chest-Press-6-1024x1024.png\" alt=\"\" class=\"wp-image-120757\" style=\"width:643px;height:706px\" srcset=\"https:\/\/store.evolve-fitness.eu\/wp-content\/uploads\/2025\/02\/EV-PL-PR-007-Evolve-Prime-Series-Plate-Loaded-Wide-Chest-Press-6-1024x1024.png 1024w, https:\/\/store.evolve-fitness.eu\/wp-content\/uploads\/2025\/02\/EV-PL-PR-007-Evolve-Prime-Series-Plate-Loaded-Wide-Chest-Press-6-300x300.png 300w, https:\/\/store.evolve-fitness.eu\/wp-content\/uploads\/2025\/02\/EV-PL-PR-007-Evolve-Prime-Series-Plate-Loaded-Wide-Chest-Press-6-150x150.png 150w, https:\/\/store.evolve-fitness.eu\/wp-content\/uploads\/2025\/02\/EV-PL-PR-007-Evolve-Prime-Series-Plate-Loaded-Wide-Chest-Press-6-768x768.png 768w, https:\/\/store.evolve-fitness.eu\/wp-content\/uploads\/2025\/02\/EV-PL-PR-007-Evolve-Prime-Series-Plate-Loaded-Wide-Chest-Press-6-1536x1536.png 1536w, https:\/\/store.evolve-fitness.eu\/wp-content\/uploads\/2025\/02\/EV-PL-PR-007-Evolve-Prime-Series-Plate-Loaded-Wide-Chest-Press-6-2048x2048.png 2048w, https:\/\/store.evolve-fitness.eu\/wp-content\/uploads\/2025\/02\/EV-PL-PR-007-Evolve-Prime-Series-Plate-Loaded-Wide-Chest-Press-6-600x600.png 600w, https:\/\/store.evolve-fitness.eu\/wp-content\/uploads\/2025\/02\/EV-PL-PR-007-Evolve-Prime-Series-Plate-Loaded-Wide-Chest-Press-6-100x100.png 100w\" sizes=\"auto, (max-width: 1024px) 100vw, 1024px\" \/><\/figure>\n<\/div>\n<\/div>\n<\/section>\n<\/section>\n","protected":false},"excerpt":{"rendered":"<p>La prensa pectoral ancha cargada con placas Evolve Prime Series (EV-PL-PR-007) est\u00e1 dise\u00f1ada para fortalecer la parte superior del cuerpo, centr\u00e1ndose en los m\u00fasculos pectorales con un sistema de empu\u00f1adura ergon\u00f3mica de agarre ancho. Su resistencia ajustable cargada con placas la hace adecuada para todos los niveles de forma f\u00edsica. Construida pensando en la durabilidad, cuenta con un robusto armaz\u00f3n met\u00e1lico, acolchado de primera calidad y un asiento ajustable para una comodidad y un rendimiento \u00f3ptimos. El dise\u00f1o compacto de esta m\u00e1quina permite su uso tanto en casa como en el gimnasio, garantizando un compromiso muscular espec\u00edfico y una postura mejorada durante los entrenamientos.   <\/p>\n","protected":false},"featured_media":120628,"template":"","meta":{"_acf_changed":false,"inline_featured_image":false},"product_cat":[432,754,1207],"product_tag":[],"class_list":{"0":"post-106290","1":"product","2":"type-product","3":"status-publish","4":"has-post-thumbnail","6":"product_cat-pagina-de-inicio","7":"product_cat-maquinas-de-carga-de-placas","8":"product_cat-prime-series-placa-cargada","10":"first","11":"instock","12":"shipping-taxable","13":"purchasable","14":"product-type-simple"},"acf":[],"_links":{"self":[{"href":"https:\/\/store.evolve-fitness.eu\/es\/wp-json\/wp\/v2\/product\/106290","targetHints":{"allow":["GET"]}}],"collection":[{"href":"https:\/\/store.evolve-fitness.eu\/es\/wp-json\/wp\/v2\/product"}],"about":[{"href":"https:\/\/store.evolve-fitness.eu\/es\/wp-json\/wp\/v2\/types\/product"}],"wp:featuredmedia":[{"embeddable":true,"href":"https:\/\/store.evolve-fitness.eu\/es\/wp-json\/wp\/v2\/media\/120628"}],"wp:attachment":[{"href":"https:\/\/store.evolve-fitness.eu\/es\/wp-json\/wp\/v2\/media?parent=106290"}],"wp:term":[{"taxonomy":"product_cat","embeddable":true,"href":"https:\/\/store.evolve-fitness.eu\/es\/wp-json\/wp\/v2\/product_cat?post=106290"},{"taxonomy":"product_tag","embeddable":true,"href":"https:\/\/store.evolve-fitness.eu\/es\/wp-json\/wp\/v2\/product_tag?post=106290"}],"curies":[{"name":"wp","href":"https:\/\/api.w.org\/{rel}","templated":true}]}}