{"id":106240,"date":"2025-02-10T14:22:06","date_gmt":"2025-02-10T14:22:06","guid":{"rendered":"https:\/\/store.evolve-fitness.eu\/?post_type=product&#038;p=106240"},"modified":"2025-03-27T08:34:48","modified_gmt":"2025-03-27T08:34:48","slug":"evolve-prime-series-press-de-pecho-con-placa-y-tiron-lat-hacia-abajo","status":"publish","type":"product","link":"https:\/\/store.evolve-fitness.eu\/es\/producto\/evolve-prime-series-press-de-pecho-con-placa-y-tiron-lat-hacia-abajo\/","title":{"rendered":"Evolve Prime Series Press de Pecho con Placa y Tir\u00f3n Lat Hacia Abajo"},"content":{"rendered":"\n<section class=\"wp-block-group alignfull black-content has-white-color has-darkgray-background-color has-text-color has-background is-layout-constrained wp-block-group-is-layout-constrained\" style=\"padding-top:var(--wp--preset--spacing--section-bottom);padding-bottom:var(--wp--preset--spacing--section-bottom)\">\n<h3 class=\"wp-block-heading has-text-align-center\"><strong><strong>EVOLVE SERIE PRIME CARGADA CON PLACAS<\/strong><\/strong><\/h3>\n\n\n\n<p>Con la serie Evolve Plate Loaded Prime, la excelencia es el est\u00e1ndar. Eleve su entrenamiento de fuerza con m\u00e1quinas dise\u00f1adas para ofrecer comodidad, durabilidad y rendimiento. Explore hoy mismo toda la l\u00ednea y redefina su camino hacia la forma f\u00edsica.  <\/p>\n\n\n\n<section class=\"wp-block-group alignfull black-content has-white-color has-darkgray-background-color has-text-color has-background is-layout-constrained wp-block-group-is-layout-constrained\" style=\"padding-top:var(--wp--preset--spacing--section-bottom);padding-bottom:var(--wp--preset--spacing--section-bottom)\">\n<div class=\"wp-block-columns alignwide mobile-reverse is-layout-flex wp-container-core-columns-is-layout-ca64bf2d wp-block-columns-is-layout-flex\" style=\"margin-bottom:var(--wp--preset--spacing--side-padding)\">\n<div class=\"wp-block-column is-vertically-aligned-center is-layout-flow wp-block-column-is-layout-flow\">\n<h3 class=\"wp-block-heading\" style=\"margin-bottom:var(--wp--preset--spacing--h-3-bottom)\"><strong><strong><strong>Doble funcionalidad vers\u00e1til<\/strong><\/strong><\/strong><\/h3>\n\n\n\n<p><strong><strong><strong><em>Para la fuerza de la parte superior del cuerpo<\/em><\/strong><\/strong><\/strong><\/p>\n\n\n\n<p style=\"margin-bottom:var(--wp--preset--spacing--tb-section-padding)\">La m\u00e1quina Evolve Prime Series de Press de Pecho con Placa y Descenso de Lats est\u00e1 dise\u00f1ada para ofrecer un entrenamiento completo de la parte superior del cuerpo, combinando dos movimientos esenciales en una sola m\u00e1quina. El press de pecho se dirige a los m\u00fasculos pectorales, al tiempo que garantiza la seguridad de las articulaciones gracias a su resistencia suave, cargada con placas, que puede ajustarse seg\u00fan los niveles de fuerza del usuario. Por su parte, la tracci\u00f3n lateral proporciona un entrenamiento completo de la espalda.  <\/p>\n\n\n\n<h3 class=\"wp-block-heading\" style=\"margin-bottom:var(--wp--preset--spacing--h-3-bottom)\"><strong><strong><strong><strong><strong>Ingenier\u00eda de precisi\u00f3n<\/strong><\/strong><\/strong><\/strong><\/strong><\/h3>\n\n\n\n<p><strong><strong><strong><strong><strong><em>Para un compromiso muscular \u00f3ptimo<\/em><\/strong><\/strong><\/strong><\/strong><\/strong><\/p>\n\n\n\n<p>Fabricado para satisfacer las demandas tanto de los profesionales como de los entusiastas del fitness dom\u00e9stico, el press de pecho y jal\u00f3n lateral Evolve Prime Series est\u00e1 equipado con empu\u00f1aduras de dise\u00f1o ergon\u00f3mico y ajustes regulables. Esto garantiza una postura y alineaci\u00f3n correctas, ayudando a los usuarios a maximizar la activaci\u00f3n muscular al tiempo que se minimiza la tensi\u00f3n en las articulaciones. El sistema de placas permite una sobrecarga progresiva, crucial para desarrollar fuerza y definici\u00f3n muscular. Fabricada con materiales comerciales de alta calidad, esta m\u00e1quina garantiza estabilidad y un rendimiento duradero, lo que la convierte en una valiosa inversi\u00f3n para cualquiera que desee mejorar su rutina de entrenamiento de fuerza de la parte superior del cuerpo.   <\/p>\n<\/div>\n\n\n\n<div class=\"wp-block-column is-vertically-aligned-center is-layout-flow wp-block-column-is-layout-flow\">\n<figure class=\"wp-block-image size-full is-resized is-style-rounded\"><img decoding=\"async\" src=\"https:\/\/evolve-fitness.eu\/wp-content\/uploads\/2024\/10\/EV-PL-PR-011-Evolve-Prime-Series-Plate-Loaded-Chest-Press-Lat-Pull-Down.jpg\" alt=\"EV-PL-PR-011\" class=\"wp-image-157083\" style=\"width:643px;height:706px\"\/><\/figure>\n<\/div>\n<\/div>\n<\/section>\n<\/section>\n","protected":false},"excerpt":{"rendered":"<p>La prensa pectoral y la m\u00e1quina de tracci\u00f3n de dorsales Evolve Prime Series es una m\u00e1quina de doble funci\u00f3n dise\u00f1ada para el entrenamiento de fuerza de la parte superior del cuerpo. Combina una prensa pectoral para el desarrollo de los m\u00fasculos pectorales con una tracci\u00f3n de los dorsales para trabajar los m\u00fasculos de la espalda. La m\u00e1quina cuenta con resistencia ajustable, empu\u00f1aduras ergon\u00f3micas y ajustes para una alineaci\u00f3n adecuada, lo que garantiza un compromiso muscular \u00f3ptimo y reduce la tensi\u00f3n articular. Construida con materiales duraderos de calidad comercial, ofrece estabilidad y longevidad tanto para el hogar como para el gimnasio.   <\/p>\n","protected":false},"featured_media":109912,"template":"","meta":{"_acf_changed":false,"inline_featured_image":false},"product_cat":[754,1207],"product_tag":[],"class_list":{"0":"post-106240","1":"product","2":"type-product","3":"status-publish","4":"has-post-thumbnail","6":"product_cat-maquinas-de-carga-de-placas","7":"product_cat-prime-series-placa-cargada","9":"first","10":"instock","11":"shipping-taxable","12":"purchasable","13":"product-type-simple"},"acf":[],"_links":{"self":[{"href":"https:\/\/store.evolve-fitness.eu\/es\/wp-json\/wp\/v2\/product\/106240","targetHints":{"allow":["GET"]}}],"collection":[{"href":"https:\/\/store.evolve-fitness.eu\/es\/wp-json\/wp\/v2\/product"}],"about":[{"href":"https:\/\/store.evolve-fitness.eu\/es\/wp-json\/wp\/v2\/types\/product"}],"wp:featuredmedia":[{"embeddable":true,"href":"https:\/\/store.evolve-fitness.eu\/es\/wp-json\/wp\/v2\/media\/109912"}],"wp:attachment":[{"href":"https:\/\/store.evolve-fitness.eu\/es\/wp-json\/wp\/v2\/media?parent=106240"}],"wp:term":[{"taxonomy":"product_cat","embeddable":true,"href":"https:\/\/store.evolve-fitness.eu\/es\/wp-json\/wp\/v2\/product_cat?post=106240"},{"taxonomy":"product_tag","embeddable":true,"href":"https:\/\/store.evolve-fitness.eu\/es\/wp-json\/wp\/v2\/product_tag?post=106240"}],"curies":[{"name":"wp","href":"https:\/\/api.w.org\/{rel}","templated":true}]}}