{"id":105865,"date":"2025-02-10T13:46:30","date_gmt":"2025-02-10T13:46:30","guid":{"rendered":"https:\/\/store.evolve-fitness.eu\/?post_type=product&#038;p=105865"},"modified":"2025-12-13T13:25:13","modified_gmt":"2025-12-13T13:25:13","slug":"maquina-de-triceps-con-carga-de-placas-evolve-prime-series","status":"publish","type":"product","link":"https:\/\/store.evolve-fitness.eu\/es\/producto\/maquina-de-triceps-con-carga-de-placas-evolve-prime-series\/","title":{"rendered":"M\u00e1quina de tr\u00edceps con carga de placas Evolve Prime Series"},"content":{"rendered":"\n<section class=\"wp-block-group alignfull black-content has-white-color has-darkgray-background-color has-text-color has-background is-layout-constrained wp-block-group-is-layout-constrained\" style=\"padding-top:var(--wp--preset--spacing--section-bottom);padding-bottom:var(--wp--preset--spacing--section-bottom)\">\n<h3 class=\"wp-block-heading has-text-align-center\"><strong><strong>EVOLVE SERIE PRIME CARGADA CON PLACAS<\/strong><\/strong><\/h3>\n\n\n\n<p>Con la serie Evolve Plate Loaded Prime, la excelencia es el est\u00e1ndar. Eleve su entrenamiento de fuerza con m\u00e1quinas dise\u00f1adas para ofrecer comodidad, durabilidad y rendimiento. Explore hoy mismo toda la l\u00ednea y redefina su camino hacia la forma f\u00edsica.  <\/p>\n\n\n\n<section class=\"wp-block-group alignfull black-content has-white-color has-darkgray-background-color has-text-color has-background is-layout-constrained wp-block-group-is-layout-constrained\" style=\"padding-top:var(--wp--preset--spacing--section-bottom);padding-bottom:var(--wp--preset--spacing--section-bottom)\">\n<div class=\"wp-block-columns alignwide mobile-reverse is-layout-flex wp-container-core-columns-is-layout-ca64bf2d wp-block-columns-is-layout-flex\" style=\"margin-bottom:var(--wp--preset--spacing--side-padding)\">\n<div class=\"wp-block-column is-vertically-aligned-center is-layout-flow wp-block-column-is-layout-flow\">\n<h3 class=\"wp-block-heading\" style=\"margin-bottom:var(--wp--preset--spacing--h-3-bottom)\"><strong><strong><strong>Amplias opciones de ejercicio<\/strong><\/strong><\/strong><\/h3>\n\n\n\n<p><strong><em><strong>Doble funcionalidad para entrenar las piernas<\/strong><\/em><\/strong><\/p>\n\n\n\n<p style=\"margin-bottom:var(--wp--preset--spacing--tb-section-padding)\"><strong>M\u00e1quina de tr\u00edceps con carga de placas Evolve Prime Series<\/strong>. La serie Evolve Prime est\u00e1 dise\u00f1ada para elevar tu experiencia de entrenamiento de fuerza con sus robustas m\u00e1quinas de calidad comercial. Cada equipo de esta l\u00ednea est\u00e1 fabricado para garantizar la m\u00e1xima comodidad, durabilidad y rendimiento. Con caracter\u00edsticas como dise\u00f1os ergon\u00f3micos, componentes ajustables y materiales de alta calidad, estas m\u00e1quinas se adaptan a todos los niveles de fitness y son perfectas para instalaciones profesionales.   <\/p>\n<\/div>\n\n\n\n<div class=\"wp-block-column is-vertically-aligned-center is-layout-flow wp-block-column-is-layout-flow\">\n<figure class=\"wp-block-image size-large\"><img loading=\"lazy\" decoding=\"async\" width=\"1024\" height=\"1024\" src=\"https:\/\/store.evolve-fitness.eu\/wp-content\/uploads\/2025\/02\/EV-PL-PR-067-Evolve-Prime-Series-Plate-Loaded-Seated-Dip-1024x1024.png\" alt=\"\" class=\"wp-image-117473\" srcset=\"https:\/\/store.evolve-fitness.eu\/wp-content\/uploads\/2025\/02\/EV-PL-PR-067-Evolve-Prime-Series-Plate-Loaded-Seated-Dip-1024x1024.png 1024w, https:\/\/store.evolve-fitness.eu\/wp-content\/uploads\/2025\/02\/EV-PL-PR-067-Evolve-Prime-Series-Plate-Loaded-Seated-Dip-300x300.png 300w, https:\/\/store.evolve-fitness.eu\/wp-content\/uploads\/2025\/02\/EV-PL-PR-067-Evolve-Prime-Series-Plate-Loaded-Seated-Dip-150x150.png 150w, https:\/\/store.evolve-fitness.eu\/wp-content\/uploads\/2025\/02\/EV-PL-PR-067-Evolve-Prime-Series-Plate-Loaded-Seated-Dip-768x768.png 768w, https:\/\/store.evolve-fitness.eu\/wp-content\/uploads\/2025\/02\/EV-PL-PR-067-Evolve-Prime-Series-Plate-Loaded-Seated-Dip-1536x1536.png 1536w, https:\/\/store.evolve-fitness.eu\/wp-content\/uploads\/2025\/02\/EV-PL-PR-067-Evolve-Prime-Series-Plate-Loaded-Seated-Dip-2048x2048.png 2048w, https:\/\/store.evolve-fitness.eu\/wp-content\/uploads\/2025\/02\/EV-PL-PR-067-Evolve-Prime-Series-Plate-Loaded-Seated-Dip-600x600.png 600w, https:\/\/store.evolve-fitness.eu\/wp-content\/uploads\/2025\/02\/EV-PL-PR-067-Evolve-Prime-Series-Plate-Loaded-Seated-Dip-100x100.png 100w\" sizes=\"auto, (max-width: 1024px) 100vw, 1024px\" \/><\/figure>\n<\/div>\n<\/div>\n<\/section>\n<\/section>\n","protected":false},"excerpt":{"rendered":"<p>La serie Evolve Prime est\u00e1 dise\u00f1ada para elevar tu experiencia de entrenamiento de fuerza con sus robustas m\u00e1quinas de calidad comercial. Cada equipo de esta l\u00ednea est\u00e1 fabricado para garantizar la m\u00e1xima comodidad, durabilidad y rendimiento. Con caracter\u00edsticas como dise\u00f1os ergon\u00f3micos, componentes ajustables y materiales de alta calidad, estas m\u00e1quinas se adaptan a todos los niveles de fitness y son perfectas para instalaciones profesionales.  <\/p>\n","protected":false},"featured_media":117496,"template":"","meta":{"_acf_changed":false,"inline_featured_image":false},"product_cat":[754,1207],"product_tag":[],"class_list":{"0":"post-105865","1":"product","2":"type-product","3":"status-publish","4":"has-post-thumbnail","6":"product_cat-maquinas-de-carga-de-placas","7":"product_cat-prime-series-placa-cargada","9":"first","10":"instock","11":"shipping-taxable","12":"purchasable","13":"product-type-simple"},"acf":[],"_links":{"self":[{"href":"https:\/\/store.evolve-fitness.eu\/es\/wp-json\/wp\/v2\/product\/105865","targetHints":{"allow":["GET"]}}],"collection":[{"href":"https:\/\/store.evolve-fitness.eu\/es\/wp-json\/wp\/v2\/product"}],"about":[{"href":"https:\/\/store.evolve-fitness.eu\/es\/wp-json\/wp\/v2\/types\/product"}],"wp:featuredmedia":[{"embeddable":true,"href":"https:\/\/store.evolve-fitness.eu\/es\/wp-json\/wp\/v2\/media\/117496"}],"wp:attachment":[{"href":"https:\/\/store.evolve-fitness.eu\/es\/wp-json\/wp\/v2\/media?parent=105865"}],"wp:term":[{"taxonomy":"product_cat","embeddable":true,"href":"https:\/\/store.evolve-fitness.eu\/es\/wp-json\/wp\/v2\/product_cat?post=105865"},{"taxonomy":"product_tag","embeddable":true,"href":"https:\/\/store.evolve-fitness.eu\/es\/wp-json\/wp\/v2\/product_tag?post=105865"}],"curies":[{"name":"wp","href":"https:\/\/api.w.org\/{rel}","templated":true}]}}