{"id":105290,"date":"2025-02-10T12:44:41","date_gmt":"2025-02-10T12:44:41","guid":{"rendered":"https:\/\/store.evolve-fitness.eu\/?post_type=product&#038;p=105290"},"modified":"2026-03-18T12:00:39","modified_gmt":"2026-03-18T12:00:39","slug":"prensa-pectoral-inclinada-con-placa-evolve-prime-series-nuevo-modelo","status":"publish","type":"product","link":"https:\/\/store.evolve-fitness.eu\/es\/producto\/prensa-pectoral-inclinada-con-placa-evolve-prime-series-nuevo-modelo\/","title":{"rendered":"Prensa pectoral inclinada con placa Evolve Prime Series nuevo modelo"},"content":{"rendered":"\n<section class=\"wp-block-group alignfull black-content has-white-color has-darkgray-background-color has-text-color has-background is-layout-constrained wp-block-group-is-layout-constrained\" style=\"padding-top:var(--wp--preset--spacing--section-bottom);padding-bottom:var(--wp--preset--spacing--section-bottom)\">\n<h3 class=\"wp-block-heading has-text-align-center\"><strong><strong>EVOLVE SERIE PRIME CARGADA CON PLACAS<\/strong><\/strong><\/h3>\n\n\n\n<p>Con la serie Evolve Plate Loaded Prime, la excelencia es el est\u00e1ndar. Eleve su entrenamiento de fuerza con m\u00e1quinas dise\u00f1adas para ofrecer comodidad, durabilidad y rendimiento. Explore hoy mismo toda la l\u00ednea y redefina su camino hacia la forma f\u00edsica.  <\/p>\n\n\n\n<section class=\"wp-block-group alignfull black-content has-white-color has-darkgray-background-color has-text-color has-background is-layout-constrained wp-block-group-is-layout-constrained\" style=\"padding-top:var(--wp--preset--spacing--section-bottom);padding-bottom:var(--wp--preset--spacing--section-bottom)\">\n<div class=\"wp-block-columns alignwide mobile-reverse is-layout-flex wp-container-core-columns-is-layout-ca64bf2d wp-block-columns-is-layout-flex\" style=\"margin-bottom:var(--wp--preset--spacing--side-padding)\">\n<div class=\"wp-block-column is-vertically-aligned-center is-layout-flow wp-block-column-is-layout-flow\">\n<h3 class=\"wp-block-heading\" style=\"margin-bottom:var(--wp--preset--spacing--h-3-bottom)\"><strong><strong><strong>Entrenamientos eficaces para el pecho<\/strong><\/strong><\/strong><\/h3>\n\n\n\n<p><strong><em><strong>Compromiso muscular espec\u00edfico<\/strong><\/em><\/strong><\/p>\n\n\n\n<p style=\"margin-bottom:var(--wp--preset--spacing--tb-section-padding)\">La prensa pectoral con carga de placas Evolve Prime Series se dirige eficazmente al pecho, los hombros y los tr\u00edceps. Su sistema de ajuste f\u00e1cil de usar y sus componentes de color amarillo vibrante garantizan una configuraci\u00f3n y unas transiciones de ejercicio sencillas, ofreciendo una experiencia de entrenamiento vers\u00e1til. <\/p>\n\n\n\n<h3 class=\"wp-block-heading\" style=\"margin-bottom:var(--wp--preset--spacing--h-3-bottom)\"><strong><strong><strong><strong><strong>Caracter\u00edsticas de alta calidad<\/strong><\/strong><\/strong><\/strong><\/strong><\/h3>\n\n\n\n<p><strong><em>Durabilidad y eficiencia espacial<\/em><\/strong><\/p>\n\n\n\n<p>Fabricada con tejido resistente de alta calidad y herrajes de acero inoxidable, esta m\u00e1quina garantiza un uso duradero. La tecnolog\u00eda de pulverizaci\u00f3n electrost\u00e1tica de polvo termoendurecible proporciona un acabado duradero, manteniendo el aspecto del equipo.  Las clavijas integradas para guardar los platos de pesas mejoran la eficiencia del espacio, manteniendo organizada tu zona de entrenamiento.<\/p>\n<\/div>\n\n\n\n<div class=\"wp-block-column is-vertically-aligned-center is-layout-flow wp-block-column-is-layout-flow\">\n<figure class=\"wp-block-image size-large\"><img loading=\"lazy\" decoding=\"async\" width=\"1024\" height=\"1024\" src=\"https:\/\/store.evolve-fitness.eu\/wp-content\/uploads\/2025\/02\/EV-PL-PR-001-Evolve-Prime-Series-Plate-Loaded-Incline-Chest-Press-Recovered-1-1024x1024.png\" alt=\"\" class=\"wp-image-115156\" srcset=\"https:\/\/store.evolve-fitness.eu\/wp-content\/uploads\/2025\/02\/EV-PL-PR-001-Evolve-Prime-Series-Plate-Loaded-Incline-Chest-Press-Recovered-1-1024x1024.png 1024w, https:\/\/store.evolve-fitness.eu\/wp-content\/uploads\/2025\/02\/EV-PL-PR-001-Evolve-Prime-Series-Plate-Loaded-Incline-Chest-Press-Recovered-1-300x300.png 300w, https:\/\/store.evolve-fitness.eu\/wp-content\/uploads\/2025\/02\/EV-PL-PR-001-Evolve-Prime-Series-Plate-Loaded-Incline-Chest-Press-Recovered-1-150x150.png 150w, https:\/\/store.evolve-fitness.eu\/wp-content\/uploads\/2025\/02\/EV-PL-PR-001-Evolve-Prime-Series-Plate-Loaded-Incline-Chest-Press-Recovered-1-768x768.png 768w, https:\/\/store.evolve-fitness.eu\/wp-content\/uploads\/2025\/02\/EV-PL-PR-001-Evolve-Prime-Series-Plate-Loaded-Incline-Chest-Press-Recovered-1-1536x1536.png 1536w, https:\/\/store.evolve-fitness.eu\/wp-content\/uploads\/2025\/02\/EV-PL-PR-001-Evolve-Prime-Series-Plate-Loaded-Incline-Chest-Press-Recovered-1-2048x2048.png 2048w, https:\/\/store.evolve-fitness.eu\/wp-content\/uploads\/2025\/02\/EV-PL-PR-001-Evolve-Prime-Series-Plate-Loaded-Incline-Chest-Press-Recovered-1-600x600.png 600w, https:\/\/store.evolve-fitness.eu\/wp-content\/uploads\/2025\/02\/EV-PL-PR-001-Evolve-Prime-Series-Plate-Loaded-Incline-Chest-Press-Recovered-1-100x100.png 100w\" sizes=\"auto, (max-width: 1024px) 100vw, 1024px\" \/><\/figure>\n<\/div>\n<\/div>\n<\/section>\n<\/section>\n","protected":false},"excerpt":{"rendered":"<p>La prensa pectoral inclinada con carga de placas Evolve Prime Series (EV-PL-PR-001) es una m\u00e1quina de entrenamiento de fuerza de alto rendimiento dise\u00f1ada para mejorar el desarrollo de la parte superior del pecho con una resistencia controlada y cargada con placas. Dise\u00f1ada para ofrecer la m\u00e1xima estabilidad y eficacia biomec\u00e1nica, esta m\u00e1quina proporciona un movimiento de prensado suave y natural que act\u00faa eficazmente sobre los pectorales superiores, los hombros y los tr\u00edceps. Ideal para usuarios de todos los niveles de forma f\u00edsica, permite un aumento progresivo de la fuerza al tiempo que garantiza una forma adecuada y reduce la tensi\u00f3n articular. Tanto si tu objetivo es el crecimiento muscular, la resistencia o el entrenamiento de fuerza, esta prensa inclinada es imprescindible para cualquier rutina de entrenamiento seria.   <\/p>\n","protected":false},"featured_media":115154,"template":"","meta":{"_acf_changed":false,"inline_featured_image":false},"product_cat":[432,754,1207],"product_tag":[],"class_list":{"0":"post-105290","1":"product","2":"type-product","3":"status-publish","4":"has-post-thumbnail","6":"product_cat-pagina-de-inicio","7":"product_cat-maquinas-de-carga-de-placas","8":"product_cat-prime-series-placa-cargada","10":"first","11":"instock","12":"shipping-taxable","13":"purchasable","14":"product-type-simple"},"acf":[],"_links":{"self":[{"href":"https:\/\/store.evolve-fitness.eu\/es\/wp-json\/wp\/v2\/product\/105290","targetHints":{"allow":["GET"]}}],"collection":[{"href":"https:\/\/store.evolve-fitness.eu\/es\/wp-json\/wp\/v2\/product"}],"about":[{"href":"https:\/\/store.evolve-fitness.eu\/es\/wp-json\/wp\/v2\/types\/product"}],"wp:featuredmedia":[{"embeddable":true,"href":"https:\/\/store.evolve-fitness.eu\/es\/wp-json\/wp\/v2\/media\/115154"}],"wp:attachment":[{"href":"https:\/\/store.evolve-fitness.eu\/es\/wp-json\/wp\/v2\/media?parent=105290"}],"wp:term":[{"taxonomy":"product_cat","embeddable":true,"href":"https:\/\/store.evolve-fitness.eu\/es\/wp-json\/wp\/v2\/product_cat?post=105290"},{"taxonomy":"product_tag","embeddable":true,"href":"https:\/\/store.evolve-fitness.eu\/es\/wp-json\/wp\/v2\/product_tag?post=105290"}],"curies":[{"name":"wp","href":"https:\/\/api.w.org\/{rel}","templated":true}]}}