{"id":104736,"date":"2025-02-04T13:00:26","date_gmt":"2025-02-04T13:00:26","guid":{"rendered":"https:\/\/store.evolve-fitness.eu\/?post_type=product&#038;p=104736"},"modified":"2025-03-27T07:55:35","modified_gmt":"2025-03-27T07:55:35","slug":"saco-de-boxeo-evolve-anglebag-120-cm","status":"publish","type":"product","link":"https:\/\/store.evolve-fitness.eu\/es\/producto\/saco-de-boxeo-evolve-anglebag-120-cm\/","title":{"rendered":"Saco de boxeo Evolve Anglebag 120 CM"},"content":{"rendered":"\n<section class=\"wp-block-group alignfull has-lightgray-background-color has-background is-layout-constrained wp-block-group-is-layout-constrained\">\n<div class=\"wp-block-columns alignwide is-layout-flex wp-container-core-columns-is-layout-2edb0647 wp-block-columns-is-layout-flex\" style=\"margin-top:0;margin-bottom:0\">\n<div class=\"wp-block-column is-layout-flow wp-block-column-is-layout-flow\" style=\"flex-basis:33.33%\"><\/div>\n\n\n\n<div class=\"wp-block-column is-layout-flow wp-block-column-is-layout-flow\" style=\"flex-basis:66.66%\"><\/div>\n<\/div>\n<\/section>\n","protected":false},"excerpt":{"rendered":"<p>El exterior del saco de boxeo est\u00e1 hecho de cuero artificial de la mejor calidad, y el interior est\u00e1 relleno de tejido suave, gracias al cual el saco de boxeo absorbe perfectamente los golpes. Este saco de boxeo te permite entrenar los pu\u00f1etazos de cualquier forma: tanto pu\u00f1etazos angulados como rectos y estocadas. El di\u00e1metro del saco de boxeo es de 45 cm en la parte superior y de 25 cm en la inferior. Ideal para uso dom\u00e9stico o en el gimnasio.<\/p>\n","protected":false},"featured_media":104776,"template":"","meta":{"_acf_changed":false,"inline_featured_image":false},"product_cat":[432,574,576],"product_tag":[],"class_list":{"0":"post-104736","1":"product","2":"type-product","3":"status-publish","4":"has-post-thumbnail","6":"product_cat-pagina-de-inicio","7":"product_cat-transversal-y-funcional","8":"product_cat-equipamiento-funcional","10":"first","11":"outofstock","12":"shipping-taxable","13":"purchasable","14":"product-type-simple"},"acf":[],"_links":{"self":[{"href":"https:\/\/store.evolve-fitness.eu\/es\/wp-json\/wp\/v2\/product\/104736","targetHints":{"allow":["GET"]}}],"collection":[{"href":"https:\/\/store.evolve-fitness.eu\/es\/wp-json\/wp\/v2\/product"}],"about":[{"href":"https:\/\/store.evolve-fitness.eu\/es\/wp-json\/wp\/v2\/types\/product"}],"wp:featuredmedia":[{"embeddable":true,"href":"https:\/\/store.evolve-fitness.eu\/es\/wp-json\/wp\/v2\/media\/104776"}],"wp:attachment":[{"href":"https:\/\/store.evolve-fitness.eu\/es\/wp-json\/wp\/v2\/media?parent=104736"}],"wp:term":[{"taxonomy":"product_cat","embeddable":true,"href":"https:\/\/store.evolve-fitness.eu\/es\/wp-json\/wp\/v2\/product_cat?post=104736"},{"taxonomy":"product_tag","embeddable":true,"href":"https:\/\/store.evolve-fitness.eu\/es\/wp-json\/wp\/v2\/product_tag?post=104736"}],"curies":[{"name":"wp","href":"https:\/\/api.w.org\/{rel}","templated":true}]}}