{"id":103868,"date":"2025-01-21T13:32:11","date_gmt":"2025-01-21T13:32:11","guid":{"rendered":"https:\/\/store.evolve-fitness.eu\/?post_type=product&#038;p=103868"},"modified":"2026-04-01T12:01:25","modified_gmt":"2026-04-01T12:01:25","slug":"correa-de-fijacion-al-tobillo-evolve","status":"publish","type":"product","link":"https:\/\/store.evolve-fitness.eu\/es\/producto\/correa-de-fijacion-al-tobillo-evolve\/","title":{"rendered":"Correa de fijaci\u00f3n al tobillo Evolve"},"content":{"rendered":"\n<section class=\"wp-block-group alignfull black-content has-white-color has-darkgray-background-color has-text-color has-background is-layout-constrained wp-block-group-is-layout-constrained\" style=\"padding-top:var(--wp--preset--spacing--section-bottom);padding-bottom:var(--wp--preset--spacing--section-bottom)\">\n<h3 class=\"wp-block-heading has-text-align-center\" style=\"margin-bottom:var(--wp--preset--spacing--tb-section-padding)\">FICHA T\u00c9CNICA<\/h3>\n\n\n\n<div class=\"wp-block-columns alignwide mobile-reverse is-layout-flex wp-container-core-columns-is-layout-ca64bf2d wp-block-columns-is-layout-flex\" style=\"margin-bottom:var(--wp--preset--spacing--side-padding)\">\n<div class=\"wp-block-column is-layout-flow wp-block-column-is-layout-flow\">\n<figure class=\"wp-block-image aligncenter size-large is-style-rounded\"><img decoding=\"async\" src=\"https:\/\/evolve-fitness.eu\/wp-content\/uploads\/2025\/01\/EV-AC-GH-250-6-2-1024x683.jpg\" alt=\"\" class=\"wp-image-174480\"\/><\/figure>\n<\/div>\n<\/div>\n<\/section>\n\n<p><\/p>\n","protected":false},"excerpt":{"rendered":"<p>El accesorio de tobillera Evolve (EV-AC-GH-250) es una herramienta compacta pero muy eficaz, dise\u00f1ada para mejorar tus entrenamientos con m\u00e1quinas de cable. Fabricado para ofrecer comodidad y durabilidad, este vers\u00e1til accesorio permite realizar ejercicios espec\u00edficos para la parte inferior del cuerpo, por lo que resulta ideal para esculpir y fortalecer los m\u00fasculos de las piernas y los gl\u00fateos. Perfecto para usuarios de todos los niveles, es un accesorio imprescindible para tu entrenamiento funcional.<\/p>\n","protected":false},"featured_media":103908,"template":"","meta":{"_acf_changed":false,"inline_featured_image":false},"product_cat":[1139,725],"product_tag":[],"class_list":{"0":"post-103868","1":"product","2":"type-product","3":"status-publish","4":"has-post-thumbnail","6":"product_cat-maquinas-selectorizadas","7":"product_cat-accesorios-es","9":"first","10":"instock","11":"shipping-taxable","12":"purchasable","13":"product-type-simple"},"acf":[],"_links":{"self":[{"href":"https:\/\/store.evolve-fitness.eu\/es\/wp-json\/wp\/v2\/product\/103868","targetHints":{"allow":["GET"]}}],"collection":[{"href":"https:\/\/store.evolve-fitness.eu\/es\/wp-json\/wp\/v2\/product"}],"about":[{"href":"https:\/\/store.evolve-fitness.eu\/es\/wp-json\/wp\/v2\/types\/product"}],"wp:featuredmedia":[{"embeddable":true,"href":"https:\/\/store.evolve-fitness.eu\/es\/wp-json\/wp\/v2\/media\/103908"}],"wp:attachment":[{"href":"https:\/\/store.evolve-fitness.eu\/es\/wp-json\/wp\/v2\/media?parent=103868"}],"wp:term":[{"taxonomy":"product_cat","embeddable":true,"href":"https:\/\/store.evolve-fitness.eu\/es\/wp-json\/wp\/v2\/product_cat?post=103868"},{"taxonomy":"product_tag","embeddable":true,"href":"https:\/\/store.evolve-fitness.eu\/es\/wp-json\/wp\/v2\/product_tag?post=103868"}],"curies":[{"name":"wp","href":"https:\/\/api.w.org\/{rel}","templated":true}]}}