{"id":102949,"date":"2025-01-21T12:33:39","date_gmt":"2025-01-21T12:33:39","guid":{"rendered":"https:\/\/store.evolve-fitness.eu\/?post_type=product&#038;p=102949"},"modified":"2026-04-01T12:01:41","modified_gmt":"2026-04-01T12:01:41","slug":"placa-de-acero-evolve-powerlifting-025-kg-25-kg","status":"publish","type":"product","link":"https:\/\/store.evolve-fitness.eu\/es\/producto\/placa-de-acero-evolve-powerlifting-025-kg-25-kg\/","title":{"rendered":"Placa de acero Evolve Powerlifting 0,25 kg &#8211; 25 kg"},"content":{"rendered":"\n<section class=\"wp-block-group alignfull black-content has-white-color has-darkgray-background-color has-text-color has-background is-layout-constrained wp-block-group-is-layout-constrained\" style=\"padding-top:var(--wp--preset--spacing--section-bottom);padding-bottom:var(--wp--preset--spacing--section-bottom)\">\n<h3 class=\"wp-block-heading has-text-align-center\" style=\"margin-bottom:var(--wp--preset--spacing--tb-section-padding)\">FICHA T\u00c9CNICA<\/h3>\n\n\n\n<div class=\"wp-block-columns alignwide mobile-reverse is-layout-flex wp-container-core-columns-is-layout-ca64bf2d wp-block-columns-is-layout-flex\" style=\"margin-bottom:var(--wp--preset--spacing--side-padding)\">\n<div class=\"wp-block-column is-layout-flow wp-block-column-is-layout-flow\">\n<figure class=\"wp-block-image aligncenter size-large is-style-rounded\"><img decoding=\"async\" src=\"https:\/\/evolve-fitness.eu\/wp-content\/uploads\/2025\/01\/EV-WP-SP_card-1024x683.jpg\" alt=\"Placa de acero Evolve Powerlifting\" class=\"wp-image-174097\"\/><\/figure>\n<\/div>\n<\/div>\n\n\n\n<div class=\"wp-block-columns alignwide mobile-reverse is-layout-flex wp-container-core-columns-is-layout-ca64bf2d wp-block-columns-is-layout-flex\" style=\"margin-bottom:var(--wp--preset--spacing--side-padding)\">\n<div class=\"wp-block-column is-vertically-aligned-center is-layout-flow wp-block-column-is-layout-flow\">\n<h3 class=\"wp-block-heading\" style=\"margin-bottom:var(--wp--preset--spacing--h-3-bottom)\"><strong><strong><strong><strong><strong><strong>Construcci\u00f3n de acero de primera calidad<\/strong><\/strong><\/strong><\/strong><\/strong><\/strong><\/h3>\n\n\n\n<p><strong><em><strong><strong><strong><strong>Duradero y fiable para un rendimiento m\u00e1ximo<\/strong><\/strong><\/strong><\/strong><\/em><\/strong><\/p>\n\n\n\n<p style=\"margin-bottom:var(--wp--preset--spacing--tb-section-padding)\">La placa de acero para powerlifting Evolve est\u00e1 forjada en acero de alta calidad, lo que garantiza una durabilidad y longevidad excepcionales. Este robusto material est\u00e1 dise\u00f1ado para soportar las exigencias de intensas sesiones de powerlifting, ofreciendo una sensaci\u00f3n y un rendimiento constantes en cada levantamiento. <\/p>\n\n\n\n<h3 class=\"wp-block-heading\" style=\"margin-bottom:var(--wp--preset--spacing--h-3-bottom)\"><strong><strong><strong><strong><strong><strong><strong><strong>Dise\u00f1o elegante y funcional<\/strong><\/strong><\/strong><\/strong><\/strong><\/strong><\/strong><\/strong><\/h3>\n\n\n\n<p><strong><em><strong><strong><strong><strong><strong>Un aspecto profesional con una utilidad pr\u00e1ctica<\/strong><\/strong><\/strong><\/strong><\/strong><\/em><\/strong><\/p>\n\n\n\n<p>Con un dise\u00f1o compacto y minimalista, estas placas ofrecen una est\u00e9tica elegante y profesional adecuada para cualquier entorno de gimnasio. El acabado en acero pulido es a la vez elegante y resistente a la corrosi\u00f3n, manteniendo su atractivo visual y funcionalidad con el paso del tiempo. <\/p>\n<\/div>\n\n\n\n<div class=\"wp-block-column is-vertically-aligned-center is-layout-flow wp-block-column-is-layout-flow\">\n<figure class=\"wp-block-image size-full is-style-rounded\"><img decoding=\"async\" src=\"https:\/\/evolve-fitness.eu\/wp-content\/uploads\/2025\/01\/EV-WP-SP.png\" alt=\"\" class=\"wp-image-173356\" style=\"object-fit:cover\"\/><\/figure>\n<\/div>\n<\/div>\n\n\n\n<div class=\"wp-block-columns alignwide mobile-reverse is-layout-flex wp-container-core-columns-is-layout-ca64bf2d wp-block-columns-is-layout-flex\" style=\"margin-bottom:var(--wp--preset--spacing--side-padding)\">\n<div class=\"wp-block-column is-vertically-aligned-center is-layout-flow wp-block-column-is-layout-flow\">\n<figure class=\"wp-block-image size-full is-style-rounded\"><img decoding=\"async\" src=\"https:\/\/evolve-fitness.eu\/wp-content\/uploads\/2025\/01\/EV-WP-SP-1.jpg\" alt=\"Placa de acero Evolve Powerlifting\" class=\"wp-image-173888\" style=\"object-fit:cover\"\/><\/figure>\n<\/div>\n\n\n\n<div class=\"wp-block-column is-vertically-aligned-center is-layout-flow wp-block-column-is-layout-flow\">\n<h3 class=\"wp-block-heading\" style=\"margin-bottom:var(--wp--preset--spacing--h-3-bottom)\"><strong><strong><strong><strong><strong><strong><strong>Perfecto para aplicaciones de Powerlifting<\/strong><\/strong><\/strong><\/strong><\/strong><\/strong><\/strong><\/h3>\n\n\n\n<p><strong><em><strong><strong><strong><strong><strong>Adaptado para sesiones de levantamiento serias<\/strong><\/strong><\/strong><\/strong><\/strong><\/em><\/strong><\/p>\n\n\n\n<p style=\"margin-bottom:var(--wp--preset--spacing--tb-section-padding)\">Este plato est\u00e1 meticulosamente elaborado para ejercicios de levantamiento de potencia, incluidas sentadillas, peso muerto y press de banca. Su exactitud de peso calibrado garantiza la precisi\u00f3n en los levantamientos, ayudando a alcanzar los objetivos de fuerza con eficacia y seguridad. <\/p>\n\n\n\n<h3 class=\"wp-block-heading\" style=\"margin-bottom:var(--wp--preset--spacing--h-3-bottom)\"><strong><strong><strong><strong><strong><strong><strong><strong><strong>Ventajas de ahorro de espacio<\/strong><\/strong><\/strong><\/strong><\/strong><\/strong><\/strong><\/strong><\/strong><\/h3>\n\n\n\n<p><strong><em><strong><strong><strong><strong><strong><strong>Uso eficiente del espacio del gimnasio y de las barras de potencia<\/strong><\/strong><\/strong><\/strong><\/strong><\/strong><\/em><\/strong><\/p>\n\n\n\n<p>El delgado perfil de estas placas de acero permite la m\u00e1xima capacidad de carga en las barras de powerlifting, por lo que son perfectas para levantadores pesados. Su dise\u00f1o compacto tambi\u00e9n minimiza las necesidades de espacio de almacenamiento, garantizando que tu gimnasio permanezca organizado y libre de desorden. <\/p>\n<\/div>\n<\/div>\n<\/section>\n","protected":false},"excerpt":{"rendered":"<p>Las placas de acero Evolve Powerlifting (EV-WP-SP) est\u00e1n dise\u00f1adas con precisi\u00f3n para satisfacer las exigencias de un entrenamiento de fuerza serio. De 0,25 kg a 25 kg, estos platos est\u00e1n fabricados en acero de alta calidad para ofrecer durabilidad y precisi\u00f3n. Dise\u00f1ados para adaptarse a los mancuernas est\u00e1ndar, presentan un dise\u00f1o elegante y compacto que minimiza el volumen al tiempo que maximiza la densidad del peso. Perfectos para el entrenamiento progresivo y el levantamiento de cargas pesadas, estos platos son ideales para atletas de todos los niveles que se esfuerzan por alcanzar el m\u00e1ximo rendimiento.<\/p>\n","protected":false},"featured_media":103608,"template":"","meta":{"_acf_changed":false,"inline_featured_image":false},"product_cat":[432,983,1045],"product_tag":[],"class_list":{"0":"post-102949","1":"product","2":"type-product","3":"status-publish","4":"has-post-thumbnail","6":"product_cat-pagina-de-inicio","7":"product_cat-pesos-libres","8":"product_cat-platos-de-pesas","10":"first","11":"instock","12":"shipping-taxable","13":"purchasable","14":"product-type-variable"},"acf":[],"_links":{"self":[{"href":"https:\/\/store.evolve-fitness.eu\/es\/wp-json\/wp\/v2\/product\/102949","targetHints":{"allow":["GET"]}}],"collection":[{"href":"https:\/\/store.evolve-fitness.eu\/es\/wp-json\/wp\/v2\/product"}],"about":[{"href":"https:\/\/store.evolve-fitness.eu\/es\/wp-json\/wp\/v2\/types\/product"}],"wp:featuredmedia":[{"embeddable":true,"href":"https:\/\/store.evolve-fitness.eu\/es\/wp-json\/wp\/v2\/media\/103608"}],"wp:attachment":[{"href":"https:\/\/store.evolve-fitness.eu\/es\/wp-json\/wp\/v2\/media?parent=102949"}],"wp:term":[{"taxonomy":"product_cat","embeddable":true,"href":"https:\/\/store.evolve-fitness.eu\/es\/wp-json\/wp\/v2\/product_cat?post=102949"},{"taxonomy":"product_tag","embeddable":true,"href":"https:\/\/store.evolve-fitness.eu\/es\/wp-json\/wp\/v2\/product_tag?post=102949"}],"curies":[{"name":"wp","href":"https:\/\/api.w.org\/{rel}","templated":true}]}}