{"id":102537,"date":"2025-01-07T15:36:43","date_gmt":"2025-01-07T15:36:43","guid":{"rendered":"https:\/\/store.evolve-fitness.eu\/?post_type=product&#038;p=102537"},"modified":"2026-02-10T12:02:19","modified_gmt":"2026-02-10T12:02:19","slug":"evolve-ultra-series-1-pila-multigimnasio","status":"publish","type":"product","link":"https:\/\/store.evolve-fitness.eu\/es\/producto\/evolve-ultra-series-1-pila-multigimnasio\/","title":{"rendered":"Evolve Ultra Series 1 Pila Multigimnasio"},"content":{"rendered":"\n<section class=\"wp-block-group alignfull black-content has-white-color has-darkgray-background-color has-text-color has-background is-layout-constrained wp-block-group-is-layout-constrained\" style=\"padding-top:var(--wp--preset--spacing--section-bottom);padding-bottom:var(--wp--preset--spacing--section-bottom)\">\n<div class=\"wp-block-columns alignwide is-layout-flex wp-container-core-columns-is-layout-c45ee707 wp-block-columns-is-layout-flex\" style=\"margin-bottom:var(--wp--preset--spacing--side-padding);padding-top:var(--wp--preset--spacing--side-padding)\">\n<div class=\"wp-block-column is-vertically-aligned-center is-layout-flow wp-block-column-is-layout-flow\">\n<h3 class=\"wp-block-heading\"><strong>DOBLE RECUBRIMIENTO EN POLVO<\/strong><\/h3>\n\n\n\n<p><strong><em><strong><em>Recubrimiento electrost\u00e1tico en polvo<\/em><\/strong><\/em><\/strong><\/p>\n\n\n\n<p style=\"margin-bottom:var(--wp--preset--spacing--tb-section-padding)\">Las m\u00e1quinas de fuerza de la serie Evolve Ultra, con armaz\u00f3n recubierto de polvo electrost\u00e1tico negro perla mate, ejemplifican tanto la forma como la funci\u00f3n. Su atractivo est\u00e9tico se ve realzado por el acabado negro mate, mientras que sus caracter\u00edsticas pr\u00e1cticas, como la resistencia a la fricci\u00f3n, las propiedades anticorrosi\u00f3n y la resistencia a los ara\u00f1azos, garantizan que sea un compa\u00f1ero de fitness fiable y duradero.<\/p>\n\n\n\n<h3 class=\"wp-block-heading\" style=\"margin-bottom:var(--wp--preset--spacing--h-3-bottom)\">CONSERVE SU ESPACIO<\/h3>\n\n\n\n<p><strong><em><strong><em>Almohadillas de goma para proteger el suelo<\/em><\/strong><\/em><\/strong><\/p>\n\n\n\n<p>Mantenga un entorno de entrenamiento limpio y libre de da\u00f1os con las almohadillas de goma. Los propietarios de gimnasios son conscientes de la importancia de conservar sus suelos. Nuestras patas recubiertas de goma protegen el suelo de ara\u00f1azos y posibles da\u00f1os, lo que convierte a la serie Ultra en la elecci\u00f3n de los propietarios de gimnasios que desean proteger su espacio.<\/p>\n<\/div>\n\n\n\n<div class=\"wp-block-column is-vertically-aligned-center is-layout-flow wp-block-column-is-layout-flow\">\n<figure class=\"wp-block-image size-large\"><img decoding=\"async\" src=\"https:\/\/evolve-fitness.eu\/wp-content\/uploads\/2023\/08\/EV-SC-UL-240-14-683x1024.jpg\" alt=\"\" class=\"wp-image-167371\"\/><\/figure>\n<\/div>\n<\/div>\n\n\n\n<div class=\"wp-block-columns alignwide are-vertically-aligned-center mobile-reverse is-layout-flex wp-container-core-columns-is-layout-e8158c2f wp-block-columns-is-layout-flex\" style=\"padding-top:var(--wp--preset--spacing--side-padding)\">\n<div class=\"wp-block-column is-vertically-aligned-center is-layout-flow wp-block-column-is-layout-flow\">\n<figure class=\"wp-block-image size-large\"><img decoding=\"async\" src=\"https:\/\/evolve-fitness.eu\/wp-content\/uploads\/2023\/08\/ev-sc-ul-240-1-1024x683.jpg\" alt=\"\" class=\"wp-image-167346\"\/><\/figure>\n<\/div>\n\n\n\n<div class=\"wp-block-column is-vertically-aligned-center is-layout-flow wp-block-column-is-layout-flow\">\n<h3 class=\"wp-block-heading\" style=\"margin-bottom:var(--wp--preset--spacing--h-3-bottom)\"><strong>Empu\u00f1aduras \u00f3ptimas<\/strong><\/h3>\n\n\n\n<p><strong><em><strong><em>Elevar la experiencia del fitness<\/em><\/strong><\/em><\/strong><\/p>\n\n\n\n<p style=\"margin-bottom:var(--wp--preset--spacing--tb-section-padding)\">Atraer y retener clientes es esencial para los propietarios de gimnasios y gestores de instalaciones de fitness. La serie Evolve Ultra ofrece empu\u00f1aduras \u00f3ptimas, meticulosamente dise\u00f1adas para ofrecer comodidad y seguridad. Mejore la experiencia de entrenamiento de sus clientes, manteni\u00e9ndolos comprometidos y motivados para alcanzar sus objetivos de fitness en su centro.<\/p>\n\n\n\n<h3 class=\"wp-block-heading\" style=\"margin-bottom:var(--wp--preset--spacing--h-3-bottom)\">Seguridad y estilo<\/h3>\n\n\n\n<p><strong><em>Cubierta completa de la pila de pesas<\/em><\/strong><\/p>\n\n\n\n<p>Para los propietarios de gimnasios y empresarios del fitness, la seguridad y la est\u00e9tica son primordiales. La serie Evolve Ultra incorpora una cubierta de lastre totalmente cubierta, que combina a la perfecci\u00f3n seguridad y estilo. Al mejorar la seguridad y evitar accidentes al tiempo que mantiene limpio el espacio del gimnasio, esta cubierta es un complemento esencial para cualquier instalaci\u00f3n de fitness. Eleve el atractivo visual de su gimnasio al tiempo que prioriza la seguridad de sus clientes durante cada sesi\u00f3n de entrenamiento.<\/p>\n<\/div>\n<\/div>\n<\/section>\n","protected":false},"excerpt":{"rendered":"<p>El Multigimnasio Evolve Ultra Series 1 Stack (EV-SC-UL-012) es una soluci\u00f3n de fitness vers\u00e1til y compacta, dise\u00f1ada para proporcionar un entrenamiento de todo el cuerpo desde la comodidad de tu casa o gimnasio. Dise\u00f1ado para ser duradero y f\u00e1cil de usar, este multigimnasio se adapta a los entusiastas del fitness de todos los niveles, ofreciendo una variedad de ejercicios para trabajar eficazmente los principales grupos musculares. <\/p>\n","protected":false},"featured_media":102578,"template":"","meta":{"_acf_changed":false,"inline_featured_image":false},"product_cat":[432,1139,1221],"product_tag":[],"class_list":{"0":"post-102537","1":"product","2":"type-product","3":"status-publish","4":"has-post-thumbnail","6":"product_cat-pagina-de-inicio","7":"product_cat-maquinas-selectorizadas","8":"product_cat-maquinas-selectorizadas-ultra-series","10":"first","11":"instock","12":"shipping-taxable","13":"purchasable","14":"product-type-simple"},"acf":[],"_links":{"self":[{"href":"https:\/\/store.evolve-fitness.eu\/es\/wp-json\/wp\/v2\/product\/102537","targetHints":{"allow":["GET"]}}],"collection":[{"href":"https:\/\/store.evolve-fitness.eu\/es\/wp-json\/wp\/v2\/product"}],"about":[{"href":"https:\/\/store.evolve-fitness.eu\/es\/wp-json\/wp\/v2\/types\/product"}],"wp:featuredmedia":[{"embeddable":true,"href":"https:\/\/store.evolve-fitness.eu\/es\/wp-json\/wp\/v2\/media\/102578"}],"wp:attachment":[{"href":"https:\/\/store.evolve-fitness.eu\/es\/wp-json\/wp\/v2\/media?parent=102537"}],"wp:term":[{"taxonomy":"product_cat","embeddable":true,"href":"https:\/\/store.evolve-fitness.eu\/es\/wp-json\/wp\/v2\/product_cat?post=102537"},{"taxonomy":"product_tag","embeddable":true,"href":"https:\/\/store.evolve-fitness.eu\/es\/wp-json\/wp\/v2\/product_tag?post=102537"}],"curies":[{"name":"wp","href":"https:\/\/api.w.org\/{rel}","templated":true}]}}