{"id":102282,"date":"2025-01-07T13:40:04","date_gmt":"2025-01-07T13:40:04","guid":{"rendered":"https:\/\/store.evolve-fitness.eu\/?post_type=product&#038;p=102282"},"modified":"2026-02-06T12:04:57","modified_gmt":"2026-02-06T12:04:57","slug":"patada-trasera-selectorizada-evolve-serie-ultra","status":"publish","type":"product","link":"https:\/\/store.evolve-fitness.eu\/es\/producto\/patada-trasera-selectorizada-evolve-serie-ultra\/","title":{"rendered":"Patada trasera selectorizada Evolve Serie Ultra"},"content":{"rendered":"\n<section class=\"wp-block-group alignfull black-content has-white-color has-darkgray-background-color has-text-color has-background is-layout-constrained wp-block-group-is-layout-constrained\" style=\"padding-top:var(--wp--preset--spacing--section-bottom);padding-bottom:var(--wp--preset--spacing--section-bottom)\">\n<section class=\"wp-block-group alignfull black-content has-white-color has-darkgray-background-color has-text-color has-background is-layout-constrained wp-block-group-is-layout-constrained\" style=\"margin-bottom:0;padding-top:var(--wp--preset--spacing--tb-padding);padding-bottom:var(--wp--preset--spacing--tb-padding)\">\n<div class=\"wp-block-columns alignwide mobile-reverse is-layout-flex wp-container-core-columns-is-layout-7a02faa9 wp-block-columns-is-layout-flex\" style=\"margin-bottom:var(--wp--preset--spacing--tb-section-padding)\">\n<div class=\"wp-block-column is-vertically-aligned-center is-layout-flow wp-block-column-is-layout-flow\">\n<h3 class=\"wp-block-heading\" style=\"margin-bottom:var(--wp--preset--spacing--h-3-bottom)\"><strong><strong><strong><strong><strong><strong><strong><strong><strong>Entrenamiento centrado en la parte inferior del cuerpo<\/strong><\/strong><\/strong><\/strong><\/strong><\/strong><\/strong><\/strong><\/strong><\/h3>\n\n\n\n<p><strong><em><strong><strong><strong><strong><strong><strong>Fortalecer y esculpir gl\u00fateos e isquiotibiales<\/strong><\/strong><\/strong><\/strong><\/strong><\/strong><\/em><\/strong><\/p>\n\n\n\n<p>La <strong>Patada Trasera Selectorizada Evolve Serie Ultra<\/strong> est\u00e1 dise\u00f1ada para proporcionar una activaci\u00f3n espec\u00edfica de los gl\u00fateos y los isquiotibiales, ayudando a los usuarios a conseguir fuerza, tono y equilibrio en la parte inferior del cuerpo. Su resistencia ajustable permite una sobrecarga progresiva, asegurando una mejora continua a medida que avanza el nivel de forma f\u00edsica. El dise\u00f1o ergon\u00f3mico de la m\u00e1quina garantiza una alineaci\u00f3n adecuada y minimiza la tensi\u00f3n, permitiendo un entrenamiento seguro y eficaz. Tanto si se utiliza para aumentar el rendimiento atl\u00e9tico como para mejorar el tono muscular, la m\u00e1quina de Patada Trasera proporciona un entrenamiento eficaz y centrado de la parte inferior del cuerpo.   <\/p>\n<\/div>\n\n\n\n<div class=\"wp-block-column is-vertically-aligned-center is-layout-flow wp-block-column-is-layout-flow\">\n<figure class=\"wp-block-image size-full\"><img decoding=\"async\" src=\"https:\/\/evolve-fitness.eu\/wp-content\/uploads\/2025\/01\/EV-SC-UL-320-Evolve-Ultra-Series-Selectorized-Rear-Kick.png\" alt=\"EV-SC-UL-320\" class=\"wp-image-170812\"\/><\/figure>\n<\/div>\n<\/div>\n<\/section>\n<\/section>\n","protected":false},"excerpt":{"rendered":"<p>La Patada Trasera Selectorizada Evolve Serie Ultra (EV-SC-UL-320) es una m\u00e1quina imprescindible para cualquiera que se centre en desarrollar la fuerza y la tonificaci\u00f3n de la parte inferior del cuerpo. Dise\u00f1ada con ingenier\u00eda de precisi\u00f3n y pensando en la comodidad del usuario, esta m\u00e1quina ofrece movimientos suaves y controlados para trabajar eficazmente los gl\u00fateos y los isquiotibiales. Con resistencia ajustable y soporte ergon\u00f3mico, la m\u00e1quina de Patada Trasera es perfecta para usuarios de todos los niveles de forma f\u00edsica, lo que la convierte en un complemento esencial para cualquier gimnasio o espacio de entrenamiento dom\u00e9stico.  <\/p>\n","protected":false},"featured_media":102349,"template":"","meta":{"_acf_changed":false,"inline_featured_image":false},"product_cat":[432,1139,1221],"product_tag":[],"class_list":{"0":"post-102282","1":"product","2":"type-product","3":"status-publish","4":"has-post-thumbnail","6":"product_cat-pagina-de-inicio","7":"product_cat-maquinas-selectorizadas","8":"product_cat-maquinas-selectorizadas-ultra-series","10":"first","11":"instock","12":"shipping-taxable","13":"purchasable","14":"product-type-simple"},"acf":[],"_links":{"self":[{"href":"https:\/\/store.evolve-fitness.eu\/es\/wp-json\/wp\/v2\/product\/102282","targetHints":{"allow":["GET"]}}],"collection":[{"href":"https:\/\/store.evolve-fitness.eu\/es\/wp-json\/wp\/v2\/product"}],"about":[{"href":"https:\/\/store.evolve-fitness.eu\/es\/wp-json\/wp\/v2\/types\/product"}],"wp:featuredmedia":[{"embeddable":true,"href":"https:\/\/store.evolve-fitness.eu\/es\/wp-json\/wp\/v2\/media\/102349"}],"wp:attachment":[{"href":"https:\/\/store.evolve-fitness.eu\/es\/wp-json\/wp\/v2\/media?parent=102282"}],"wp:term":[{"taxonomy":"product_cat","embeddable":true,"href":"https:\/\/store.evolve-fitness.eu\/es\/wp-json\/wp\/v2\/product_cat?post=102282"},{"taxonomy":"product_tag","embeddable":true,"href":"https:\/\/store.evolve-fitness.eu\/es\/wp-json\/wp\/v2\/product_tag?post=102282"}],"curies":[{"name":"wp","href":"https:\/\/api.w.org\/{rel}","templated":true}]}}