{"id":102232,"date":"2025-01-07T13:33:57","date_gmt":"2025-01-07T13:33:57","guid":{"rendered":"https:\/\/store.evolve-fitness.eu\/?post_type=product&#038;p=102232"},"modified":"2025-12-30T12:00:24","modified_gmt":"2025-12-30T12:00:24","slug":"curl-de-biceps-iso-lateral-selectorizado-evolve-serie-ultra","status":"publish","type":"product","link":"https:\/\/store.evolve-fitness.eu\/es\/producto\/curl-de-biceps-iso-lateral-selectorizado-evolve-serie-ultra\/","title":{"rendered":"Curl de b\u00edceps iso-lateral selectorizado Evolve Serie Ultra"},"content":{"rendered":"\n<section class=\"wp-block-group alignfull black-content has-white-color has-darkgray-background-color has-text-color has-background is-layout-constrained wp-block-group-is-layout-constrained\" style=\"padding-top:var(--wp--preset--spacing--section-bottom);padding-bottom:var(--wp--preset--spacing--section-bottom)\">\n<section class=\"wp-block-group alignfull black-content has-white-color has-darkgray-background-color has-text-color has-background is-layout-constrained wp-block-group-is-layout-constrained\" style=\"margin-bottom:0;padding-top:var(--wp--preset--spacing--tb-padding);padding-bottom:var(--wp--preset--spacing--tb-padding)\">\n<div class=\"wp-block-columns alignwide mobile-reverse is-layout-flex wp-container-core-columns-is-layout-7a02faa9 wp-block-columns-is-layout-flex\" style=\"margin-bottom:var(--wp--preset--spacing--tb-section-padding)\">\n<div class=\"wp-block-column is-vertically-aligned-center is-layout-flow wp-block-column-is-layout-flow\">\n<h3 class=\"wp-block-heading\" style=\"margin-bottom:var(--wp--preset--spacing--h-3-bottom)\"><strong><strong><strong><strong><strong><strong><strong><strong><strong>Entrenamiento de precisi\u00f3n del brazo<\/strong><\/strong><\/strong><\/strong><\/strong><\/strong><\/strong><\/strong><\/strong><\/h3>\n\n\n\n<p><strong><em><strong><strong><strong><strong><strong><strong>A\u00edsla y construye b\u00edceps con movimientos controlados<\/strong><\/strong><\/strong><\/strong><\/strong><\/strong><\/em><\/strong><\/p>\n\n\n\n<p>El <strong>Curl de b\u00edceps isolateral selectorizado de la serie Evolve Ultra<\/strong> est\u00e1 dise\u00f1ado para proporcionar una activaci\u00f3n espec\u00edfica de los m\u00fasculos b\u00edceps, garantizando un compromiso y un crecimiento \u00f3ptimos. Su dise\u00f1o de movimiento independiente de los brazos promueve un desarrollo equilibrado, permitiendo que cada brazo trabaje de forma independiente para mejorar la simetr\u00eda muscular. La resistencia ajustable garantiza la adecuaci\u00f3n a todos los niveles de forma f\u00edsica, mientras que el dise\u00f1o ergon\u00f3mico favorece una alineaci\u00f3n correcta y minimiza la tensi\u00f3n en las articulaciones. Perfecta para desarrollar la fuerza, aumentar la definici\u00f3n y mejorar la est\u00e9tica de los brazos, esta m\u00e1quina es una herramienta esencial para un entrenamiento eficaz de la parte superior del cuerpo.   <\/p>\n<\/div>\n\n\n\n<div class=\"wp-block-column is-vertically-aligned-center is-layout-flow wp-block-column-is-layout-flow\">\n<figure class=\"wp-block-image size-full\"><img decoding=\"async\" src=\"https:\/\/evolve-fitness.eu\/wp-content\/uploads\/2025\/01\/EV-SC-UL-310-Evolve-Ultra-Series-Selectorized-Iso-Lateral-Biceps-Curl.png\" alt=\"EV-SC-UL-310\" class=\"wp-image-170787\"\/><\/figure>\n<\/div>\n<\/div>\n\n\n\n<div class=\"wp-block-columns alignwide mobile-reverse is-layout-flex wp-container-core-columns-is-layout-ca64bf2d wp-block-columns-is-layout-flex\" style=\"margin-bottom:var(--wp--preset--spacing--side-padding)\">\n<div class=\"wp-block-column is-vertically-aligned-center is-layout-flow wp-block-column-is-layout-flow\"><\/div>\n<\/div>\n<\/section>\n<\/section>\n","protected":false},"excerpt":{"rendered":"<p>El Curl de b\u00edceps isolateral selectorizado de la serie Evolve Ultra (EV-SC-UL-310) es una m\u00e1quina de fitness de primera calidad dise\u00f1ada para proporcionar un entrenamiento preciso y eficaz de los b\u00edceps. Construida para ofrecer durabilidad y un rendimiento suave, esta m\u00e1quina permite a los usuarios aislar y fortalecer los m\u00fasculos de los brazos con movimientos controlados y equilibrados. Tanto si eres un principiante como un atleta avanzado, el Curl de b\u00edceps isolateral es perfecto para conseguir simetr\u00eda muscular, aumentar la fuerza y afinar la definici\u00f3n de los brazos.  <\/p>\n","protected":false},"featured_media":102273,"template":"","meta":{"_acf_changed":false,"inline_featured_image":false},"product_cat":[432,1139,1221],"product_tag":[],"class_list":{"0":"post-102232","1":"product","2":"type-product","3":"status-publish","4":"has-post-thumbnail","6":"product_cat-pagina-de-inicio","7":"product_cat-maquinas-selectorizadas","8":"product_cat-maquinas-selectorizadas-ultra-series","10":"first","11":"instock","12":"shipping-taxable","13":"purchasable","14":"product-type-simple"},"acf":[],"_links":{"self":[{"href":"https:\/\/store.evolve-fitness.eu\/es\/wp-json\/wp\/v2\/product\/102232","targetHints":{"allow":["GET"]}}],"collection":[{"href":"https:\/\/store.evolve-fitness.eu\/es\/wp-json\/wp\/v2\/product"}],"about":[{"href":"https:\/\/store.evolve-fitness.eu\/es\/wp-json\/wp\/v2\/types\/product"}],"wp:featuredmedia":[{"embeddable":true,"href":"https:\/\/store.evolve-fitness.eu\/es\/wp-json\/wp\/v2\/media\/102273"}],"wp:attachment":[{"href":"https:\/\/store.evolve-fitness.eu\/es\/wp-json\/wp\/v2\/media?parent=102232"}],"wp:term":[{"taxonomy":"product_cat","embeddable":true,"href":"https:\/\/store.evolve-fitness.eu\/es\/wp-json\/wp\/v2\/product_cat?post=102232"},{"taxonomy":"product_tag","embeddable":true,"href":"https:\/\/store.evolve-fitness.eu\/es\/wp-json\/wp\/v2\/product_tag?post=102232"}],"curies":[{"name":"wp","href":"https:\/\/api.w.org\/{rel}","templated":true}]}}