{"id":102083,"date":"2025-01-07T13:14:34","date_gmt":"2025-01-07T13:14:34","guid":{"rendered":"https:\/\/store.evolve-fitness.eu\/?post_type=product&#038;p=102083"},"modified":"2025-09-25T12:48:57","modified_gmt":"2025-09-25T12:48:57","slug":"evolve-ultra-series-placa-cargada-pec-fly","status":"publish","type":"product","link":"https:\/\/store.evolve-fitness.eu\/es\/producto\/evolve-ultra-series-placa-cargada-pec-fly\/","title":{"rendered":"Evolve Ultra Series Placa cargada Pec Fly"},"content":{"rendered":"\n<section class=\"wp-block-group alignfull black-content has-white-color has-darkgray-background-color has-text-color has-background is-layout-constrained wp-block-group-is-layout-constrained\" style=\"padding-top:var(--wp--preset--spacing--section-bottom);padding-bottom:var(--wp--preset--spacing--section-bottom)\">\n<section class=\"wp-block-group alignfull black-content has-white-color has-darkgray-background-color has-text-color has-background is-layout-constrained wp-block-group-is-layout-constrained\" style=\"margin-bottom:0;padding-top:var(--wp--preset--spacing--tb-padding);padding-bottom:var(--wp--preset--spacing--tb-padding)\">\n<div class=\"wp-block-columns alignwide mobile-reverse is-layout-flex wp-container-core-columns-is-layout-7a02faa9 wp-block-columns-is-layout-flex\" style=\"margin-bottom:var(--wp--preset--spacing--tb-section-padding)\">\n<div class=\"wp-block-column is-vertically-aligned-center is-layout-flow wp-block-column-is-layout-flow\">\n<h3 class=\"wp-block-heading\" style=\"margin-bottom:var(--wp--preset--spacing--h-3-bottom)\"><strong><strong><strong><strong><strong><strong><strong><strong><strong>Aislamiento tor\u00e1cico de precisi\u00f3n<\/strong><\/strong><\/strong><\/strong><\/strong><\/strong><\/strong><\/strong><\/strong><\/h3>\n\n\n\n<p><strong><em><strong><strong><strong><strong><strong><strong>Mayor fuerza y definici\u00f3n muscular<\/strong><\/strong><\/strong><\/strong><\/strong><\/strong><\/em><\/strong><\/p>\n\n\n\n<p>La <strong>m\u00e1quina Evolve Ultra Series Pec Fly cargada con placas<\/strong> est\u00e1 dise\u00f1ada por expertos para proporcionar una activaci\u00f3n espec\u00edfica de los m\u00fasculos pectorales, lo que proporciona un enfoque sin precedentes en el desarrollo del pecho. Al guiar los brazos a trav\u00e9s de un movimiento de arco controlado, esta m\u00e1quina a\u00edsla los m\u00fasculos pectorales internos y externos para lograr un crecimiento equilibrado y una mejor definici\u00f3n. El trabajo secundario de los hombros y los brazos garantiza un entrenamiento completo de la parte superior del cuerpo. Con su dise\u00f1o ergon\u00f3mico y sus ajustes regulables, los usuarios de todos los niveles de forma f\u00edsica pueden conseguir una forma y alineaci\u00f3n adecuadas, maximizando la eficacia de cada repetici\u00f3n. Tanto para aumentar la fuerza como para mejorar el tono muscular, el Pec Fly es una herramienta esencial para conseguir una parte superior del cuerpo esculpida.    <\/p>\n<\/div>\n\n\n\n<div class=\"wp-block-column is-vertically-aligned-center is-layout-flow wp-block-column-is-layout-flow\">\n<figure class=\"wp-block-image size-full\"><img decoding=\"async\" src=\"https:\/\/evolve-fitness.eu\/wp-content\/uploads\/2025\/01\/EV-PL-UL-490-Evolve-Ultra-Series-Plate-Loaded-Pec-Fly.png\" alt=\"EV-PL-UL-490\" class=\"wp-image-170653\"\/><\/figure>\n<\/div>\n<\/div>\n\n\n\n<div class=\"wp-block-columns alignwide mobile-reverse is-layout-flex wp-container-core-columns-is-layout-ca64bf2d wp-block-columns-is-layout-flex\" style=\"margin-bottom:var(--wp--preset--spacing--side-padding)\">\n<div class=\"wp-block-column is-vertically-aligned-center is-layout-flow wp-block-column-is-layout-flow\"><\/div>\n<\/div>\n<\/section>\n<\/section>\n","protected":false},"excerpt":{"rendered":"<p>El elevador de pectorales con carga de placas Evolve Ultra Series (EV-PL-UL-490) es un complemento de primer nivel para cualquier entusiasta del fitness o propietario de un gimnasio. Dise\u00f1ado con precisi\u00f3n y fabricado para durar, este aparato proporciona una experiencia de entrenamiento de fuerza excepcional. Tanto si eres un levantador experimentado como si acabas de iniciar tu andadura en el mundo del fitness, la Pec Fly est\u00e1 dise\u00f1ada para ayudarte a aislar y desarrollar los m\u00fasculos pectorales con facilidad y eficacia, lo que la convierte en una herramienta esencial para alcanzar tus objetivos de fitness de la parte superior del cuerpo.  <\/p>\n","protected":false},"featured_media":102123,"template":"","meta":{"_acf_changed":false,"inline_featured_image":false},"product_cat":[432,754,755],"product_tag":[],"class_list":{"0":"post-102083","1":"product","2":"type-product","3":"status-publish","4":"has-post-thumbnail","6":"product_cat-pagina-de-inicio","7":"product_cat-maquinas-de-carga-de-placas","8":"product_cat-ultra-series-placa-cargada","10":"first","11":"instock","12":"shipping-taxable","13":"purchasable","14":"product-type-simple"},"acf":[],"_links":{"self":[{"href":"https:\/\/store.evolve-fitness.eu\/es\/wp-json\/wp\/v2\/product\/102083","targetHints":{"allow":["GET"]}}],"collection":[{"href":"https:\/\/store.evolve-fitness.eu\/es\/wp-json\/wp\/v2\/product"}],"about":[{"href":"https:\/\/store.evolve-fitness.eu\/es\/wp-json\/wp\/v2\/types\/product"}],"wp:featuredmedia":[{"embeddable":true,"href":"https:\/\/store.evolve-fitness.eu\/es\/wp-json\/wp\/v2\/media\/102123"}],"wp:attachment":[{"href":"https:\/\/store.evolve-fitness.eu\/es\/wp-json\/wp\/v2\/media?parent=102083"}],"wp:term":[{"taxonomy":"product_cat","embeddable":true,"href":"https:\/\/store.evolve-fitness.eu\/es\/wp-json\/wp\/v2\/product_cat?post=102083"},{"taxonomy":"product_tag","embeddable":true,"href":"https:\/\/store.evolve-fitness.eu\/es\/wp-json\/wp\/v2\/product_tag?post=102083"}],"curies":[{"name":"wp","href":"https:\/\/api.w.org\/{rel}","templated":true}]}}