{"id":101791,"date":"2024-12-16T08:54:50","date_gmt":"2024-12-16T08:54:50","guid":{"rendered":"https:\/\/store.evolve-fitness.eu\/?post_type=product&#038;p=101791"},"modified":"2025-01-08T13:06:20","modified_gmt":"2025-01-08T13:06:20","slug":"evolve-cesped-artificial","status":"publish","type":"product","link":"https:\/\/store.evolve-fitness.eu\/es\/producto\/evolve-cesped-artificial\/","title":{"rendered":"Evolve C\u00e9sped Artificial"},"content":{"rendered":"\n<section class=\"wp-block-group alignfull black-content has-white-color has-darkgray-background-color has-text-color has-background is-layout-constrained wp-block-group-is-layout-constrained\" style=\"padding-top:var(--wp--preset--spacing--section-bottom);padding-bottom:var(--wp--preset--spacing--section-bottom)\">\n<div class=\"wp-block-columns alignwide is-layout-flex wp-container-core-columns-is-layout-c45ee707 wp-block-columns-is-layout-flex\" style=\"margin-bottom:var(--wp--preset--spacing--side-padding);padding-top:var(--wp--preset--spacing--side-padding)\">\n<div class=\"wp-block-column is-vertically-aligned-center is-layout-flow wp-block-column-is-layout-flow\">\n<h3 class=\"wp-block-heading\"><strong>C\u00e9sped artificial vers\u00e1til para interior y exterior<\/strong><\/h3>\n\n\n\n<p><strong><em><strong><em>Durabilidad y rendimiento para cualquier espacio de fitness<\/em><\/strong><\/em><\/strong><\/p>\n\n\n\n<p style=\"margin-bottom:var(--wp--preset--spacing--tb-section-padding)\">El C\u00e9sped Artificial Evolve es la soluci\u00f3n ideal para crear zonas de entrenamiento vers\u00e1tiles, tanto en interiores como en exteriores. Dise\u00f1ado para ser duradero y funcional, este c\u00e9sped ofrece una superficie antideslizante y amortiguada que soporta entrenamientos de alta intensidad, empujes de trineo y ejercicios de agilidad. Su dise\u00f1o de bajo mantenimiento resiste el desgaste, mientras que la textura natural similar a la hierba proporciona una sensaci\u00f3n aut\u00e9ntica para los entusiastas del deporte y el fitness. Perfecto para gimnasios, instalaciones de entrenamiento o espacios al aire libre, el c\u00e9sped artificial Evolve garantiza rendimiento, comodidad y fiabilidad en cada entrenamiento.   <\/p>\n\n\n\n<h3 class=\"wp-block-heading\"><strong>Superficie de entrenamiento personalizable y c\u00f3moda<\/strong><\/h3>\n\n\n\n<p><strong><em><strong><em>Dise\u00f1o personalizado con mayor comodidad y estilo<\/em><\/strong><\/em><\/strong><\/p>\n\n\n\n<p style=\"margin-bottom:var(--wp--preset--spacing--tb-section-padding)\">El C\u00e9sped Artificial Evolve combina funcionalidad con est\u00e9tica, ofreciendo opciones de personalizaci\u00f3n total, incluidos logotipos, l\u00edneas y n\u00fameros, para crear una superficie de entrenamiento a la medida de tus necesidades. Con una capa de goma de 5 mm integrada en sus 20 mm de grosor total, este c\u00e9sped ofrece una amortiguaci\u00f3n superior y una sensaci\u00f3n m\u00e1s c\u00f3moda para los pies, reduciendo la fatiga durante las sesiones de entrenamiento intenso. M\u00e1s all\u00e1 del rendimiento, los bellos dibujos elevan el c\u00e9sped a una pieza central decorativa, realzando el atractivo visual de cualquier gimnasio o estudio personal.  <\/p>\n<\/div>\n\n\n\n<div class=\"wp-block-column is-vertically-aligned-center is-layout-flow wp-block-column-is-layout-flow\">\n<figure class=\"wp-block-image size-full\"><img decoding=\"async\" src=\"https:\/\/evolve-fitness.eu\/wp-content\/uploads\/2024\/12\/turf.jpg\" alt=\"EV-AT-CS-20\" class=\"wp-image-171269\"\/><\/figure>\n<\/div>\n<\/div>\n<\/section>\n","protected":false},"excerpt":{"rendered":"<p>Transforma tu gimnasio o zona de entrenamiento con el c\u00e9sped artificial Evolve, la soluci\u00f3n perfecta para crear una superficie de entrenamiento duradera, funcional y visualmente impactante. Dise\u00f1ado para soportar entrenamientos intensos y mucho tr\u00e1fico, este c\u00e9sped de primera calidad proporciona una excelente tracci\u00f3n, amortiguaci\u00f3n y versatilidad para una amplia gama de ejercicios. Tanto si est\u00e1s creando una pista de sprint, una zona de empuje de trineos o un \u00e1rea de fitness polivalente, el c\u00e9sped artificial Evolve est\u00e1 dise\u00f1ado para elevar el rendimiento y la est\u00e9tica.<\/p>\n","protected":false},"featured_media":101832,"template":"","meta":{"_acf_changed":false,"inline_featured_image":false},"product_cat":[432,844,846],"product_tag":[],"class_list":{"0":"post-101791","1":"product","2":"type-product","3":"status-publish","4":"has-post-thumbnail","6":"product_cat-pagina-de-inicio","7":"product_cat-plataformas-y-suelos","8":"product_cat-suelos","10":"first","11":"outofstock","12":"shipping-taxable","13":"purchasable","14":"product-type-simple"},"acf":[],"_links":{"self":[{"href":"https:\/\/store.evolve-fitness.eu\/es\/wp-json\/wp\/v2\/product\/101791","targetHints":{"allow":["GET"]}}],"collection":[{"href":"https:\/\/store.evolve-fitness.eu\/es\/wp-json\/wp\/v2\/product"}],"about":[{"href":"https:\/\/store.evolve-fitness.eu\/es\/wp-json\/wp\/v2\/types\/product"}],"wp:featuredmedia":[{"embeddable":true,"href":"https:\/\/store.evolve-fitness.eu\/es\/wp-json\/wp\/v2\/media\/101832"}],"wp:attachment":[{"href":"https:\/\/store.evolve-fitness.eu\/es\/wp-json\/wp\/v2\/media?parent=101791"}],"wp:term":[{"taxonomy":"product_cat","embeddable":true,"href":"https:\/\/store.evolve-fitness.eu\/es\/wp-json\/wp\/v2\/product_cat?post=101791"},{"taxonomy":"product_tag","embeddable":true,"href":"https:\/\/store.evolve-fitness.eu\/es\/wp-json\/wp\/v2\/product_tag?post=101791"}],"curies":[{"name":"wp","href":"https:\/\/api.w.org\/{rel}","templated":true}]}}