{"id":101766,"date":"2024-12-13T12:59:40","date_gmt":"2024-12-13T12:59:40","guid":{"rendered":"https:\/\/store.evolve-fitness.eu\/?post_type=product&#038;p=101766"},"modified":"2026-03-13T12:01:43","modified_gmt":"2026-03-13T12:01:43","slug":"cinturon-de-yoga-evolve","status":"publish","type":"product","link":"https:\/\/store.evolve-fitness.eu\/es\/producto\/cinturon-de-yoga-evolve\/","title":{"rendered":"Cintur\u00f3n de Yoga Evolve"},"content":{"rendered":"\n<p><\/p>\n\n\n\n<p><\/p>\n","protected":false},"excerpt":{"rendered":"<p>El Cintur\u00f3n de Yoga Evolve, un accesorio esencial para mejorar la flexibilidad, la alineaci\u00f3n y la t\u00e9cnica. Dise\u00f1ado para ayudar a yoguis de todos los niveles, este cintur\u00f3n duradero y ajustable te ayuda a profundizar en los estiramientos, mantener posturas dif\u00edciles y perfeccionar tu postura de forma segura. Tanto si est\u00e1s trabajando para mejorar tu flexibilidad como si necesitas ayuda adicional con asanas espec\u00edficas, el Cintur\u00f3n de Yoga Evolve es una herramienta fiable y vers\u00e1til para mejorar tu pr\u00e1ctica.    <\/p>\n<p>\n","protected":false},"featured_media":123669,"template":"","meta":{"_acf_changed":false,"inline_featured_image":false},"product_cat":[536],"product_tag":[],"class_list":{"0":"post-101766","1":"product","2":"type-product","3":"status-publish","4":"has-post-thumbnail","6":"product_cat-estudio-es","8":"first","9":"instock","10":"shipping-taxable","11":"purchasable","12":"product-type-simple"},"acf":[],"_links":{"self":[{"href":"https:\/\/store.evolve-fitness.eu\/es\/wp-json\/wp\/v2\/product\/101766","targetHints":{"allow":["GET"]}}],"collection":[{"href":"https:\/\/store.evolve-fitness.eu\/es\/wp-json\/wp\/v2\/product"}],"about":[{"href":"https:\/\/store.evolve-fitness.eu\/es\/wp-json\/wp\/v2\/types\/product"}],"wp:featuredmedia":[{"embeddable":true,"href":"https:\/\/store.evolve-fitness.eu\/es\/wp-json\/wp\/v2\/media\/123669"}],"wp:attachment":[{"href":"https:\/\/store.evolve-fitness.eu\/es\/wp-json\/wp\/v2\/media?parent=101766"}],"wp:term":[{"taxonomy":"product_cat","embeddable":true,"href":"https:\/\/store.evolve-fitness.eu\/es\/wp-json\/wp\/v2\/product_cat?post=101766"},{"taxonomy":"product_tag","embeddable":true,"href":"https:\/\/store.evolve-fitness.eu\/es\/wp-json\/wp\/v2\/product_tag?post=101766"}],"curies":[{"name":"wp","href":"https:\/\/api.w.org\/{rel}","templated":true}]}}