{"id":100466,"date":"2024-12-13T07:10:55","date_gmt":"2024-12-13T07:10:55","guid":{"rendered":"https:\/\/store.evolve-fitness.eu\/?post_type=product&#038;p=100466"},"modified":"2026-03-13T12:01:41","modified_gmt":"2026-03-13T12:01:41","slug":"bloque-de-yoga-evolve","status":"publish","type":"product","link":"https:\/\/store.evolve-fitness.eu\/es\/producto\/bloque-de-yoga-evolve\/","title":{"rendered":"Bloque de Yoga Evolve"},"content":{"rendered":"\n<p> <mark style=\"background-color:rgba(0, 0, 0, 0);color:#ffffff\" class=\"has-inline-color\">ASD<\/mark><\/p>\n\n<p><\/p>\n","protected":false},"excerpt":{"rendered":"<p>Mejora tu pr\u00e1ctica de yoga con el Bloque de Yoga Evolve, un accesorio imprescindible para yoguis de todos los niveles. Fabricado para ofrecer estabilidad y apoyo, este bloque ligero pero duradero te ayuda a conseguir una alineaci\u00f3n correcta, profundizar en los estiramientos y aumentar la confianza en tus posturas. Tanto si est\u00e1s perfeccionando una postura f\u00edsica desafiante como si necesitas apoyo adicional durante las posturas restaurativas, el Bloque de Yoga Evolve es tu herramienta de confianza. Su superficie antideslizante y su dise\u00f1o robusto garantizan comodidad y seguridad.     <\/p>\n<p>\n","protected":false},"featured_media":100506,"template":"","meta":{"_acf_changed":false,"inline_featured_image":false},"product_cat":[536],"product_tag":[],"class_list":{"0":"post-100466","1":"product","2":"type-product","3":"status-publish","4":"has-post-thumbnail","6":"product_cat-estudio-es","8":"first","9":"instock","10":"shipping-taxable","11":"purchasable","12":"product-type-simple"},"acf":[],"_links":{"self":[{"href":"https:\/\/store.evolve-fitness.eu\/es\/wp-json\/wp\/v2\/product\/100466","targetHints":{"allow":["GET"]}}],"collection":[{"href":"https:\/\/store.evolve-fitness.eu\/es\/wp-json\/wp\/v2\/product"}],"about":[{"href":"https:\/\/store.evolve-fitness.eu\/es\/wp-json\/wp\/v2\/types\/product"}],"wp:featuredmedia":[{"embeddable":true,"href":"https:\/\/store.evolve-fitness.eu\/es\/wp-json\/wp\/v2\/media\/100506"}],"wp:attachment":[{"href":"https:\/\/store.evolve-fitness.eu\/es\/wp-json\/wp\/v2\/media?parent=100466"}],"wp:term":[{"taxonomy":"product_cat","embeddable":true,"href":"https:\/\/store.evolve-fitness.eu\/es\/wp-json\/wp\/v2\/product_cat?post=100466"},{"taxonomy":"product_tag","embeddable":true,"href":"https:\/\/store.evolve-fitness.eu\/es\/wp-json\/wp\/v2\/product_tag?post=100466"}],"curies":[{"name":"wp","href":"https:\/\/api.w.org\/{rel}","templated":true}]}}